{"id":1713,"date":"2025-04-17T11:39:36","date_gmt":"2025-04-17T11:39:36","guid":{"rendered":"https:\/\/vikory.com\/faqs\/"},"modified":"2025-06-21T16:38:29","modified_gmt":"2025-06-21T11:08:29","slug":"faq","status":"publish","type":"page","link":"https:\/\/vikory.com\/de\/faq\/","title":{"rendered":"FAQ"},"content":{"rendered":"<p>[et_pb_section fb_built=&#8220;1&#8243; _builder_version=&#8220;4.27.4&#8243; _module_preset=&#8220;default&#8220; custom_padding=&#8220;||3px|||&#8220; locked=&#8220;off&#8220; global_colors_info=&#8220;{}&#8220;][et_pb_row _builder_version=&#8220;4.27.4&#8243; _module_preset=&#8220;default&#8220; global_colors_info=&#8220;{}&#8220;][et_pb_column type=&#8220;4_4&#8243; _builder_version=&#8220;4.27.4&#8243; _module_preset=&#8220;default&#8220; global_colors_info=&#8220;{}&#8220;][et_pb_heading title=&#8220;H\u00e4ufig gestellte Fragen (FAQ)&#8220; _builder_version=&#8220;4.27.4&#8243; _module_preset=&#8220;default&#8220; title_text_align=&#8220;center&#8220; title_font_size=&#8220;50px&#8220; title_font_size_tablet=&#8220;50px&#8220; title_font_size_phone=&#8220;40px&#8220; title_font_size_last_edited=&#8220;on|phone&#8220; global_colors_info=&#8220;{}&#8220;][\/et_pb_heading][\/et_pb_column][\/et_pb_row][et_pb_row _builder_version=&#8220;4.27.4&#8243; _module_preset=&#8220;default&#8220; global_colors_info=&#8220;{}&#8220;][et_pb_column type=&#8220;4_4&#8243; _builder_version=&#8220;4.27.4&#8243; _module_preset=&#8220;default&#8220; global_colors_info=&#8220;{}&#8220;][et_pb_accordion open_toggle_background_color=&#8220;#FFFFFF&#8220; closed_toggle_background_color=&#8220;#e8e8e8&#8243; icon_color=&#8220;#E09900&#8243; use_icon_font_size=&#8220;on&#8220; icon_font_size=&#8220;24px&#8220; _builder_version=&#8220;4.27.4&#8243; _module_preset=&#8220;default&#8220; toggle_font=&#8220;Quicksand|600|||||||&#8220; toggle_text_align=&#8220;left&#8220; toggle_font_size=&#8220;23px&#8220; body_font=&#8220;Lato||||||||&#8220; body_text_color=&#8220;#000000&#8243; body_font_size=&#8220;15px&#8220; global_colors_info=&#8220;{}&#8220; icon_font_size__hover_enabled=&#8220;on|desktop&#8220; icon_font_size__hover=&#8220;24px&#8220;][et_pb_accordion_item title=&#8220;1. Was macht VIKORY-Drumsticks anders?&#8220; _builder_version=&#8220;4.27.4&#8243; _module_preset=&#8220;default&#8220; global_colors_info=&#8220;{}&#8220; open=&#8220;on&#8220;]<\/p>\n<p data-start=\"545\" data-end=\"799\" class=\"\">Unsere Sticks sind nicht nur auf Leistung ausgelegt, sondern sollen auch hervorstechen. Wir kombinieren hochwertiges Holz mit einem etwas h\u00f6heren Feuchtigkeitsgehalt f\u00fcr eine l\u00e4ngere Haltbarkeit \u2013 und veredeln sie mit markanten, aussagekr\u00e4ftigen Designs, inspiriert von kulturellem Erbe und k\u00fcnstlerischem Ausdruck.<\/p>\n<p>[\/et_pb_accordion_item][et_pb_accordion_item title=&#8220;2. Sind VIKORY-Sticks nur f\u00fcr Profis?&#8220; _builder_version=&#8220;4.27.4&#8243; _module_preset=&#8220;default&#8220; global_colors_info=&#8220;{}&#8220; open=&#8220;off&#8220;]<\/p>\n<p data-start=\"858\" data-end=\"1071\" class=\"\">\u00dcberhaupt nicht. Egal, ob du gerade erst anf\u00e4ngst oder jeden Abend auf der B\u00fchne spielst, unsere Sticks sind so konzipiert, dass sie dich dort begleiten, wo du bist. Sie liegen gut in deinen H\u00e4nden und spiegeln wider, wer du als Schlagzeuger bist.<\/p>\n<p>[\/et_pb_accordion_item][et_pb_accordion_item title=&#8220;3. Beeinflussen die Designs die Leistung?&#8220; _builder_version=&#8220;4.27.4&#8243; _module_preset=&#8220;default&#8220; global_colors_info=&#8220;{}&#8220; open=&#8220;off&#8220;]<\/p>\n<p data-start=\"1123\" data-end=\"1321\" class=\"\">Nein \u2013 unsere Designs sind rein \u00e4sthetisch und beeintr\u00e4chtigen weder Griffigkeit, Klang noch Haptik. Sie sollen inspirieren, nicht ablenken. Sie erhalten die gleiche zuverl\u00e4ssige Leistung mit deutlich mehr Pers\u00f6nlichkeit.<\/p>\n<p>[\/et_pb_accordion_item][et_pb_accordion_item title=&#8220;4. Wo werden VIKORY-Sticks hergestellt?&#8220; open=&#8220;off&#8220; _builder_version=&#8220;4.27.4&#8243; _module_preset=&#8220;default&#8220; global_colors_info=&#8220;{}&#8220;]<\/p>\n<p data-start=\"1368\" data-end=\"1580\" class=\"\">Unsere Sticks werden mit Sorgfalt aus hochwertigem Holz und nach besten Herstellungsverfahren gefertigt. Wir lassen uns von globalen Kulturen inspirieren und erf\u00fcllen bei unserer gesamten Produktion strenge Qualit\u00e4tsstandards, um eine gleichbleibende Leistung zu gew\u00e4hrleisten.<\/p>\n<p>[\/et_pb_accordion_item][et_pb_accordion_item title=&#8220;5. Hier kommt Ihr Titel hin&#8220; _builder_version=&#8220;4.27.4&#8243; _module_preset=&#8220;default&#8220; global_colors_info=&#8220;{}&#8220; open=&#8220;off&#8220;]<\/p>\n<p data-start=\"411\" data-end=\"636\" class=\"\">Unsere Muster werden mit einem Verfahren aufgetragen, das auf Langlebigkeit ausgelegt ist. Nat\u00fcrlich ist wie bei jedem Drumstick eine nat\u00fcrliche Abnutzung mit der Zeit normal \u2013 wir haben unsere Oberfl\u00e4chen jedoch unter realen Spielbedingungen getestet, um sicherzustellen, dass sie lange halten.<\/p>\n<p>[\/et_pb_accordion_item][\/et_pb_accordion][\/et_pb_column][\/et_pb_row][\/et_pb_section][et_pb_section fb_built=&#8220;1&#8243; _builder_version=&#8220;4.27.4&#8243; _module_preset=&#8220;default&#8220; background_color=&#8220;#e1e1e1&#8243; custom_padding=&#8220;8px||4px|||&#8220; locked=&#8220;off&#8220; global_colors_info=&#8220;{}&#8220;][et_pb_row column_structure=&#8220;1_3,1_3,1_3&#8243; _builder_version=&#8220;4.27.4&#8243; _module_preset=&#8220;default&#8220; custom_padding=&#8220;19px|||||&#8220; global_colors_info=&#8220;{}&#8220;][et_pb_column type=&#8220;1_3&#8243; _builder_version=&#8220;4.27.4&#8243; _module_preset=&#8220;default&#8220; global_colors_info=&#8220;{}&#8220;][et_pb_blurb title=&#8220;Au\u00dfergew\u00f6hnliche Baguettes.&#8220; image=&#8220;https:\/\/vikory.com\/wp-content\/uploads\/2025\/04\/drumstick_bee389bf-5baa-4e12-a10d-32c455bf1e66_x50@2x.png&#8220; image_icon_width=&#8220;44%&#8220; _builder_version=&#8220;4.27.4&#8243; _module_preset=&#8220;default&#8220; header_font=&#8220;Quicksand|700|||||||&#8220; header_font_size=&#8220;17px&#8220; body_font=&#8220;Lato|-et_global_heading_font_weight|||||||&#8220; body_text_color=&#8220;#535252&#8243; image_icon_custom_margin=&#8220;||0px||false|false&#8220; image_icon_custom_padding=&#8220;||0px||false|false&#8220; text_orientation=&#8220;center&#8220; global_colors_info=&#8220;{}&#8220;]<\/p>\n<p><strong>Jedes Baguette<\/strong>, das unsere <strong>Werkst\u00e4tten verl\u00e4sst<\/strong>, wird gepr\u00fcft, um ein einzigartiges Erlebnis zu <strong>garantieren<\/strong>.<\/p>\n<p>[\/et_pb_blurb][\/et_pb_column][et_pb_column type=&#8220;1_3&#8243; _builder_version=&#8220;4.27.4&#8243; _module_preset=&#8220;default&#8220; global_colors_info=&#8220;{}&#8220;][et_pb_blurb title=&#8220;Qualit\u00e4tsholz.&#8220; image=&#8220;https:\/\/vikory.com\/wp-content\/uploads\/2025\/04\/favorite_x50@2x.png&#8220; image_icon_width=&#8220;44%&#8220; _builder_version=&#8220;4.27.4&#8243; _module_preset=&#8220;default&#8220; header_font=&#8220;Quicksand|700|||||||&#8220; header_font_size=&#8220;17px&#8220; body_font=&#8220;Lato|-et_global_heading_font_weight|||||||&#8220; body_text_color=&#8220;#535252&#8243; image_icon_custom_margin=&#8220;||0px||false|false&#8220; image_icon_custom_padding=&#8220;||0px||false|false&#8220; text_orientation=&#8220;center&#8220; global_colors_info=&#8220;{}&#8220;]<\/p>\n<p><strong>Unsere Essst\u00e4bchen<\/strong> bestehen aus Hickory, <strong>einem amerikanischen<\/strong> Wei\u00dfhickoryholz, das sowohl flexibel <strong>als auch hart ist<\/strong>.<\/p>\n<p>[\/et_pb_blurb][\/et_pb_column][et_pb_column type=&#8220;1_3&#8243; _builder_version=&#8220;4.27.4&#8243; _module_preset=&#8220;default&#8220; global_colors_info=&#8220;{}&#8220;][et_pb_blurb title=&#8220;Kostenloser Versand.&#8220; image=&#8220;https:\/\/vikory.com\/wp-content\/uploads\/2025\/04\/shipping-box_x50@2x.png&#8220; image_icon_width=&#8220;44%&#8220; _builder_version=&#8220;4.27.4&#8243; _module_preset=&#8220;default&#8220; header_font=&#8220;Quicksand|700|||||||&#8220; header_font_size=&#8220;17px&#8220; body_font=&#8220;Lato|-et_global_heading_font_weight|||||||&#8220; body_text_color=&#8220;#535252&#8243; image_icon_custom_margin=&#8220;||0px||false|false&#8220; image_icon_custom_padding=&#8220;||0px||false|false&#8220; text_orientation=&#8220;center&#8220; global_colors_info=&#8220;{}&#8220;]<\/p>\n<p><strong>Kostenlose Lieferung<\/strong> auf dem franz\u00f6sischen Festland f\u00fcr alle <strong>Bestellungen \u00fcber 60 \u20ac<\/strong>.<\/p>\n<p>[\/et_pb_blurb][\/et_pb_column][\/et_pb_row][\/et_pb_section]<\/p>\n","protected":false},"excerpt":{"rendered":"<p>Unsere Sticks sind nicht nur auf Leistung ausgelegt, sondern sollen auch hervorstechen. Wir kombinieren hochwertiges Holz mit einem etwas h\u00f6heren Feuchtigkeitsgehalt f\u00fcr eine l\u00e4ngere Haltbarkeit \u2013 und veredeln sie mit markanten, aussagekr\u00e4ftigen Designs, inspiriert von kulturellem Erbe und k\u00fcnstlerischem Ausdruck.\u00dcberhaupt nicht. Egal, ob du gerade erst anf\u00e4ngst oder jeden Abend auf der B\u00fchne spielst, unsere [&hellip;]<\/p>\n","protected":false},"author":3,"featured_media":0,"parent":0,"menu_order":46,"comment_status":"closed","ping_status":"closed","template":"","meta":{"_acf_changed":false,"_et_pb_use_builder":"on","_et_pb_old_content":"","_et_gb_content_width":"","footnotes":""},"class_list":["post-1713","page","type-page","status-publish","hentry"],"acf":[],"aioseo_notices":[],"_links":{"self":[{"href":"https:\/\/vikory.com\/de\/wp-json\/wp\/v2\/pages\/1713","targetHints":{"allow":["GET"]}}],"collection":[{"href":"https:\/\/vikory.com\/de\/wp-json\/wp\/v2\/pages"}],"about":[{"href":"https:\/\/vikory.com\/de\/wp-json\/wp\/v2\/types\/page"}],"author":[{"embeddable":true,"href":"https:\/\/vikory.com\/de\/wp-json\/wp\/v2\/users\/3"}],"replies":[{"embeddable":true,"href":"https:\/\/vikory.com\/de\/wp-json\/wp\/v2\/comments?post=1713"}],"version-history":[{"count":3,"href":"https:\/\/vikory.com\/de\/wp-json\/wp\/v2\/pages\/1713\/revisions"}],"predecessor-version":[{"id":3154,"href":"https:\/\/vikory.com\/de\/wp-json\/wp\/v2\/pages\/1713\/revisions\/3154"}],"wp:attachment":[{"href":"https:\/\/vikory.com\/de\/wp-json\/wp\/v2\/media?parent=1713"}],"curies":[{"name":"wp","href":"https:\/\/api.w.org\/{rel}","templated":true}]}}