{"id":1878,"date":"2025-04-17T10:21:48","date_gmt":"2025-04-17T09:21:48","guid":{"rendered":"https:\/\/vikory.com\/?page_id=1878"},"modified":"2026-01-12T21:59:16","modified_gmt":"2026-01-12T20:59:16","slug":"nutzungsbedingungen","status":"publish","type":"page","link":"https:\/\/vikory.com\/de\/gesetz\/nutzungsbedingungen\/","title":{"rendered":"Nutzungsbedingungen"},"content":{"rendered":"<p>[et_pb_section fb_built=&#8220;1&#8243; _builder_version=&#8220;4.27.4&#8243; _module_preset=&#8220;default&#8220; custom_padding=&#8220;||3px|||&#8220; locked=&#8220;off&#8220; global_colors_info=&#8220;{}&#8220;][et_pb_row _builder_version=&#8220;4.27.4&#8243; _module_preset=&#8220;default&#8220; global_colors_info=&#8220;{}&#8220;][et_pb_column type=&#8220;4_4&#8243; _builder_version=&#8220;4.27.4&#8243; _module_preset=&#8220;default&#8220; global_colors_info=&#8220;{}&#8220;][et_pb_heading title=&#8220;Nutzungsbedingungen&#8220; _builder_version=&#8220;4.27.4&#8243; _module_preset=&#8220;default&#8220; title_text_align=&#8220;center&#8220; title_font_size=&#8220;50px&#8220; global_colors_info=&#8220;{}&#8220;][\/et_pb_heading][\/et_pb_column][\/et_pb_row][\/et_pb_section][et_pb_section fb_built=&#8220;1&#8243; _builder_version=&#8220;4.27.4&#8243; _module_preset=&#8220;default&#8220; custom_padding=&#8220;0px|||||&#8220; locked=&#8220;off&#8220; global_colors_info=&#8220;{}&#8220;][et_pb_row _builder_version=&#8220;4.27.4&#8243; _module_preset=&#8220;default&#8220; width=&#8220;55%&#8220; width_tablet=&#8220;55%&#8220; width_phone=&#8220;90%&#8220; width_last_edited=&#8220;on|desktop&#8220; module_alignment=&#8220;center&#8220; global_colors_info=&#8220;{}&#8220;][et_pb_column type=&#8220;4_4&#8243; _builder_version=&#8220;4.27.4&#8243; _module_preset=&#8220;default&#8220; global_colors_info=&#8220;{}&#8220;][et_pb_heading title=&#8220;Pr\u00e4ambel&#8220; _builder_version=&#8220;4.27.4&#8243; _module_preset=&#8220;default&#8220; title_font=&#8220;Lato|700|||||||&#8220; title_font_size=&#8220;16px&#8220; custom_margin=&#8220;||-1px|||&#8220; hover_enabled=&#8220;0&#8243; global_colors_info=&#8220;{}&#8220; title_level=&#8220;h2&#8243; sticky_enabled=&#8220;0&#8243;][\/et_pb_heading][et_pb_text _builder_version=&#8220;4.27.4&#8243; _module_preset=&#8220;default&#8220; text_font=&#8220;Lato||||||||&#8220; text_font_size=&#8220;15px&#8220; global_colors_info=&#8220;{}&#8220;]<\/p>\n<p>Die Marke VIKORY ist eine beim INPI eingetragene Marke und wird von CG-MC betrieben.<\/p>\n<p>Die Boutique http:\/\/www.vikory.com ist Eigentum von CG-MC.<\/p>\n<p>[\/et_pb_text][et_pb_heading title=&#8220;Preis und Mehrwertsteuer&#8220; _builder_version=&#8220;4.27.4&#8243; _module_preset=&#8220;default&#8220; title_font=&#8220;Lato|700|||||||&#8220; title_font_size=&#8220;16px&#8220; custom_margin=&#8220;||-1px|||&#8220; hover_enabled=&#8220;0&#8243; global_colors_info=&#8220;{}&#8220; title_level=&#8220;h2&#8243; sticky_enabled=&#8220;0&#8243;][\/et_pb_heading][et_pb_text _builder_version=&#8220;4.27.4&#8243; _module_preset=&#8220;default&#8220; text_font=&#8220;Lato||||||||&#8220; text_font_size=&#8220;15px&#8220; global_colors_info=&#8220;{}&#8220;]<\/p>\n<p>1. Preis<\/p>\n<p>Die Verkaufspreise der auf der Website www.vikory.com verkauften Produkte sind inklusive Mehrwertsteuer angegeben. Diese Preise beinhalten jedoch nicht die Lieferkosten und eventuelle Zollgeb\u00fchren. Jeder Bestellung wird eine detaillierte Rechnung beigef\u00fcgt.  <\/p>\n<p>VIKORY beh\u00e4lt sich das Recht vor, seine Preise jederzeit zu \u00e4ndern, aber die Produkte werden auf der Grundlage der Preise in Rechnung gestellt, die zum Zeitpunkt der Registrierung der Bestellung g\u00fcltig waren, vorbehaltlich der Verf\u00fcgbarkeit.<\/p>\n<p>2. Mehrwertsteuer und Steuern<\/p>\n<p>- Lieferung innerhalb von Frankreich und Europa :<\/p>\n<p>Die auf der Website bestellten Artikel unterliegen der franz\u00f6sischen Mehrwertsteuer (20 %).<\/p>\n<p>- Lieferung in den Rest der Welt und in die franz\u00f6sischen \u00dcberseegebiete (DOM-TOM)<\/p>\n<p>Der Preis wird automatisch auf der Rechnung inklusive Mehrwertsteuer berechnet. Es k\u00f6nnen Zollgeb\u00fchren oder andere lokale Steuern, Importgeb\u00fchren oder staatliche Abgaben anfallen. Diese Rechte und Betr\u00e4ge fallen nicht in den Zust\u00e4ndigkeitsbereich von VIKORY. Sie liegen in Ihrer alleinigen Verantwortung, sowohl was die Erkl\u00e4rungen als auch die Zahlungen an die zust\u00e4ndigen Beh\u00f6rden Ihres Landes betrifft. Wir empfehlen Ihnen, sich bei Ihren \u00f6rtlichen Beh\u00f6rden \u00fcber diese Aspekte zu informieren.    <\/p>\n<p>[\/et_pb_text][et_pb_heading title=&#8220;Lieferung von Bestellungen&#8220; _builder_version=&#8220;4.27.4&#8243; _module_preset=&#8220;default&#8220; title_font=&#8220;Lato|700|||||||&#8220; title_font_size=&#8220;16px&#8220; custom_margin=&#8220;||-1px|||&#8220; hover_enabled=&#8220;0&#8243; global_colors_info=&#8220;{}&#8220; sticky_enabled=&#8220;0&#8243; title_level=&#8220;h2&#8243;][\/et_pb_heading][et_pb_text _builder_version=&#8220;4.27.4&#8243; _module_preset=&#8220;default&#8220; text_font=&#8220;Lato||||||||&#8220; text_font_size=&#8220;15px&#8220; global_colors_info=&#8220;{}&#8220;]<\/p>\n<p>Die Lieferungen werden von La Poste als Colissimo ohne Unterschrift geliefert. Sobald das Paket von uns vorbereitet wurde, wird es Ihnen innerhalb von 48 Stunden direkt in Ihren Briefkasten geliefert. Wenn das Paket nicht gro\u00df genug ist und Sie nicht anwesend sind, wird ein Benachrichtigungsschein hinterlegt. Sie k\u00f6nnen Ihr Paket dann innerhalb von 15 Tagen beim n\u00e4chstgelegenen Postamt abholen. Verfolgen Sie den Status Ihres Pakets jederzeit auf www.colissimo.fr.    <\/p>\n<p>Wenn Sie sich f\u00fcr die Colissimo-Lieferung entscheiden, w\u00e4hlen Sie einen Spediteur, der die CO2-Emissionen aller gelieferten Pakete kompensiert, um seine Umweltbelastung zu reduzieren.<\/p>\n<p>[\/et_pb_text][et_pb_heading title=&#8220;Probleme bei der Lieferung&#8220; _builder_version=&#8220;4.27.4&#8243; _module_preset=&#8220;default&#8220; title_font=&#8220;Lato|700|||||||&#8220; title_font_size=&#8220;16px&#8220; custom_margin=&#8220;||-1px|||&#8220; hover_enabled=&#8220;0&#8243; global_colors_info=&#8220;{}&#8220; title_level=&#8220;h2&#8243; sticky_enabled=&#8220;0&#8243;][\/et_pb_heading][et_pb_text _builder_version=&#8220;4.27.4&#8243; _module_preset=&#8220;default&#8220; text_font=&#8220;Lato||||||||&#8220; text_font_size=&#8220;15px&#8220; global_colors_info=&#8220;{}&#8220;]<\/p>\n<p>Wir \u00fcbernehmen keine Haftung f\u00fcr l\u00e4ngere Lieferzeiten (insbesondere bei Streiks), Verlust oder Besch\u00e4digung durch den Spediteur.<\/p>\n<p>1) Ihre Bestellung ist nicht innerhalb von 72 Stunden bei Ihnen eingetroffen (ohne Information von unserer Seite)?<\/p>\n<p>Mit Ihrer Bestellnummer (die Sie in der E-Mail mit der Auftragsbest\u00e4tigung finden) kontaktieren Sie uns bitte sofort per E-Mail \u00fcber die Seite Kontakt. Wir werden dann eine Untersuchung bei der Post einleiten. Mit Ausnahme von Vorbestellungen verpflichten wir uns, innerhalb von 25 Tagen zu liefern. Sollte dies nicht der Fall sein, werden wir Ihnen den gesamten Betrag innerhalb von 30 Tagen zur\u00fcckerstatten.   <\/p>\n<p>Eine Umfrage von La Poste kann bis zu 21 Tage ab dem Datum des Beginns der Umfrage dauern.<\/p>\n<p>2) Ist das Paket defekt?<\/p>\n<p>Wenn Sie das Paket erhalten und einen Mangel feststellen (zerdr\u00fccktes, zerrissenes, ge\u00f6ffnetes, feuchtes Paket&#8230;), empfehlen wir Ihnen, die Annahme zu verweigern.<br \/>Wenn Sie sich entscheiden, das mangelhafte Paket zu behalten, \u00fcbernehmen wir keine Haftung.<\/p>\n<p>3) Nachdem Sie Ihr Paket erhalten haben, stimmt der Artikel nicht mit meiner Bestellung \u00fcberein?<\/p>\n<p>Beispiel: Sie haben ein Paar Ananda-St\u00f6cke in 5A bestellt und erhalten es in 5B.<\/p>\n<p>Kontaktieren Sie uns \u00fcber die Seite Kontakt. In diesem Fall \u00fcbernehmen wir die Kosten f\u00fcr die R\u00fccksendung des\/der zur\u00fcckgenommenen Produkte(s) sowie die Kosten f\u00fcr den erneuten Versand. <\/p>\n<p>[\/et_pb_text][et_pb_heading title=&#8220;Preise&#8220; _builder_version=&#8220;4.27.4&#8243; _module_preset=&#8220;default&#8220; title_font=&#8220;Lato|700|||||||&#8220; title_font_size=&#8220;16px&#8220; custom_margin=&#8220;||-1px|||&#8220; hover_enabled=&#8220;0&#8243; global_colors_info=&#8220;{}&#8220; title_level=&#8220;h2&#8243; sticky_enabled=&#8220;0&#8243;][\/et_pb_heading][et_pb_text _builder_version=&#8220;4.27.4&#8243; _module_preset=&#8220;default&#8220; text_font=&#8220;Lato||||||||&#8220; text_font_size=&#8220;15px&#8220; global_colors_info=&#8220;{}&#8220;]<\/p>\n<p class=\"\">Der Preis h\u00e4ngt von Ihrer Bestellung, der gew\u00e4hlten Versandart und der Entfernung zum Zielland ab. Bei der Best\u00e4tigung Ihrer Bestellung werden die Versandoptionen und ihre Preise klar angegeben und auf Ihrer Rechnung ausgewiesen. <\/p>\n<p>[\/et_pb_text][et_pb_heading title=&#8220;Versp\u00e4tete Lieferung&#8220; _builder_version=&#8220;4.27.4&#8243; _module_preset=&#8220;default&#8220; title_font=&#8220;Lato|700|||||||&#8220; title_font_size=&#8220;16px&#8220; custom_margin=&#8220;||-1px|||&#8220; hover_enabled=&#8220;0&#8243; global_colors_info=&#8220;{}&#8220; title_level=&#8220;h2&#8243; sticky_enabled=&#8220;0&#8243;][\/et_pb_heading][et_pb_text _builder_version=&#8220;4.27.4&#8243; _module_preset=&#8220;default&#8220; text_font=&#8220;Lato||||||||&#8220; text_font_size=&#8220;15px&#8220; global_colors_info=&#8220;{}&#8220;]<\/p>\n<p>VIKORY haftet nicht f\u00fcr direkte und indirekte Sch\u00e4den an der Ausr\u00fcstung des Nutzers beim Zugriff auf die Website www.vikory.com, die entweder durch die Verwendung einer Ausr\u00fcstung verursacht werden, die nicht den in Punkt 4 angegebenen Spezifikationen entspricht, oder durch das Auftreten eines Bugs oder einer Inkompatibilit\u00e4t.<\/p>\n<p>VIKORY haftet nicht f\u00fcr indirekte Sch\u00e4den (z.B. Marktverlust oder Verlust einer Chance), die aus der Nutzung der Website www.vikory.com resultieren.<\/p>\n<p>Interaktive Bereiche (M\u00f6glichkeit, Fragen im Kontaktbereich zu stellen) stehen den Nutzern zur Verf\u00fcgung. VIKORY beh\u00e4lt sich das Recht vor, ohne vorherige Ank\u00fcndigung alle Inhalte in diesem Bereich zu l\u00f6schen, die gegen die in Frankreich geltenden Gesetze und insbesondere gegen die Datenschutzbestimmungen versto\u00dfen. Gegebenenfalls beh\u00e4lt sich VIKORY auch das Recht vor, den Nutzer zivil- und\/oder strafrechtlich haftbar zu machen, insbesondere f\u00fcr rassistische, beleidigende, verleumderische oder pornografische Mitteilungen, unabh\u00e4ngig vom verwendeten Medium (Text, Fotografie&#8230;).  <\/p>\n<p>[\/et_pb_text][et_pb_heading title=&#8220;Zahlungsmethoden&#8220; _builder_version=&#8220;4.27.4&#8243; _module_preset=&#8220;default&#8220; title_font=&#8220;Lato|700|||||||&#8220; title_font_size=&#8220;16px&#8220; custom_margin=&#8220;||-1px|||&#8220; hover_enabled=&#8220;0&#8243; global_colors_info=&#8220;{}&#8220; title_level=&#8220;h2&#8243; sticky_enabled=&#8220;0&#8243;][\/et_pb_heading][et_pb_text _builder_version=&#8220;4.27.4&#8243; _module_preset=&#8220;default&#8220; text_font=&#8220;Lato||||||||&#8220; text_font_size=&#8220;15px&#8220; global_colors_info=&#8220;{}&#8220;]<\/p>\n<p>Sie werden bei Ihrer Bestellung deutlich angegeben:<\/p>\n<p>- Sichere Zahlung per Kreditkarte (Visa, Eurocard, Mastercard, American Express) \u00fcber Stripe<\/p>\n<p>- Zahlung \u00fcber Paypal<\/p>\n<p>Wenn Sie auf unserer Website per Kreditkarte bezahlen, garantiert VIKORY Ihnen eine sichere Zahlung. Wir vertrauen unserem Vermittler (Stripe) f\u00fcr die Finanztransaktionen. <\/p>\n<p>Wenn Sie Ihre Produkte ausgew\u00e4hlt haben, k\u00f6nnen Sie Ihre Bankdaten eingeben:<\/p>\n<p>- Nummer Ihrer Kreditkarte<\/p>\n<p>- Ablaufdatum<\/p>\n<p>- Verschl\u00fcsselungscode, der sich auf der R\u00fcckseite Ihrer Kreditkarte befindet (die letzten drei Ziffern)<\/p>\n<p>Wenn Sie \u00fcber Paypal bezahlen, k\u00f6nnen Sie, wenn Sie m\u00f6chten, ein Paypal-Konto er\u00f6ffnen, aber das ist nicht zwingend erforderlich. Wir \u00fcbernehmen keine Verantwortung f\u00fcr diesen Vorgang, Sie sind allein daf\u00fcr verantwortlich. <\/p>\n<p>[\/et_pb_text][et_pb_heading title=&#8220;F\u00e4lle von verweigerter Zahlung&#8220; _builder_version=&#8220;4.27.4&#8243; _module_preset=&#8220;default&#8220; title_font=&#8220;Lato|700|||||||&#8220; title_font_size=&#8220;16px&#8220; custom_margin=&#8220;||-1px|||&#8220; hover_enabled=&#8220;0&#8243; global_colors_info=&#8220;{}&#8220; title_level=&#8220;h2&#8243; sticky_enabled=&#8220;0&#8243;][\/et_pb_heading][et_pb_text _builder_version=&#8220;4.27.4&#8243; _module_preset=&#8220;default&#8220; text_font=&#8220;Lato||||||||&#8220; text_font_size=&#8220;15px&#8220; global_colors_info=&#8220;{}&#8220;]<\/p>\n<p>Sie m\u00f6chten auf unserer Website bestellen und k\u00f6nnen Ihre Zahlung per Kreditkarte nicht best\u00e4tigen?<\/p>\n<p>Vergewissern Sie sich zun\u00e4chst, dass die eingegebenen Bankdaten mit einer Kreditkarte \u00fcbereinstimmen, die auf unserer Website akzeptiert wird. Vergessen Sie dann nicht, die Richtigkeit Ihrer Bankdaten auf der Zahlungsseite zu \u00fcberpr\u00fcfen. Wenn das Problem weiterhin besteht, kontaktieren Sie uns bitte \u00fcber die Kontaktseite.  <\/p>\n<p>Wenn Ihre Zahlung von uns nicht best\u00e4tigt werden konnte,<br \/>Die von Ihnen angegebenen Bankdaten haben es uns nicht erm\u00f6glicht, Ihre Bestellung zu bearbeiten. Wir bitten Sie, sich mit Ihrem Finanzinstitut in Verbindung zu setzen. Die Bestellung ist derzeit in der Warteschleife.  <\/p>\n<p>[\/et_pb_text][et_pb_heading title=&#8220;Kundendateien&#8220; _builder_version=&#8220;4.27.4&#8243; _module_preset=&#8220;default&#8220; title_font=&#8220;Lato|700|||||||&#8220; title_font_size=&#8220;16px&#8220; custom_margin=&#8220;||-1px|||&#8220; hover_enabled=&#8220;0&#8243; global_colors_info=&#8220;{}&#8220; title_level=&#8220;h2&#8243; sticky_enabled=&#8220;0&#8243;][\/et_pb_heading][et_pb_text _builder_version=&#8220;4.27.4&#8243; _module_preset=&#8220;default&#8220; text_font=&#8220;Lato||||||||&#8220; text_font_size=&#8220;15px&#8220; global_colors_info=&#8220;{}&#8220;]<\/p>\n<p>Um Ihren Bed\u00fcrfnissen gerecht zu werden und Ihnen einen optimalen Fernservice zu bieten, m\u00fcssen wir bestimmte Angaben \u00fcber Sie speichern, wie z.B. Ihren Namen, Vornamen und Ihre Adresse. Diese Informationen sind f\u00fcr die Bearbeitung und Lieferung Ihrer Bestellungen unerl\u00e4sslich. Sie werden nur f\u00fcr interne Zwecke gesammelt.  <\/p>\n<p>Gem\u00e4\u00df dem franz\u00f6sischen Datenschutzgesetz vom 06.01.1978 haben Sie das Recht, auf diese Informationen zuzugreifen und sie zu berichtigen. Schreiben Sie uns einfach unter Angabe Ihres Vor- und Nachnamens und Ihrer Adresse.<br \/>Dar\u00fcber hinaus werden alle Bankdaten, die Sie uns bei einem Online-Kauf zur Verf\u00fcgung stellen, weder gespeichert noch sind sie im Internet sichtbar. <\/p>\n<p>[\/et_pb_text][et_pb_heading title=&#8220;Streitigkeiten&#8220; _builder_version=&#8220;4.27.4&#8243; _module_preset=&#8220;default&#8220; title_font=&#8220;Lato|700|||||||&#8220; title_font_size=&#8220;16px&#8220; custom_margin=&#8220;||-1px|||&#8220; hover_enabled=&#8220;0&#8243; global_colors_info=&#8220;{}&#8220; title_level=&#8220;h2&#8243; sticky_enabled=&#8220;0&#8243;][\/et_pb_heading][et_pb_text _builder_version=&#8220;4.27.4&#8243; _module_preset=&#8220;default&#8220; text_font=&#8220;Lato||||||||&#8220; text_font_size=&#8220;15px&#8220; global_colors_info=&#8220;{}&#8220;]<\/p>\n<p>Streitigkeiten, die sich aus der Anwendung der vorliegenden Allgemeinen Gesch\u00e4ftsbedingungen ergeben, unterliegen dem franz\u00f6sischen Recht.<\/p>\n<p>Wenn keine g\u00fctliche Einigung erzielt werden kann, wird der Rechtsstreit vor das Handelsgericht von Lille gebracht.<\/p>\n<p>[\/et_pb_text][et_pb_heading title=&#8220;Recht auf Widerruf&#8220; _builder_version=&#8220;4.27.4&#8243; _module_preset=&#8220;default&#8220; title_font=&#8220;Lato|700|||||||&#8220; title_font_size=&#8220;16px&#8220; custom_margin=&#8220;||-1px|||&#8220; hover_enabled=&#8220;0&#8243; global_colors_info=&#8220;{}&#8220; title_level=&#8220;h2&#8243; sticky_enabled=&#8220;0&#8243;][\/et_pb_heading][et_pb_text _builder_version=&#8220;4.27.4&#8243; _module_preset=&#8220;default&#8220; text_font=&#8220;Lato||||||||&#8220; text_font_size=&#8220;15px&#8220; global_colors_info=&#8220;{}&#8220;]<\/p>\n<p class=\"\">Der Verbraucher kann innerhalb von 14 Tagen von seinem Widerrufsrecht Gebrauch machen, ohne Gr\u00fcnde nennen zu m\u00fcssen oder eine Strafe zu zahlen, mit Ausnahme der Kosten f\u00fcr die R\u00fccksendung. Diese Frist betr\u00e4gt vierzehn Tage ab dem Tag des Erhalts der Ware. <\/p>\n<p>[\/et_pb_text][\/et_pb_column][\/et_pb_row][\/et_pb_section][et_pb_section fb_built=&#8220;1&#8243; _builder_version=&#8220;4.27.4&#8243; _module_preset=&#8220;default&#8220; background_color=&#8220;#e1e1e1&#8243; custom_padding=&#8220;8px||4px|||&#8220; locked=&#8220;off&#8220; global_colors_info=&#8220;{}&#8220;][et_pb_row column_structure=&#8220;1_3,1_3,1_3&#8243; _builder_version=&#8220;4.27.4&#8243; _module_preset=&#8220;default&#8220; custom_padding=&#8220;19px|||||&#8220; global_colors_info=&#8220;{}&#8220;][et_pb_column type=&#8220;1_3&#8243; _builder_version=&#8220;4.27.4&#8243; _module_preset=&#8220;default&#8220; global_colors_info=&#8220;{}&#8220;][et_pb_blurb title=&#8220;Au\u00dfergew\u00f6hnliche Baguettes.&#8220; image=&#8220;https:\/\/vikory.com\/wp-content\/uploads\/2025\/04\/drumstick_bee389bf-5baa-4e12-a10d-32c455bf1e66_x50@2x.png&#8220; image_icon_width=&#8220;44%&#8220; _builder_version=&#8220;4.27.4&#8243; _module_preset=&#8220;default&#8220; header_font=&#8220;Quicksand|700|||||||&#8220; header_font_size=&#8220;17px&#8220; body_font=&#8220;Lato|-et_global_heading_font_weight|||||||&#8220; body_text_color=&#8220;#535252&#8243; image_icon_custom_margin=&#8220;||0px||false|false&#8220; image_icon_custom_padding=&#8220;||0px||false|false&#8220; text_orientation=&#8220;center&#8220; global_colors_info=&#8220;{}&#8220;]<\/p>\n<p>Jedes Baguette, das unsere Werkst\u00e4tten verl\u00e4sst, wird gepr\u00fcft, um ein einzigartiges Erlebnis zu garantieren.<\/p>\n<p>[\/et_pb_blurb][\/et_pb_column][et_pb_column type=&#8220;1_3&#8243; _builder_version=&#8220;4.27.4&#8243; _module_preset=&#8220;default&#8220; global_colors_info=&#8220;{}&#8220;][et_pb_blurb title=&#8220;Qualit\u00e4tsholz.&#8220; image=&#8220;https:\/\/vikory.com\/wp-content\/uploads\/2025\/04\/favorite_x50@2x.png&#8220; image_icon_width=&#8220;44%&#8220; _builder_version=&#8220;4.27.4&#8243; _module_preset=&#8220;default&#8220; header_font=&#8220;Quicksand|700|||||||&#8220; header_font_size=&#8220;17px&#8220; body_font=&#8220;Lato|-et_global_heading_font_weight|||||||&#8220; body_text_color=&#8220;#535252&#8243; image_icon_custom_margin=&#8220;||0px||false|false&#8220; image_icon_custom_padding=&#8220;||0px||false|false&#8220; text_orientation=&#8220;center&#8220; global_colors_info=&#8220;{}&#8220;]<\/p>\n<p>Unsere Baguettes werden aus Hickory hergestellt, einem wei\u00dfen amerikanischen Hickorybaum, der sowohl weich als auch hart ist.<\/p>\n<p>[\/et_pb_blurb][\/et_pb_column][et_pb_column type=&#8220;1_3&#8243; _builder_version=&#8220;4.27.4&#8243; _module_preset=&#8220;default&#8220; global_colors_info=&#8220;{}&#8220;][et_pb_blurb title=&#8220;Kostenlose Lieferung.&#8220; image=&#8220;https:\/\/vikory.com\/wp-content\/uploads\/2025\/04\/shipping-box_x50@2x.png&#8220; image_icon_width=&#8220;44%&#8220; _builder_version=&#8220;4.27.4&#8243; _module_preset=&#8220;default&#8220; header_font=&#8220;Quicksand|700|||||||&#8220; header_font_size=&#8220;17px&#8220; body_font=&#8220;Lato|-et_global_heading_font_weight|||||||&#8220; body_text_color=&#8220;#535252&#8243; image_icon_custom_margin=&#8220;||0px||false|false&#8220; image_icon_custom_padding=&#8220;||0px||false|false&#8220; text_orientation=&#8220;center&#8220; global_colors_info=&#8220;{}&#8220;]<\/p>\n<p>Kostenlose Lieferung nach Frankreich f\u00fcr alle Bestellungen \u00fcber 60 \u20ac.<\/p>\n<p>[\/et_pb_blurb][\/et_pb_column][\/et_pb_row][\/et_pb_section]<\/p>\n","protected":false},"excerpt":{"rendered":"<p>Die Marke VIKORY ist eine beim INPI eingetragene Marke und wird von CG-MC betrieben. Die Boutique http:\/\/www.vikory.com ist Eigentum von CG-MC.1. Preis Die Verkaufspreise der auf der Website www.vikory.com verkauften Produkte sind inklusive Mehrwertsteuer angegeben. Diese Preise beinhalten jedoch nicht die Lieferkosten und eventuelle Zollgeb\u00fchren. Jeder Bestellung wird eine detaillierte Rechnung beigef\u00fcgt. VIKORY beh\u00e4lt sich [&hellip;]<\/p>\n","protected":false},"author":3,"featured_media":0,"parent":5229,"menu_order":65,"comment_status":"closed","ping_status":"closed","template":"","meta":{"_acf_changed":false,"_et_pb_use_builder":"on","_et_pb_old_content":"","_et_gb_content_width":"","footnotes":""},"class_list":["post-1878","page","type-page","status-publish","hentry"],"acf":[],"aioseo_notices":[],"_links":{"self":[{"href":"https:\/\/vikory.com\/de\/wp-json\/wp\/v2\/pages\/1878","targetHints":{"allow":["GET"]}}],"collection":[{"href":"https:\/\/vikory.com\/de\/wp-json\/wp\/v2\/pages"}],"about":[{"href":"https:\/\/vikory.com\/de\/wp-json\/wp\/v2\/types\/page"}],"author":[{"embeddable":true,"href":"https:\/\/vikory.com\/de\/wp-json\/wp\/v2\/users\/3"}],"replies":[{"embeddable":true,"href":"https:\/\/vikory.com\/de\/wp-json\/wp\/v2\/comments?post=1878"}],"version-history":[{"count":15,"href":"https:\/\/vikory.com\/de\/wp-json\/wp\/v2\/pages\/1878\/revisions"}],"predecessor-version":[{"id":14015,"href":"https:\/\/vikory.com\/de\/wp-json\/wp\/v2\/pages\/1878\/revisions\/14015"}],"up":[{"embeddable":true,"href":"https:\/\/vikory.com\/de\/wp-json\/wp\/v2\/pages\/5229"}],"wp:attachment":[{"href":"https:\/\/vikory.com\/de\/wp-json\/wp\/v2\/media?parent=1878"}],"curies":[{"name":"wp","href":"https:\/\/api.w.org\/{rel}","templated":true}]}}