{"id":1892,"date":"2025-04-17T09:47:40","date_gmt":"2025-04-17T08:47:40","guid":{"rendered":"https:\/\/vikory.com\/?page_id=1892"},"modified":"2026-01-12T22:01:35","modified_gmt":"2026-01-12T21:01:35","slug":"rechtliche-hinweise","status":"publish","type":"page","link":"https:\/\/vikory.com\/de\/gesetz\/rechtliche-hinweise\/","title":{"rendered":"Rechtliche Hinweise"},"content":{"rendered":"<p>[et_pb_section fb_built=&#8220;1&#8243; _builder_version=&#8220;4.27.4&#8243; _module_preset=&#8220;default&#8220; custom_padding=&#8220;||3px|||&#8220; global_colors_info=&#8220;{}&#8220;][et_pb_row _builder_version=&#8220;4.27.4&#8243; _module_preset=&#8220;default&#8220; global_colors_info=&#8220;{}&#8220;][et_pb_column type=&#8220;4_4&#8243; _builder_version=&#8220;4.27.4&#8243; _module_preset=&#8220;default&#8220; global_colors_info=&#8220;{}&#8220;][et_pb_heading title=&#8220;Rechtliche Hinweise&#8220; _builder_version=&#8220;4.27.4&#8243; _module_preset=&#8220;default&#8220; title_text_align=&#8220;center&#8220; title_font_size=&#8220;50px&#8220; title_font_size_tablet=&#8220;50px&#8220; title_font_size_phone=&#8220;40px&#8220; title_font_size_last_edited=&#8220;on|phone&#8220; global_colors_info=&#8220;{}&#8220;][\/et_pb_heading][\/et_pb_column][\/et_pb_row][\/et_pb_section][et_pb_section fb_built=&#8220;1&#8243; _builder_version=&#8220;4.27.4&#8243; _module_preset=&#8220;default&#8220; custom_padding=&#8220;0px|||||&#8220; global_colors_info=&#8220;{}&#8220;][et_pb_row _builder_version=&#8220;4.27.4&#8243; _module_preset=&#8220;default&#8220; width=&#8220;50%&#8220; width_tablet=&#8220;50%&#8220; width_phone=&#8220;90%&#8220; width_last_edited=&#8220;on|phone&#8220; module_alignment=&#8220;center&#8220; global_colors_info=&#8220;{}&#8220;][et_pb_column type=&#8220;4_4&#8243; _builder_version=&#8220;4.27.4&#8243; _module_preset=&#8220;default&#8220; global_colors_info=&#8220;{}&#8220;][et_pb_heading title=&#8220;1. PR\u00c4SENTATION DER WEBSITE.&#8220; _builder_version=&#8220;4.27.4&#8243; _module_preset=&#8220;default&#8220; title_font_size=&#8220;23px&#8220; custom_margin=&#8220;||0px|||&#8220; hover_enabled=&#8220;0&#8243; global_colors_info=&#8220;{}&#8220; title_level=&#8220;h2&#8243; sticky_enabled=&#8220;0&#8243;][\/et_pb_heading][et_pb_text _builder_version=&#8220;4.27.4&#8243; _module_preset=&#8220;default&#8220; text_font=&#8220;Lato||||||||&#8220; text_font_size=&#8220;15px&#8220; global_colors_info=&#8220;{}&#8220;]<\/p>\n<p>Gem\u00e4\u00df Artikel 6 des Gesetzes Nr. 2004-575 vom 21. Juni 2004 \u00fcber das Vertrauen in die digitale Wirtschaft wird den Nutzern der Website www.vikory.com die Identit\u00e4t der verschiedenen Akteure im Rahmen der Realisierung und \u00dcberwachung der Website mitgeteilt:<\/p>\n<p>Eigent\u00fcmer: CG-MC (VIKORY) - SIRET 94846775800017 - 8 Chemin de la Noue - 21600 LONGVIC - Frankreich<br \/>Herausgeber: Jean-Bernard LAMOISE - contact@vikory.com<br \/>Webmaster: Dominique DELCOURT - contact@vikory.com<br \/>Hosting: GoDaddy - 14455 N. Hayden Rd., Ste. 226 Scottsdale, AZ 85260 USA<\/p>\n<p>[\/et_pb_text][et_pb_heading title=&#8220;2. ALLGEMEINE BEDINGUNGEN F\u00dcR DIE NUTZUNG DER WEBSITE UND DER ANGEBOTENEN DIENSTE.&#8220; _builder_version=&#8220;4.27.4&#8243; _module_preset=&#8220;default&#8220; title_font_size=&#8220;23px&#8220; custom_margin=&#8220;||-1px|||&#8220; hover_enabled=&#8220;0&#8243; global_colors_info=&#8220;{}&#8220; title_level=&#8220;h2&#8243; sticky_enabled=&#8220;0&#8243;][\/et_pb_heading][et_pb_text _builder_version=&#8220;4.27.4&#8243; _module_preset=&#8220;default&#8220; text_font=&#8220;Lato||||||||&#8220; text_font_size=&#8220;15px&#8220; global_colors_info=&#8220;{}&#8220;]<\/p>\n<p>Die Nutzung der Website www.vikory.com setzt die vollst\u00e4ndige und uneingeschr\u00e4nkte Annahme der nachstehend beschriebenen allgemeinen Nutzungsbedingungen voraus. Diese Nutzungsbedingungen k\u00f6nnen jederzeit ge\u00e4ndert oder erg\u00e4nzt werden. Die Nutzer von www.vikory.com werden daher gebeten, sie regelm\u00e4\u00dfig zu konsultieren. <\/p>\n<p>Diese Website ist normalerweise jederzeit f\u00fcr die Nutzer zug\u00e4nglich. VIKORY wird sich dann bem\u00fchen, die Nutzer vorab \u00fcber die Daten und Zeiten des Eingriffs zu informieren. <\/p>\n<p>Die Website www.vikory.com wird regelm\u00e4\u00dfig von VIKORY aktualisiert. Auch die rechtlichen Hinweise k\u00f6nnen jederzeit ge\u00e4ndert werden, sind jedoch f\u00fcr den Nutzer verbindlich. <\/p>\n<p>[\/et_pb_text][et_pb_heading title=&#8220;3. BESCHREIBUNG DER ERBRACHTEN DIENSTLEISTUNGEN.&#8220; _builder_version=&#8220;4.27.4&#8243; _module_preset=&#8220;default&#8220; title_font_size=&#8220;23px&#8220; custom_margin=&#8220;||1px|||&#8220; hover_enabled=&#8220;0&#8243; global_colors_info=&#8220;{}&#8220; title_level=&#8220;h2&#8243; sticky_enabled=&#8220;0&#8243;][\/et_pb_heading][et_pb_text _builder_version=&#8220;4.27.4&#8243; _module_preset=&#8220;default&#8220; text_font=&#8220;Lato||||||||&#8220; text_font_size=&#8220;15px&#8220; global_colors_info=&#8220;{}&#8220;]<\/p>\n<p>Die Website www.vikory.com dient der Bereitstellung von Informationen \u00fcber die Aktivit\u00e4ten des Unternehmens.<\/p>\n<p>VIKORY bem\u00fcht sich, auf der Website www.vikory.com so genaue Informationen wie m\u00f6glich zur Verf\u00fcgung zu stellen. VIKORYK kann jedoch nicht f\u00fcr Auslassungen, Ungenauigkeiten und M\u00e4ngel in der Aktualisierung haftbar gemacht werden, die von ihr selbst oder von dritten Partnern, die diese Informationen zur Verf\u00fcgung stellen, verursacht werden. <\/p>\n<p>Alle Informationen auf der Website www.vikory.com sind unverbindlich und k\u00f6nnen sich \u00e4ndern. Die Informationen auf der Website www.vikory.com sind nicht ersch\u00f6pfend. Sie werden vorbehaltlich der seit ihrer Ver\u00f6ffentlichung vorgenommenen \u00c4nderungen bereitgestellt.  <\/p>\n<p>[\/et_pb_text][et_pb_heading title=&#8220;4. VERTRAGLICHE BESCHR\u00c4NKUNGEN DER TECHNISCHEN DATEN. DIE WEBSITE VERWENDET DIE JAVASCRIPT-TECHNOLOGIE. &#8220; _builder_version=&#8220;4.27.4&#8243; _module_preset=&#8220;default&#8220; title_font_size=&#8220;23px&#8220; custom_margin=&#8220;||3px|||&#8220; hover_enabled=&#8220;0&#8243; global_colors_info=&#8220;{}&#8220; title_level=&#8220;h2&#8243; sticky_enabled=&#8220;0&#8243;][\/et_pb_heading][et_pb_text _builder_version=&#8220;4.27.4&#8243; _module_preset=&#8220;default&#8220; text_font=&#8220;Lato||||||||&#8220; text_font_size=&#8220;15px&#8220; global_colors_info=&#8220;{}&#8220;]<\/p>\n<p class=\"\">Die Website haftet nicht f\u00fcr materielle Sch\u00e4den, die mit der Nutzung der Website verbunden sind. Dar\u00fcber hinaus verpflichtet sich der Nutzer der Website, die Website mit neuer Hardware, die keine Viren enth\u00e4lt, und mit einem Browser der neuesten Generation aufzurufen. <\/p>\n<p>[\/et_pb_text][et_pb_heading title=&#8220;5. GEISTIGES EIGENTUM UND F\u00c4LSCHUNGEN.&#8220; _builder_version=&#8220;4.27.4&#8243; _module_preset=&#8220;default&#8220; title_font_size=&#8220;23px&#8220; custom_margin=&#8220;||-1px|||&#8220; hover_enabled=&#8220;0&#8243; global_colors_info=&#8220;{}&#8220; title_level=&#8220;h2&#8243; sticky_enabled=&#8220;0&#8243;][\/et_pb_heading][et_pb_text _builder_version=&#8220;4.27.4&#8243; _module_preset=&#8220;default&#8220; text_font=&#8220;Lato||||||||&#8220; text_font_size=&#8220;15px&#8220; global_colors_info=&#8220;{}&#8220;]<\/p>\n<p>VIKORY ist Eigent\u00fcmer der Rechte am geistigen Eigentum oder besitzt die Nutzungsrechte f\u00fcr alle auf der Website zug\u00e4nglichen Elemente, insbesondere Texte, Bilder, Grafiken, Logos, Icons, Sounds und Software.<\/p>\n<p>Die Vervielf\u00e4ltigung, Darstellung, \u00c4nderung, Ver\u00f6ffentlichung und Anpassung aller oder eines Teils der Elemente der Website, unabh\u00e4ngig von den verwendeten Mitteln oder Verfahren, ist untersagt, es sei denn, es liegt eine vorherige schriftliche Genehmigung von Cl\u00e9ment DESPLATS, dem Vorsitzenden von VIKORY, vor.<\/p>\n<p>Jede nicht genehmigte Nutzung der Website oder eines ihrer Elemente wird als F\u00e4lschung angesehen und gem\u00e4\u00df den Bestimmungen der Artikel L.335-2 ff. des Gesetzes \u00fcber geistiges Eigentum verfolgt.<\/p>\n<p>[\/et_pb_text][et_pb_heading title=&#8220;6. HAFTUNGSBESCHR\u00c4NKUNGEN.&#8220; _builder_version=&#8220;4.27.4&#8243; _module_preset=&#8220;default&#8220; title_font_size=&#8220;23px&#8220; custom_margin=&#8220;||-1px|||&#8220; hover_enabled=&#8220;0&#8243; global_colors_info=&#8220;{}&#8220; title_level=&#8220;h2&#8243; sticky_enabled=&#8220;0&#8243;][\/et_pb_heading][et_pb_text _builder_version=&#8220;4.27.4&#8243; _module_preset=&#8220;default&#8220; text_font=&#8220;Lato||||||||&#8220; text_font_size=&#8220;15px&#8220; global_colors_info=&#8220;{}&#8220;]<\/p>\n<p>VIKORY haftet nicht f\u00fcr direkte und indirekte Sch\u00e4den an der Ausr\u00fcstung des Nutzers beim Zugriff auf die Website www.vikory.com, die entweder durch die Verwendung einer Ausr\u00fcstung verursacht werden, die nicht den in Punkt 4 angegebenen Spezifikationen entspricht, oder durch das Auftreten eines Bugs oder einer Inkompatibilit\u00e4t.<\/p>\n<p>VIKORY haftet auch nicht f\u00fcr indirekte Sch\u00e4den (wie z.B. Marktverlust oder Verlust einer Chance), die aus der Nutzung der Website www.vikory.com resultieren.<\/p>\n<p>Interaktive Bereiche (M\u00f6glichkeit, Fragen im Kontaktbereich zu stellen) stehen den Nutzern zur Verf\u00fcgung. VIKORY beh\u00e4lt sich das Recht vor, ohne vorherige Ank\u00fcndigung alle in diesem Bereich ver\u00f6ffentlichten Inhalte zu l\u00f6schen, die gegen die in Frankreich geltenden Gesetze und insbesondere die Datenschutzbestimmungen versto\u00dfen. Gegebenenfalls beh\u00e4lt sich VIKORY auch das Recht vor, den Nutzer zivil- und\/oder strafrechtlich haftbar zu machen, insbesondere f\u00fcr rassistische, beleidigende, verleumderische oder pornografische Mitteilungen, unabh\u00e4ngig vom verwendeten Medium (Text, Fotografie&#8230;).  <\/p>\n<p>[\/et_pb_text][et_pb_heading title=&#8220;7. VERWALTUNG VON PERS\u00d6NLICHEN DATEN.&#8220; _builder_version=&#8220;4.27.4&#8243; _module_preset=&#8220;default&#8220; title_font_size=&#8220;23px&#8220; custom_margin=&#8220;||0px|||&#8220; hover_enabled=&#8220;0&#8243; global_colors_info=&#8220;{}&#8220; title_level=&#8220;h2&#8243; sticky_enabled=&#8220;0&#8243;][\/et_pb_heading][et_pb_text _builder_version=&#8220;4.27.4&#8243; _module_preset=&#8220;default&#8220; text_font=&#8220;Lato||||||||&#8220; text_font_size=&#8220;15px&#8220; global_colors_info=&#8220;{}&#8220;]<\/p>\n<p>In Frankreich sind pers\u00f6nliche Daten insbesondere durch das Gesetz Nr. 78-87 vom 6. Januar 1978, das Gesetz Nr. 2004-801 vom 6. August 2004, Artikel L. 226-13 des Strafgesetzbuches und die Europ\u00e4ische Richtlinie vom 24. Oktober 1995 gesch\u00fctzt.<\/p>\n<p>Bei der Nutzung der Website www.vikory.com k\u00f6nnen folgende Daten erfasst werden: die URL der Links, \u00fcber die der Nutzer auf die Website www.vikory.com gelangte, der Zugangsanbieter des Nutzers, die Internetprotokoll-Adresse (IP) des Nutzers.<\/p>\n<p>In jedem Fall sammelt VIKORY pers\u00f6nliche Informationen \u00fcber den Nutzer nur f\u00fcr die Zwecke bestimmter Dienstleistungen, die auf der Website www.vikory.com angeboten werden. Der Nutzer stellt diese Informationen in voller Kenntnis der Sachlage zur Verf\u00fcgung, insbesondere wenn er sie selbst eingibt. Der Nutzer von www.vikory.com wird dann dar\u00fcber informiert, ob er diese Informationen bereitstellen muss oder nicht.  <\/p>\n<p>In \u00dcbereinstimmung mit den Bestimmungen von Artikel<\/p>\n<p>[\/et_pb_text][et_pb_heading title=&#8220;8. HYPERLINKS UND COOKIES.&#8220; _builder_version=&#8220;4.27.4&#8243; _module_preset=&#8220;default&#8220; title_font_size=&#8220;23px&#8220; custom_margin=&#8220;||1px|||&#8220; hover_enabled=&#8220;0&#8243; global_colors_info=&#8220;{}&#8220; title_level=&#8220;h2&#8243; sticky_enabled=&#8220;0&#8243;][\/et_pb_heading][et_pb_text _builder_version=&#8220;4.27.4&#8243; _module_preset=&#8220;default&#8220; text_font=&#8220;Lato||||||||&#8220; text_font_size=&#8220;15px&#8220; global_colors_info=&#8220;{}&#8220;]<\/p>\n<p>Die Website www.vikory.com enth\u00e4lt eine Reihe von Hypertext-Links zu anderen Websites, die mit der Genehmigung von VIKORY eingerichtet wurden. VIKORY hat jedoch nicht die M\u00f6glichkeit, den Inhalt dieser Seiten zu \u00fcberpr\u00fcfen und \u00fcbernimmt dementsprechend keine Verantwortung. <\/p>\n<p>Das Surfen auf der Website www.vikory.com kann dazu f\u00fchren, dass auf dem Computer des Nutzers ein Cookie(s) installiert wird. Ein Cookie ist eine kleine Datei, die keine Identifizierung des Nutzers erm\u00f6glicht, aber Informationen \u00fcber die Navigation eines Computers auf einer Website speichert. Die so erhaltenen Daten sollen die sp\u00e4tere Navigation auf der Website erleichtern und dienen auch dazu, verschiedene Messungen der Besucherzahlen zu erm\u00f6glichen.  <\/p>\n<p>Die Verweigerung der Installation eines Cookies kann dazu f\u00fchren, dass Sie auf bestimmte Dienste nicht zugreifen k\u00f6nnen. Der Nutzer kann jedoch seinen Computer wie folgt konfigurieren, um die Installation von Cookies abzulehnen: <\/p>\n<p>Im Internet Explorer: Registerkarte &#8222;Extras&#8220; (Zahnrad-Piktogramm oben rechts) \/ Internetoptionen. Klicken Sie auf &#8222;Datenschutz&#8220; und w\u00e4hlen Sie &#8222;Alle Cookies blockieren&#8220;. Best\u00e4tigen Sie mit &#8222;Ok&#8220;. Firefox: Klicken Sie oben im Browserfenster auf die Firefox-Schaltfl\u00e4che und gehen Sie dann zur Registerkarte Optionen. Klicken Sie auf die Registerkarte Datenschutz. Stellen Sie die Aufbewahrungsregeln auf: Benutzerdefinierte Einstellungen f\u00fcr den Verlauf verwenden. Entfernen Sie schlie\u00dflich das H\u00e4kchen, um die Cookies zu deaktivieren.      <\/p>\n<p>Safari: Klicken Sie oben rechts im Browser auf das Men\u00fc-Piktogramm (symbolisiert durch ein Zahnrad). W\u00e4hlen Sie Einstellungen. Klicken Sie auf Erweiterte Einstellungen anzeigen. Klicken Sie im Abschnitt &#8222;Datenschutz&#8220; auf Inhaltseinstellungen. Im Abschnitt &#8222;Cookies&#8220; k\u00f6nnen Sie Cookies blockieren.    <\/p>\n<p>Chrome: Klicken Sie oben rechts im Browser auf das Men\u00fc-Piktogramm (symbolisiert durch drei horizontale Linien). W\u00e4hlen Sie Einstellungen. Klicken Sie auf Erweiterte Einstellungen anzeigen. Klicken Sie im Abschnitt &#8222;Datenschutz&#8220; auf Einstellungen. Auf der Registerkarte &#8222;Datenschutz&#8220; k\u00f6nnen Sie Cookies blockieren.    <\/p>\n<p>[\/et_pb_text][et_pb_heading title=&#8220;9. ANWENDBARES RECHT UND GERICHTSBARKEIT.&#8220; _builder_version=&#8220;4.27.4&#8243; _module_preset=&#8220;default&#8220; title_font_size=&#8220;23px&#8220; custom_margin=&#8220;||1px|||&#8220; hover_enabled=&#8220;0&#8243; global_colors_info=&#8220;{}&#8220; title_level=&#8220;h2&#8243; sticky_enabled=&#8220;0&#8243;][\/et_pb_heading][et_pb_text _builder_version=&#8220;4.27.4&#8243; _module_preset=&#8220;default&#8220; text_font=&#8220;Lato||||||||&#8220; text_font_size=&#8220;15px&#8220; global_colors_info=&#8220;{}&#8220;]<\/p>\n<p class=\"\">Alle Streitigkeiten im Zusammenhang mit der Nutzung der Website www.vikory.com unterliegen dem franz\u00f6sischen Recht. Die ausschlie\u00dfliche Zust\u00e4ndigkeit liegt bei den zust\u00e4ndigen Gerichten in Lille (Nord). <\/p>\n<p>[\/et_pb_text][et_pb_heading title=&#8220;10. WICHTIGSTEN BETROFFENEN GESETZE.&#8220; _builder_version=&#8220;4.27.4&#8243; _module_preset=&#8220;default&#8220; title_font_size=&#8220;23px&#8220; custom_margin=&#8220;||2px|||&#8220; hover_enabled=&#8220;0&#8243; global_colors_info=&#8220;{}&#8220; title_level=&#8220;h2&#8243; sticky_enabled=&#8220;0&#8243;][\/et_pb_heading][et_pb_text _builder_version=&#8220;4.27.4&#8243; _module_preset=&#8220;default&#8220; text_font=&#8220;Lato||||||||&#8220; text_font_size=&#8220;15px&#8220; global_colors_info=&#8220;{}&#8220;]<\/p>\n<p>Gesetz Nr. 78-17 vom 6. Januar 1978, insbesondere ge\u00e4ndert durch das Gesetz Nr. 2004-801 vom 6. August 2004, \u00fcber Informatik, Dateien und Freiheiten.<\/p>\n<p>Gesetz Nr. 2004-575 vom 21. Juni 2004 \u00fcber das Vertrauen in die digitale Wirtschaft.<\/p>\n<p>[\/et_pb_text][et_pb_heading title=&#8220;11. GLOSSAR.&#8220; _builder_version=&#8220;4.27.4&#8243; _module_preset=&#8220;default&#8220; title_font_size=&#8220;23px&#8220; custom_margin=&#8220;||1px|||&#8220; hover_enabled=&#8220;0&#8243; global_colors_info=&#8220;{}&#8220; title_level=&#8220;h2&#8243; sticky_enabled=&#8220;0&#8243;][\/et_pb_heading][et_pb_text _builder_version=&#8220;4.27.4&#8243; _module_preset=&#8220;default&#8220; text_font=&#8220;Lato||||||||&#8220; text_font_size=&#8220;15px&#8220; global_colors_info=&#8220;{}&#8220;]<\/p>\n<p>Benutzer: Internetnutzer, der sich einloggt und die oben genannte Website nutzt.<\/p>\n<p>Pers\u00f6nliche Informationen: &#8222;Informationen, die in jedweder Form, direkt oder indirekt, die Identifizierung der nat\u00fcrlichen Personen erm\u00f6glichen, auf die sie sich beziehen&#8220; (Artikel 4 des Gesetzes Nr. 78-17 vom 6. Januar 1978).<\/p>\n<p>[\/et_pb_text][\/et_pb_column][\/et_pb_row][\/et_pb_section]<\/p>\n","protected":false},"excerpt":{"rendered":"<p>Gem\u00e4\u00df Artikel 6 des Gesetzes Nr. 2004-575 vom 21. Juni 2004 \u00fcber das Vertrauen in die digitale Wirtschaft wird den Nutzern der Website www.vikory.com die Identit\u00e4t der verschiedenen Akteure im Rahmen der Realisierung und \u00dcberwachung der Website mitgeteilt: Eigent\u00fcmer: CG-MC (VIKORY) - SIRET 94846775800017 - 8 Chemin de la Noue - 21600 LONGVIC - FrankreichHerausgeber: [&hellip;]<\/p>\n","protected":false},"author":3,"featured_media":0,"parent":5229,"menu_order":69,"comment_status":"closed","ping_status":"closed","template":"","meta":{"_acf_changed":false,"_et_pb_use_builder":"on","_et_pb_old_content":"","_et_gb_content_width":"","footnotes":""},"class_list":["post-1892","page","type-page","status-publish","hentry"],"acf":[],"aioseo_notices":[],"_links":{"self":[{"href":"https:\/\/vikory.com\/de\/wp-json\/wp\/v2\/pages\/1892","targetHints":{"allow":["GET"]}}],"collection":[{"href":"https:\/\/vikory.com\/de\/wp-json\/wp\/v2\/pages"}],"about":[{"href":"https:\/\/vikory.com\/de\/wp-json\/wp\/v2\/types\/page"}],"author":[{"embeddable":true,"href":"https:\/\/vikory.com\/de\/wp-json\/wp\/v2\/users\/3"}],"replies":[{"embeddable":true,"href":"https:\/\/vikory.com\/de\/wp-json\/wp\/v2\/comments?post=1892"}],"version-history":[{"count":9,"href":"https:\/\/vikory.com\/de\/wp-json\/wp\/v2\/pages\/1892\/revisions"}],"predecessor-version":[{"id":14022,"href":"https:\/\/vikory.com\/de\/wp-json\/wp\/v2\/pages\/1892\/revisions\/14022"}],"up":[{"embeddable":true,"href":"https:\/\/vikory.com\/de\/wp-json\/wp\/v2\/pages\/5229"}],"wp:attachment":[{"href":"https:\/\/vikory.com\/de\/wp-json\/wp\/v2\/media?parent=1892"}],"curies":[{"name":"wp","href":"https:\/\/api.w.org\/{rel}","templated":true}]}}