{"id":1902,"date":"2025-04-17T09:33:55","date_gmt":"2025-04-17T08:33:55","guid":{"rendered":"https:\/\/vikory.com\/?page_id=1902"},"modified":"2026-01-14T13:40:08","modified_gmt":"2026-01-14T12:40:08","slug":"notre-histoire","status":"publish","type":"page","link":"https:\/\/vikory.com\/de\/notre-histoire\/","title":{"rendered":"Unsere Geschichte"},"content":{"rendered":"<p>[et_pb_section fb_built=&#8220;1&#8243; _builder_version=&#8220;4.27.4&#8243; _module_preset=&#8220;default&#8220; custom_padding=&#8220;5px||2px|||&#8220; global_colors_info=&#8220;{}&#8220;][et_pb_row _builder_version=&#8220;4.27.4&#8243; _module_preset=&#8220;default&#8220; global_colors_info=&#8220;{}&#8220;][et_pb_column type=&#8220;4_4&#8243; _builder_version=&#8220;4.27.4&#8243; _module_preset=&#8220;default&#8220; global_colors_info=&#8220;{}&#8220;][et_pb_heading title=&#8220;Unsere Geschichte&#8220; _builder_version=&#8220;4.27.4&#8243; _module_preset=&#8220;default&#8220; title_text_align=&#8220;center&#8220; title_font_size=&#8220;50px&#8220; global_colors_info=&#8220;{}&#8220;][\/et_pb_heading][\/et_pb_column][\/et_pb_row][\/et_pb_section][et_pb_section fb_built=&#8220;1&#8243; _builder_version=&#8220;4.27.4&#8243; _module_preset=&#8220;default&#8220; custom_padding=&#8220;4px|||||&#8220; global_colors_info=&#8220;{}&#8220;][et_pb_row _builder_version=&#8220;4.27.4&#8243; _module_preset=&#8220;default&#8220; width_tablet=&#8220;&#8220; width_phone=&#8220;90%&#8220; width_last_edited=&#8220;on|phone&#8220; global_colors_info=&#8220;{}&#8220;][et_pb_column type=&#8220;4_4&#8243; _builder_version=&#8220;4.27.4&#8243; _module_preset=&#8220;default&#8220; global_colors_info=&#8220;{}&#8220;][et_pb_text admin_label=&#8220;Text&#8220; _builder_version=&#8220;4.27.4&#8243; _module_preset=&#8220;default&#8220; text_font=&#8220;Lato||||||||&#8220; text_font_size=&#8220;15px&#8220; text_orientation=&#8220;justified&#8220; width=&#8220;65%&#8220; module_alignment=&#8220;center&#8220; custom_padding=&#8220;1px|15px||15px|false|false&#8220; global_colors_info=&#8220;{}&#8220;]<\/p>\n<p data-start=\"282\" data-end=\"606\"><strong data-start=\"315\" data-end=\"325\">Vikory<\/strong> wurde von <strong data-start=\"293\" data-end=\"313\">Cl\u00e9ment Desplats<\/strong> gegr\u00fcndet und entstand aus einer einfachen Ambition heraus: <strong data-start=\"378\" data-end=\"389\">stilvolle<\/strong>, <strong data-start=\"391\" data-end=\"408\">nachhaltigere<\/strong> und <strong data-start=\"412\" data-end=\"432\">inspirierende<\/strong> Essst\u00e4bchen zu entwickeln.<br data-start=\"433\" data-end=\"436\">Um sein Projekt zu verwirklichen, konnte Cl\u00e9ment eine Gemeinschaft von Enthusiasten um sich scharen und die notwendigen Mittel durch eine Kickstarter-Kampagne aufbringen. <a href=\"https:\/\/www.kickstarter.com\/projects\/447275778\/vikory-the-first-drumsticks-combining-quality-with\"><strong data-start=\"568\" data-end=\"583\">Kickstarter<\/strong><\/a> die 2019 erfolgreich abgeschlossen werden soll.<\/p>\n<p data-start=\"608\" data-end=\"1018\">Nach jahrelanger Forschung fand er die perfekte Formel f\u00fcr eine l\u00e4ngere Lebensdauer und weniger Vibrationen: eine sorgf\u00e4ltige Auswahl der besten H\u00f6lzer in Verbindung mit einem idealen Feuchtigkeitsgehalt.<br data-start=\"807\" data-end=\"810\">Er gab den Sticks auch eine <strong data-start=\"849\" data-end=\"877\">einzigartige visuelle Identit\u00e4t,<\/strong> inspiriert durch seine Lebenserfahrungen und Begegnungen, insbesondere mit den indigenen Gemeinden in Chiapas, Mexiko.<\/p>\n<p data-start=\"1020\" data-end=\"1430\"><strong data-start=\"1020\" data-end=\"1034\">Anfang 2025<\/strong> wurde ein neues Kapitel aufgeschlagen.<br data-start=\"1069\" data-end=\"1072\"><strong data-start=\"1072\" data-end=\"1093\">Christian Gagn\u00e8re<\/strong>, CEO von <strong data-start=\"1102\" data-end=\"1111\">CG-MC<\/strong>, \u00fcbernimmt die F\u00fchrung mit dem Ziel, das Erbe zu bewahren und Vikory international bekannt zu machen.<br data-start=\"1225\" data-end=\"1228\">Um dieses Ziel zu erreichen, <strong data-start=\"1257\" data-end=\"1308\">st\u00fctzt sich CG-MC auf ein Team von<\/strong> <strong data-start=\"1312\" data-end=\"1325\">Marketing-<\/strong> und <strong data-start=\"1332\" data-end=\"1344\">Wirtschaftsexperten<\/strong>, die sich der Entwicklung des Bekanntheitsgrades und der Pr\u00e4senz der Marke auf allen M\u00e4rkten widmen.<\/p>\n<p data-start=\"1432\" data-end=\"1667\">Getreu unserem Motto <em data-start=\"1456\" data-end=\"1480\">&#8222;The sound of victory&#8220;<\/em> setzen wir unsere Mission fort, Schlagzeugern auf der ganzen Welt <strong data-start=\"1565\" data-end=\"1590\">hochfeste<\/strong>, <strong data-start=\"1595\" data-end=\"1612\">stilvolle<\/strong> Sticks zu liefern, die einen <strong data-start=\"1633\" data-end=\"1664\">unvergleichlichen Spielkomfort<\/strong> garantieren.<\/p>\n<p>[\/et_pb_text][\/et_pb_column][\/et_pb_row][\/et_pb_section][et_pb_section fb_built=&#8220;1&#8243; _builder_version=&#8220;4.27.4&#8243; _module_preset=&#8220;default&#8220; background_color=&#8220;#e1e1e1&#8243; custom_padding=&#8220;8px||4px|||&#8220; locked=&#8220;off&#8220; global_colors_info=&#8220;{}&#8220;][et_pb_row column_structure=&#8220;1_3,1_3,1_3&#8243; _builder_version=&#8220;4.27.4&#8243; _module_preset=&#8220;default&#8220; custom_padding=&#8220;19px|||||&#8220; global_colors_info=&#8220;{}&#8220;][et_pb_column type=&#8220;1_3&#8243; _builder_version=&#8220;4.27.4&#8243; _module_preset=&#8220;default&#8220; global_colors_info=&#8220;{}&#8220;][et_pb_blurb title=&#8220;Au\u00dfergew\u00f6hnliche Baguettes.&#8220; image=&#8220;https:\/\/vikory.com\/wp-content\/uploads\/2025\/04\/drumstick_bee389bf-5baa-4e12-a10d-32c455bf1e66_x50@2x.png&#8220; image_icon_width=&#8220;44%&#8220; _builder_version=&#8220;4.27.4&#8243; _module_preset=&#8220;default&#8220; header_font=&#8220;Quicksand|700|||||||&#8220; header_font_size=&#8220;17px&#8220; body_font=&#8220;Lato|-et_global_heading_font_weight|||||||&#8220; body_text_color=&#8220;#535252&#8243; image_icon_custom_margin=&#8220;||0px||false|false&#8220; image_icon_custom_padding=&#8220;||0px||false|false&#8220; text_orientation=&#8220;center&#8220; global_colors_info=&#8220;{}&#8220;]<\/p>\n<p><span>Jedes Baguette, das unsere Werkst\u00e4tten verl\u00e4sst, wird gepr\u00fcft, um ein einzigartiges Erlebnis zu garantieren.<\/span><\/p>\n<p>[\/et_pb_blurb][\/et_pb_column][et_pb_column type=&#8220;1_3&#8243; _builder_version=&#8220;4.27.4&#8243; _module_preset=&#8220;default&#8220; global_colors_info=&#8220;{}&#8220;][et_pb_blurb title=&#8220;Qualit\u00e4tsholz.&#8220; image=&#8220;https:\/\/vikory.com\/wp-content\/uploads\/2025\/04\/favorite_x50@2x.png&#8220; image_icon_width=&#8220;44%&#8220; _builder_version=&#8220;4.27.4&#8243; _module_preset=&#8220;default&#8220; header_font=&#8220;Quicksand|700|||||||&#8220; header_font_size=&#8220;17px&#8220; body_font=&#8220;Lato|-et_global_heading_font_weight|||||||&#8220; body_text_color=&#8220;#535252&#8243; image_icon_custom_margin=&#8220;||0px||false|false&#8220; image_icon_custom_padding=&#8220;||0px||false|false&#8220; text_orientation=&#8220;center&#8220; global_colors_info=&#8220;{}&#8220;]<\/p>\n<p>Unsere Baguettes werden aus Hickory hergestellt, einem wei\u00dfen amerikanischen Hickorybaum, der sowohl weich als auch hart ist.<\/p>\n<p>[\/et_pb_blurb][\/et_pb_column][et_pb_column type=&#8220;1_3&#8243; _builder_version=&#8220;4.27.4&#8243; _module_preset=&#8220;default&#8220; global_colors_info=&#8220;{}&#8220;][et_pb_blurb title=&#8220;Kostenlose Lieferung.&#8220; image=&#8220;https:\/\/vikory.com\/wp-content\/uploads\/2025\/04\/shipping-box_x50@2x.png&#8220; image_icon_width=&#8220;44%&#8220; _builder_version=&#8220;4.27.4&#8243; _module_preset=&#8220;default&#8220; header_font=&#8220;Quicksand|700|||||||&#8220; header_font_size=&#8220;17px&#8220; body_font=&#8220;Lato|-et_global_heading_font_weight|||||||&#8220; body_text_color=&#8220;#535252&#8243; image_icon_custom_margin=&#8220;||0px||false|false&#8220; image_icon_custom_padding=&#8220;||0px||false|false&#8220; text_orientation=&#8220;center&#8220; global_colors_info=&#8220;{}&#8220;]<\/p>\n<p>Kostenlose Lieferung nach Frankreich f\u00fcr alle Bestellungen \u00fcber 60 \u20ac.<\/p>\n<p>[\/et_pb_blurb][\/et_pb_column][\/et_pb_row][\/et_pb_section]<\/p>\n","protected":false},"excerpt":{"rendered":"<p>Vikory wurde von Cl\u00e9ment Desplats gegr\u00fcndet und entstand aus einer einfachen Ambition heraus: stilvolle, nachhaltigere und inspirierende Essst\u00e4bchen zu entwickeln.Um sein Projekt zu verwirklichen, konnte Cl\u00e9ment eine Gemeinschaft von Enthusiasten um sich scharen und die notwendigen Mittel durch eine Kickstarter-Kampagne aufbringen. Kickstarter die 2019 erfolgreich abgeschlossen werden soll. Nach jahrelanger Forschung fand er die perfekte [&hellip;]<\/p>\n","protected":false},"author":3,"featured_media":0,"parent":0,"menu_order":70,"comment_status":"closed","ping_status":"closed","template":"","meta":{"_acf_changed":false,"_et_pb_use_builder":"on","_et_pb_old_content":"","_et_gb_content_width":"","footnotes":""},"class_list":["post-1902","page","type-page","status-publish","hentry"],"acf":[],"aioseo_notices":[],"_links":{"self":[{"href":"https:\/\/vikory.com\/de\/wp-json\/wp\/v2\/pages\/1902","targetHints":{"allow":["GET"]}}],"collection":[{"href":"https:\/\/vikory.com\/de\/wp-json\/wp\/v2\/pages"}],"about":[{"href":"https:\/\/vikory.com\/de\/wp-json\/wp\/v2\/types\/page"}],"author":[{"embeddable":true,"href":"https:\/\/vikory.com\/de\/wp-json\/wp\/v2\/users\/3"}],"replies":[{"embeddable":true,"href":"https:\/\/vikory.com\/de\/wp-json\/wp\/v2\/comments?post=1902"}],"version-history":[{"count":13,"href":"https:\/\/vikory.com\/de\/wp-json\/wp\/v2\/pages\/1902\/revisions"}],"predecessor-version":[{"id":14101,"href":"https:\/\/vikory.com\/de\/wp-json\/wp\/v2\/pages\/1902\/revisions\/14101"}],"wp:attachment":[{"href":"https:\/\/vikory.com\/de\/wp-json\/wp\/v2\/media?parent=1902"}],"curies":[{"name":"wp","href":"https:\/\/api.w.org\/{rel}","templated":true}]}}