{"id":1798,"date":"2025-04-17T11:15:59","date_gmt":"2025-04-17T10:15:59","guid":{"rendered":"https:\/\/vikory.com\/?page_id=1798"},"modified":"2026-01-14T13:42:53","modified_gmt":"2026-01-14T12:42:53","slug":"endorsements","status":"publish","type":"page","link":"https:\/\/vikory.com\/en\/legal\/endorsements\/","title":{"rendered":"Les ambassadeurs Vikory qui font vivre la marque"},"content":{"rendered":"<p>[et_pb_section fb_built=&#8221;1&#8243; _builder_version=&#8221;4.27.4&#8243; _module_preset=&#8221;default&#8221; custom_padding=&#8221;||3px|||&#8221; locked=&#8221;off&#8221; global_colors_info=&#8221;{}&#8221;][et_pb_row custom_padding_last_edited=&#8221;on|phone&#8221; _builder_version=&#8221;4.27.4&#8243; _module_preset=&#8221;default&#8221; width=&#8221;50%&#8221; width_tablet=&#8221;50%&#8221; width_phone=&#8221;90%&#8221; width_last_edited=&#8221;on|phone&#8221; module_alignment=&#8221;center&#8221; custom_padding_tablet=&#8221;&#8221; custom_padding_phone=&#8221;|10px||10px|false|true&#8221; global_colors_info=&#8221;{}&#8221;][et_pb_column type=&#8221;4_4&#8243; _builder_version=&#8221;4.27.4&#8243; _module_preset=&#8221;default&#8221; global_colors_info=&#8221;{}&#8221;][et_pb_heading title=&#8221;Approbations&#8221; _builder_version=&#8221;4.27.4&#8243; _module_preset=&#8221;default&#8221; title_text_align=&#8221;center&#8221; title_font_size=&#8221;50px&#8221; title_font_size_tablet=&#8221;50px&#8221; title_font_size_phone=&#8221;40px&#8221; title_font_size_last_edited=&#8221;on|phone&#8221; global_colors_info=&#8221;{}&#8221;][\/et_pb_heading][et_pb_image src=&#8221;https:\/\/vikory.com\/wp-content\/uploads\/2025\/04\/Banner_Endorsement.webp&#8221; title_text=&#8221;Banner_Endorsement&#8221; _builder_version=&#8221;4.27.4&#8243; _module_preset=&#8221;default&#8221; global_colors_info=&#8221;{}&#8221;][\/et_pb_image][et_pb_heading title=&#8221;CE QUE VOUS DEVEZ SAVOIR EN PREMIER LIEU :&#8221; _builder_version=&#8221;4.27.4&#8243; _module_preset=&#8221;default&#8221; title_level=&#8221;h2&#8243; global_colors_info=&#8221;{}&#8221;][\/et_pb_heading][et_pb_text _builder_version=&#8221;4.27.4&#8243; _module_preset=&#8221;default&#8221; global_colors_info=&#8221;{}&#8221;]<\/p>\n<p>Avant de remplir la candidature en ligne, nous avons pens\u00e9 qu&#8217;il serait judicieux de vous expliquer notre vision des recommandations et les \u00e9l\u00e9ments que nous prenons en compte pour d\u00e9cider qui int\u00e9grera ou non la famille Vikory.<\/p>\n<p>Ce que signifie \u00ab\u00a0recommandation\u00a0\u00bb<br \/>Par d\u00e9finition, une \u00ab\u00a0recommandation\u00a0\u00bb signifie qu&#8217;un artiste s&#8217;engage pleinement et ne jure que par une marque particuli\u00e8re. Cela signifie que l&#8217;artiste est convaincu que les produits de cette marque sont les meilleurs et les seuls qu&#8217;il souhaite jouer ou utiliser. C&#8217;est l&#8217;artiste qui recommande la marque de l&#8217;entreprise, et non l&#8217;inverse. L&#8217;entreprise reconna\u00eet simplement cette recommandation par une relation officielle mutuellement b\u00e9n\u00e9fique pour l&#8217;artiste et l&#8217;entreprise.<\/p>\n<ul>\n<li>Du c\u00f4t\u00e9 de l&#8217;artiste, il b\u00e9n\u00e9ficiera de plusieurs avantages li\u00e9s \u00e0 la marque de l&#8217;entreprise, clairement mentionn\u00e9s dans son contrat de recommandation.<\/li>\n<li>Du c\u00f4t\u00e9 de l&#8217;entreprise, la visibilit\u00e9 publique de l&#8217;artiste devrait accro\u00eetre la visibilit\u00e9 de la marque et, par cons\u00e9quent, les ventes du produit.<\/li>\n<\/ul>\n<p>Alors, comment obtenir une recommandation Vikory\u00a0?<\/p>\n<p>Tout d&#8217;abord, commandez et essayez nos produits. S\u00e9rieusement. Si vous n&#8217;appr\u00e9ciez pas nos produits, nous ne pourrons pas envisager un partenariat potentiel avec vous.<\/p>\n<p>Et si vous les appr\u00e9ciez (et nous en sommes s\u00fbrs), demandez-vous quelle valeur vous pourriez apporter \u00e0 Vikory. Cela pourrait \u00eatre votre personnalit\u00e9 musicale, vos abonn\u00e9s YouTube et\/ou vos nombreux concerts et titres.<\/p>\n<p>Si vous pensez que nous pouvons construire une relation solide et mutuellement b\u00e9n\u00e9fique, veuillez remplir le formulaire de candidature ci-dessous. Si votre profil nous int\u00e9resse, nous vous recontacterons dans les plus brefs d\u00e9lais pour la suite des choses.<\/p>\n<p>Cordialement,<\/p>\n<p>L&#8217;\u00e9quipe Vikory<\/p>\n<p>[\/et_pb_text][\/et_pb_column][\/et_pb_row][\/et_pb_section][et_pb_section fb_built=&#8221;1&#8243; _builder_version=&#8221;4.27.4&#8243; _module_preset=&#8221;default&#8221; custom_padding=&#8221;18px|||||&#8221; locked=&#8221;off&#8221; global_colors_info=&#8221;{}&#8221;][et_pb_row module_class=&#8221;main-contact&#8221; _builder_version=&#8221;4.27.4&#8243; _module_preset=&#8221;default&#8221; width=&#8221;50%&#8221; width_tablet=&#8221;50%&#8221; width_phone=&#8221;90%&#8221; width_last_edited=&#8221;on|phone&#8221; max_width_tablet=&#8221;&#8221; max_width_phone=&#8221;90%&#8221; max_width_last_edited=&#8221;on|desktop&#8221; custom_padding=&#8221;4px|||||&#8221; global_colors_info=&#8221;{}&#8221; width__hover_enabled=&#8221;on|desktop&#8221; width__hover=&#8221;50%&#8221;][et_pb_column type=&#8221;4_4&#8243; _builder_version=&#8221;4.27.4&#8243; _module_preset=&#8221;default&#8221; global_colors_info=&#8221;{}&#8221;][et_pb_text _builder_version=&#8221;4.27.4&#8243; _module_preset=&#8221;default&#8221; text_font=&#8221;&#8211;et_global_heading_font|700|||||||&#8221; text_text_color=&#8221;#000000&#8243; text_font_size=&#8221;40px&#8221; text_line_height=&#8221;1.8em&#8221; global_colors_info=&#8221;{}&#8221;]<\/p>\n<p>Formulaire de demande d&#8217;approbation<\/p>\n<p>[\/et_pb_text][et_pb_contact_form captcha=&#8221;off&#8221; submit_button_text=&#8221;Envoyer&#8221; admin_label=&#8221;Contact Form&#8221; _builder_version=&#8221;4.27.4&#8243; _module_preset=&#8221;default&#8221; _unique_id=&#8221;42e6f318-f0f4-4914-8ecd-3776cbf6dc09&#8243; form_field_background_color=&#8221;#f0eff2&#8243; form_field_line_height=&#8221;1.9em&#8221; custom_button=&#8221;on&#8221; button_text_size=&#8221;14px&#8221; button_text_color=&#8221;#3d3030&#8243; button_bg_color=&#8221;#feb312&#8243; button_border_width=&#8221;2px&#8221; button_border_color=&#8221;#feb312&#8243; button_border_radius=&#8221;5px&#8221; button_letter_spacing=&#8221;1px&#8221; button_font=&#8221;Quicksand|600|||||||&#8221; button_icon=&#8221;&#x24;||divi||400&#8243; button_icon_color=&#8221;#000000&#8243; button_on_hover=&#8221;off&#8221; button_custom_padding=&#8221;10px|34px|10px|18px|false|false&#8221; border_radii=&#8221;on|5px|5px|5px|5px&#8221; box_shadow_style_button=&#8221;preset1&#8243; box_shadow_vertical_button=&#8221;0px&#8221; box_shadow_blur_button=&#8221;0px&#8221; box_shadow_spread_button=&#8221;3px&#8221; box_shadow_color_button=&#8221;#feb312&#8243; global_colors_info=&#8221;{}&#8221; button_text_color__hover_enabled=&#8221;on|desktop&#8221; button_text_color__hover=&#8221;#3d3030&#8243; button_icon_color__hover_enabled=&#8221;on|desktop&#8221; button_icon_color__hover=&#8221;RGBA(255,255,255,0)&#8221;][et_pb_contact_field field_id=&#8221;Nom&#8221; field_title=&#8221;Nom&#8221; _builder_version=&#8221;4.27.4&#8243; border_radii=&#8221;on|5px|5px|5px|5px&#8221; global_colors_info=&#8221;{}&#8221; button_text_size__hover_enabled=&#8221;off&#8221; button_one_text_size__hover_enabled=&#8221;off&#8221; button_two_text_size__hover_enabled=&#8221;off&#8221; button_text_color__hover_enabled=&#8221;off&#8221; button_one_text_color__hover_enabled=&#8221;off&#8221; button_two_text_color__hover_enabled=&#8221;off&#8221; button_border_width__hover_enabled=&#8221;off&#8221; button_one_border_width__hover_enabled=&#8221;off&#8221; button_two_border_width__hover_enabled=&#8221;off&#8221; button_border_color__hover_enabled=&#8221;off&#8221; button_one_border_color__hover_enabled=&#8221;off&#8221; button_two_border_color__hover_enabled=&#8221;off&#8221; button_border_radius__hover_enabled=&#8221;off&#8221; button_one_border_radius__hover_enabled=&#8221;off&#8221; button_two_border_radius__hover_enabled=&#8221;off&#8221; button_letter_spacing__hover_enabled=&#8221;off&#8221; button_one_letter_spacing__hover_enabled=&#8221;off&#8221; button_two_letter_spacing__hover_enabled=&#8221;off&#8221; button_bg_color__hover_enabled=&#8221;off&#8221; button_one_bg_color__hover_enabled=&#8221;off&#8221; button_two_bg_color__hover_enabled=&#8221;off&#8221;][\/et_pb_contact_field][et_pb_contact_field field_id=&#8221;Email&#8221; field_title=&#8221;E-mail&#8221; field_type=&#8221;email&#8221; _builder_version=&#8221;4.27.4&#8243; global_colors_info=&#8221;{}&#8221; button_text_size__hover_enabled=&#8221;off&#8221; button_one_text_size__hover_enabled=&#8221;off&#8221; button_two_text_size__hover_enabled=&#8221;off&#8221; button_text_color__hover_enabled=&#8221;off&#8221; button_one_text_color__hover_enabled=&#8221;off&#8221; button_two_text_color__hover_enabled=&#8221;off&#8221; button_border_width__hover_enabled=&#8221;off&#8221; button_one_border_width__hover_enabled=&#8221;off&#8221; button_two_border_width__hover_enabled=&#8221;off&#8221; button_border_color__hover_enabled=&#8221;off&#8221; button_one_border_color__hover_enabled=&#8221;off&#8221; button_two_border_color__hover_enabled=&#8221;off&#8221; button_border_radius__hover_enabled=&#8221;off&#8221; button_one_border_radius__hover_enabled=&#8221;off&#8221; button_two_border_radius__hover_enabled=&#8221;off&#8221; button_letter_spacing__hover_enabled=&#8221;off&#8221; button_one_letter_spacing__hover_enabled=&#8221;off&#8221; button_two_letter_spacing__hover_enabled=&#8221;off&#8221; button_bg_color__hover_enabled=&#8221;off&#8221; button_one_bg_color__hover_enabled=&#8221;off&#8221; button_two_bg_color__hover_enabled=&#8221;off&#8221;][\/et_pb_contact_field][et_pb_contact_field field_id=&#8221;Field_4&#8243; field_title=&#8221;Num\u00e9ro de t\u00e9l\u00e9phone&#8221; fullwidth_field=&#8221;on&#8221; _builder_version=&#8221;4.27.4&#8243; _module_preset=&#8221;default&#8221; global_colors_info=&#8221;{}&#8221;][\/et_pb_contact_field][et_pb_contact_field field_id=&#8221;Message&#8221; field_title=&#8221;Message&#8221; field_type=&#8221;text&#8221; fullwidth_field=&#8221;on&#8221; _builder_version=&#8221;4.27.4&#8243; global_colors_info=&#8221;{}&#8221; button_text_size__hover_enabled=&#8221;off&#8221; button_one_text_size__hover_enabled=&#8221;off&#8221; button_two_text_size__hover_enabled=&#8221;off&#8221; button_text_color__hover_enabled=&#8221;off&#8221; button_one_text_color__hover_enabled=&#8221;off&#8221; button_two_text_color__hover_enabled=&#8221;off&#8221; button_border_width__hover_enabled=&#8221;off&#8221; button_one_border_width__hover_enabled=&#8221;off&#8221; button_two_border_width__hover_enabled=&#8221;off&#8221; button_border_color__hover_enabled=&#8221;off&#8221; button_one_border_color__hover_enabled=&#8221;off&#8221; button_two_border_color__hover_enabled=&#8221;off&#8221; button_border_radius__hover_enabled=&#8221;off&#8221; button_one_border_radius__hover_enabled=&#8221;off&#8221; button_two_border_radius__hover_enabled=&#8221;off&#8221; button_letter_spacing__hover_enabled=&#8221;off&#8221; button_one_letter_spacing__hover_enabled=&#8221;off&#8221; button_two_letter_spacing__hover_enabled=&#8221;off&#8221; button_bg_color__hover_enabled=&#8221;off&#8221; button_one_bg_color__hover_enabled=&#8221;off&#8221; button_two_bg_color__hover_enabled=&#8221;off&#8221;][\/et_pb_contact_field][\/et_pb_contact_form][\/et_pb_column][\/et_pb_row][\/et_pb_section][et_pb_section fb_built=&#8221;1&#8243; _builder_version=&#8221;4.27.4&#8243; _module_preset=&#8221;default&#8221; background_color=&#8221;#e1e1e1&#8243; custom_padding=&#8221;8px||4px|||&#8221; locked=&#8221;off&#8221; global_colors_info=&#8221;{}&#8221;][et_pb_row column_structure=&#8221;1_3,1_3,1_3&#8243; _builder_version=&#8221;4.27.4&#8243; _module_preset=&#8221;default&#8221; custom_padding=&#8221;19px|||||&#8221; global_colors_info=&#8221;{}&#8221;][et_pb_column type=&#8221;1_3&#8243; _builder_version=&#8221;4.27.4&#8243; _module_preset=&#8221;default&#8221; global_colors_info=&#8221;{}&#8221;][et_pb_blurb title=&#8221;Baguettes d&#8217;Exception.&#8221; image=&#8221;https:\/\/vikory.com\/wp-content\/uploads\/2025\/04\/drumstick_bee389bf-5baa-4e12-a10d-32c455bf1e66_x50@2x.png&#8221; image_icon_width=&#8221;44%&#8221; _builder_version=&#8221;4.27.4&#8243; _module_preset=&#8221;default&#8221; header_font=&#8221;Quicksand|700|||||||&#8221; header_font_size=&#8221;17px&#8221; body_font=&#8221;Lato|&#8211;et_global_heading_font_weight|||||||&#8221; body_text_color=&#8221;#535252&#8243; image_icon_custom_margin=&#8221;||0px||false|false&#8221; image_icon_custom_padding=&#8221;||0px||false|false&#8221; text_orientation=&#8221;center&#8221; global_colors_info=&#8221;{}&#8221;]<\/p>\n<p><strong>Chaque baguette <\/strong>sortant de nos ateliers <strong>est examin\u00e9e <\/strong>pour <strong>garantir <\/strong>une <strong>exp\u00e9rience unique<\/strong>.<\/p>\n<p>[\/et_pb_blurb][\/et_pb_column][et_pb_column type=&#8221;1_3&#8243; _builder_version=&#8221;4.27.4&#8243; _module_preset=&#8221;default&#8221; global_colors_info=&#8221;{}&#8221;][et_pb_blurb title=&#8221;Bois de Qualit\u00e9.&#8221; image=&#8221;https:\/\/vikory.com\/wp-content\/uploads\/2025\/04\/favorite_x50@2x.png&#8221; image_icon_width=&#8221;44%&#8221; _builder_version=&#8221;4.27.4&#8243; _module_preset=&#8221;default&#8221; header_font=&#8221;Quicksand|700|||||||&#8221; header_font_size=&#8221;17px&#8221; body_font=&#8221;Lato|&#8211;et_global_heading_font_weight|||||||&#8221; body_text_color=&#8221;#535252&#8243; image_icon_custom_margin=&#8221;||0px||false|false&#8221; image_icon_custom_padding=&#8221;||0px||false|false&#8221; text_orientation=&#8221;center&#8221; global_colors_info=&#8221;{}&#8221;]<\/p>\n<p>Nos <strong>baguettes <\/strong>sont <strong>fabriqu\u00e9es en hickory<\/strong>, un caryer blanc d&#8217;Am\u00e9rique<strong> <\/strong>\u00e0 la fois <strong>souple et dur.<\/strong><\/p>\n<p>[\/et_pb_blurb][\/et_pb_column][et_pb_column type=&#8221;1_3&#8243; _builder_version=&#8221;4.27.4&#8243; _module_preset=&#8221;default&#8221; global_colors_info=&#8221;{}&#8221;][et_pb_blurb title=&#8221;Livraison Gratuite.&#8221; image=&#8221;https:\/\/vikory.com\/wp-content\/uploads\/2025\/04\/shipping-box_x50@2x.png&#8221; image_icon_width=&#8221;44%&#8221; _builder_version=&#8221;4.27.4&#8243; _module_preset=&#8221;default&#8221; header_font=&#8221;Quicksand|700|||||||&#8221; header_font_size=&#8221;17px&#8221; body_font=&#8221;Lato|&#8211;et_global_heading_font_weight|||||||&#8221; body_text_color=&#8221;#535252&#8243; image_icon_custom_margin=&#8221;||0px||false|false&#8221; image_icon_custom_padding=&#8221;||0px||false|false&#8221; text_orientation=&#8221;center&#8221; global_colors_info=&#8221;{}&#8221;]<\/p>\n<p><strong>Livraison gratuite <\/strong>en France M\u00e9tropolitaine pour toute <strong>commande sup\u00e9rieure \u00e0 60\u20ac.<\/strong><\/p>\n<p>[\/et_pb_blurb][\/et_pb_column][\/et_pb_row][\/et_pb_section]<\/p>\n","protected":false},"excerpt":{"rendered":"<p>Avant de remplir la candidature en ligne, nous avons pens\u00e9 qu&#8217;il serait judicieux de vous expliquer notre vision des recommandations et les \u00e9l\u00e9ments que nous prenons en compte pour d\u00e9cider qui int\u00e9grera ou non la famille Vikory. Ce que signifie \u00ab\u00a0recommandation\u00a0\u00bbPar d\u00e9finition, une \u00ab\u00a0recommandation\u00a0\u00bb signifie qu&#8217;un artiste s&#8217;engage pleinement et ne jure que par une [&hellip;]<\/p>\n","protected":false},"author":3,"featured_media":0,"parent":4894,"menu_order":57,"comment_status":"closed","ping_status":"closed","template":"","meta":{"_acf_changed":false,"_et_pb_use_builder":"on","_et_pb_old_content":"","_et_gb_content_width":"","footnotes":""},"class_list":["post-1798","page","type-page","status-publish","hentry"],"acf":[],"aioseo_notices":[],"_links":{"self":[{"href":"https:\/\/vikory.com\/en\/wp-json\/wp\/v2\/pages\/1798","targetHints":{"allow":["GET"]}}],"collection":[{"href":"https:\/\/vikory.com\/en\/wp-json\/wp\/v2\/pages"}],"about":[{"href":"https:\/\/vikory.com\/en\/wp-json\/wp\/v2\/types\/page"}],"author":[{"embeddable":true,"href":"https:\/\/vikory.com\/en\/wp-json\/wp\/v2\/users\/3"}],"replies":[{"embeddable":true,"href":"https:\/\/vikory.com\/en\/wp-json\/wp\/v2\/comments?post=1798"}],"version-history":[{"count":11,"href":"https:\/\/vikory.com\/en\/wp-json\/wp\/v2\/pages\/1798\/revisions"}],"predecessor-version":[{"id":14109,"href":"https:\/\/vikory.com\/en\/wp-json\/wp\/v2\/pages\/1798\/revisions\/14109"}],"up":[{"embeddable":true,"href":"https:\/\/vikory.com\/en\/wp-json\/wp\/v2\/pages\/4894"}],"wp:attachment":[{"href":"https:\/\/vikory.com\/en\/wp-json\/wp\/v2\/media?parent=1798"}],"curies":[{"name":"wp","href":"https:\/\/api.w.org\/{rel}","templated":true}]}}