{"id":1247,"date":"2025-04-15T13:42:58","date_gmt":"2025-04-15T12:42:58","guid":{"rendered":"https:\/\/vikory.com\/carrito\/"},"modified":"2025-07-19T12:57:44","modified_gmt":"2025-07-19T07:27:44","slug":"panier","status":"publish","type":"page","link":"https:\/\/vikory.com\/es\/panier\/","title":{"rendered":"Carrito"},"content":{"rendered":"<p>[et_pb_section fb_built=\u00bb1&#8243; _builder_version=\u00bb4.16&#8243; global_colors_info=\u00bb{}\u00bb][et_pb_row _builder_version=\u00bb4.16&#8243; background_size=\u00bbinitial\u00bb background_position=\u00bbtop_left\u00bb background_repeat=\u00bbrepeat\u00bb global_colors_info=\u00bb{}\u00bb][et_pb_column type=\u00bb4_4&#8243; _builder_version=\u00bb4.16&#8243; custom_padding=\u00bb|||\u00bb global_colors_info=\u00bb{}\u00bb custom_padding__hover=\u00bb|||\u00bb][et_pb_text _builder_version=\u00bb4.27.4&#8243; _module_preset=\u00bbdefault\u00bb text_font=\u00bb-et_global_heading_font|800|||||||\u00bb text_text_color=\u00bb#000000&#8243; text_font_size=\u00bb50px\u00bb text_orientation=\u00bbcenter\u00bb custom_margin=\u00bb||33px|||\u00bb global_colors_info=\u00bb{}\u00bb]Tu carrito[\/et_pb_text][et_pb_post_title meta=\u00bboff\u00bb featured_image=\u00bboff\u00bb disabled_on=\u00bbon|on|on\u00bb _builder_version=\u00bb4.27.4&#8243; disabled=\u00bbon\u00bb global_colors_info=\u00bb{}\u00bb][\/et_pb_post_title][et_pb_wc_cart_notice _builder_version=\u00bb4.16&#8243; global_colors_info=\u00bb{}\u00bb][\/et_pb_wc_cart_notice][et_pb_wc_cart_products _builder_version=\u00bb4.16&#8243; global_colors_info=\u00bb{}\u00bb][\/et_pb_wc_cart_products][\/et_pb_column][\/et_pb_row][et_pb_row column_structure=\u00bb1_2,1_2&#8243; _builder_version=\u00bb4.16&#8243; background_size=\u00bbinitial\u00bb background_position=\u00bbtop_left\u00bb background_repeat=\u00bbrepeat\u00bb global_colors_info=\u00bb{}\u00bb][et_pb_column type=\u00bb1_2&#8243; _builder_version=\u00bb4.16&#8243; custom_padding=\u00bb|||\u00bb global_colors_info=\u00bb{}\u00bb custom_padding__hover=\u00bb|||\u00bb][et_pb_wc_cross_sells _builder_version=\u00bb4.16&#8243; global_colors_info=\u00bb{}\u00bb][\/et_pb_wc_cross_sells][\/et_pb_column][et_pb_column type=\u00bb1_2&#8243; _builder_version=\u00bb4.16&#8243; custom_padding=\u00bb|||\u00bb global_colors_info=\u00bb{}\u00bb custom_padding__hover=\u00bb|||\u00bb][et_pb_wc_cart_totals _builder_version=\u00bb4.16&#8243; global_colors_info=\u00bb{}\u00bb][\/et_pb_wc_cart_totals][\/et_pb_column][\/et_pb_row][\/et_pb_section][et_pb_section fb_built=\u00bb1&#8243; _builder_version=\u00bb4.27.4&#8243; _module_preset=\u00bbdefault\u00bb background_color=\u00bb#e1e1e1&#8243; custom_padding=\u00bb8px||4px|||\u00bb locked=\u00bboff\u00bb global_colors_info=\u00bb{}\u00bb][et_pb_row column_structure=\u00bb1_3,1_3,1_3&#8243; _builder_version=\u00bb4.27.4&#8243; _module_preset=\u00bbdefault\u00bb custom_padding=\u00bb19px|||||\u00bb global_colors_info=\u00bb{}\u00bb][et_pb_column type=\u00bb1_3&#8243; _builder_version=\u00bb4.27.4&#8243; _module_preset=\u00bbdefault\u00bb global_colors_info=\u00bb{}\u00bb][et_pb_blurb title=\u00bbBaguettes d&#8217;Exception.\u00bb image=\u00bbhttps:\/\/vikory.com\/wp-content\/uploads\/2025\/04\/drumstick_bee389bf-5baa-4e12-a10d-32c455bf1e66_x50@2x.png\u00bb image_icon_width=\u00bb44%\u00bb _builder_version=\u00bb4.27.4&#8243; _module_preset=\u00bbdefault\u00bb header_font=\u00bbQuicksand|700|||||||\u00bb header_font_size=\u00bb17px\u00bb body_font=\u00bbLato|-et_global_heading_font_weight|||||||\u00bb body_text_color=\u00bb#535252&#8243; image_icon_custom_margin=\u00bb||0px||false|false\u00bb image_icon_custom_padding=\u00bb||0px||false|false\u00bb text_orientation=\u00bbcenter\u00bb global_colors_info=\u00bb{}\u00bb]<\/p>\n<p><strong>Chaque baguette <\/strong>sortant de nos ateliers <strong>est examin\u00e9e <\/strong>pour <strong>garantir <\/strong>une <strong>exp\u00e9rience unique<\/strong>.<\/p>\n<p>[\/et_pb_blurb][\/et_pb_column][et_pb_column type=\u00bb1_3&#8243; _builder_version=\u00bb4.27.4&#8243; _module_preset=\u00bbdefault\u00bb global_colors_info=\u00bb{}\u00bb][et_pb_blurb title=\u00bbBois de Qualit\u00e9.\u00bb image=\u00bbhttps:\/\/vikory.com\/wp-content\/uploads\/2025\/04\/favorite_x50@2x.png\u00bb image_icon_width=\u00bb44%\u00bb _builder_version=\u00bb4.27.4&#8243; _module_preset=\u00bbdefault\u00bb header_font=\u00bbQuicksand|700|||||||\u00bb header_font_size=\u00bb17px\u00bb body_font=\u00bbLato|-et_global_heading_font_weight|||||||\u00bb body_text_color=\u00bb#535252&#8243; image_icon_custom_margin=\u00bb||0px||false|false\u00bb image_icon_custom_padding=\u00bb||0px||false|false\u00bb text_orientation=\u00bbcenter\u00bb global_colors_info=\u00bb{}\u00bb]<\/p>\n<p>Nos <strong>baguettes <\/strong>sont <strong>fabriqu\u00e9es en hickory<\/strong>, un caryer blanc d&#8217;Am\u00e9rique<strong> <\/strong>\u00e0 la fois <strong>souple et dur.<\/strong><\/p>\n<p>[\/et_pb_blurb][\/et_pb_column][et_pb_column type=\u00bb1_3&#8243; _builder_version=\u00bb4.27.4&#8243; _module_preset=\u00bbdefault\u00bb global_colors_info=\u00bb{}\u00bb][et_pb_blurb title=\u00bbLivraison Gratuite.\u00bb image=\u00bbhttps:\/\/vikory.com\/wp-content\/uploads\/2025\/04\/shipping-box_x50@2x.png\u00bb image_icon_width=\u00bb44%\u00bb _builder_version=\u00bb4.27.4&#8243; _module_preset=\u00bbdefault\u00bb header_font=\u00bbQuicksand|700|||||||\u00bb header_font_size=\u00bb17px\u00bb body_font=\u00bbLato|-et_global_heading_font_weight|||||||\u00bb body_text_color=\u00bb#535252&#8243; image_icon_custom_margin=\u00bb||0px||false|false\u00bb image_icon_custom_padding=\u00bb||0px||false|false\u00bb text_orientation=\u00bbcenter\u00bb global_colors_info=\u00bb{}\u00bb]<\/p>\n<p><strong>Livraison gratuite <\/strong>en France M\u00e9tropolitaine pour toute <strong>commande sup\u00e9rieure \u00e0 60\u20ac.<\/strong><\/p>\n<p>[\/et_pb_blurb][\/et_pb_column][\/et_pb_row][\/et_pb_section]<\/p>\n","protected":false},"excerpt":{"rendered":"<p>Tu carritoChaque baguette sortant de nos ateliers est examin\u00e9e pour garantir une exp\u00e9rience unique.Nos baguettes sont fabriqu\u00e9es en hickory, un caryer blanc d&#8217;Am\u00e9rique \u00e0 la fois souple et dur.Livraison gratuite en France M\u00e9tropolitaine pour toute commande sup\u00e9rieure \u00e0 60\u20ac.<\/p>\n","protected":false},"author":4,"featured_media":0,"parent":0,"menu_order":83,"comment_status":"closed","ping_status":"closed","template":"","meta":{"_acf_changed":false,"_et_pb_use_builder":"on","_et_pb_old_content":"","_et_gb_content_width":"","footnotes":""},"class_list":["post-1247","page","type-page","status-publish","hentry"],"acf":[],"aioseo_notices":[],"_links":{"self":[{"href":"https:\/\/vikory.com\/es\/wp-json\/wp\/v2\/pages\/1247","targetHints":{"allow":["GET"]}}],"collection":[{"href":"https:\/\/vikory.com\/es\/wp-json\/wp\/v2\/pages"}],"about":[{"href":"https:\/\/vikory.com\/es\/wp-json\/wp\/v2\/types\/page"}],"author":[{"embeddable":true,"href":"https:\/\/vikory.com\/es\/wp-json\/wp\/v2\/users\/4"}],"replies":[{"embeddable":true,"href":"https:\/\/vikory.com\/es\/wp-json\/wp\/v2\/comments?post=1247"}],"version-history":[{"count":3,"href":"https:\/\/vikory.com\/es\/wp-json\/wp\/v2\/pages\/1247\/revisions"}],"predecessor-version":[{"id":4584,"href":"https:\/\/vikory.com\/es\/wp-json\/wp\/v2\/pages\/1247\/revisions\/4584"}],"wp:attachment":[{"href":"https:\/\/vikory.com\/es\/wp-json\/wp\/v2\/media?parent=1247"}],"curies":[{"name":"wp","href":"https:\/\/api.w.org\/{rel}","templated":true}]}}