{"id":1802,"date":"2025-04-17T11:15:59","date_gmt":"2025-04-17T10:15:59","guid":{"rendered":"https:\/\/vikory.com\/?page_id=1802"},"modified":"2025-08-12T18:00:07","modified_gmt":"2025-08-12T12:30:07","slug":"aprobaciones","status":"publish","type":"page","link":"https:\/\/vikory.com\/es\/ley\/aprobaciones\/","title":{"rendered":"Aprobaciones"},"content":{"rendered":"<p>[et_pb_section fb_built=\u00bb1&#8243; _builder_version=\u00bb4.27.4&#8243; _module_preset=\u00bbdefault\u00bb custom_padding=\u00bb||3px|||\u00bb locked=\u00bboff\u00bb global_colors_info=\u00bb{}\u00bb][et_pb_row custom_padding_last_edited=\u00bbon|phone\u00bb _builder_version=\u00bb4.27.4&#8243; _module_preset=\u00bbdefault\u00bb width=\u00bb50%\u00bb width_tablet=\u00bb50%\u00bb width_phone=\u00bb90%\u00bb width_last_edited=\u00bbon|phone\u00bb module_alignment=\u00bbcenter\u00bb custom_padding_tablet=\u00bb\u00bb custom_padding_phone=\u00bb|10px||10px|false|true\u00bb global_colors_info=\u00bb{}\u00bb][et_pb_column type=\u00bb4_4&#8243; _builder_version=\u00bb4.27.4&#8243; _module_preset=\u00bbdefault\u00bb global_colors_info=\u00bb{}\u00bb][et_pb_heading title=\u00bbApprobations\u00bb _builder_version=\u00bb4.27.4&#8243; _module_preset=\u00bbdefault\u00bb title_text_align=\u00bbcenter\u00bb title_font_size=\u00bb50px\u00bb title_font_size_tablet=\u00bb50px\u00bb title_font_size_phone=\u00bb40px\u00bb title_font_size_last_edited=\u00bbon|phone\u00bb global_colors_info=\u00bb{}\u00bb][\/et_pb_heading][et_pb_image src=\u00bbhttps:\/\/vikory.com\/wp-content\/uploads\/2025\/04\/Banner_Endorsement.webp\u00bb title_text=\u00bbBanner_Endorsement\u00bb _builder_version=\u00bb4.27.4&#8243; _module_preset=\u00bbdefault\u00bb global_colors_info=\u00bb{}\u00bb][\/et_pb_image][et_pb_heading title=\u00bbCE QUE VOUS DEVEZ SAVOIR EN PREMIER LIEU :\u00bb _builder_version=\u00bb4.27.4&#8243; _module_preset=\u00bbdefault\u00bb global_colors_info=\u00bb{}\u00bb][\/et_pb_heading][et_pb_text _builder_version=\u00bb4.27.4&#8243; _module_preset=\u00bbdefault\u00bb global_colors_info=\u00bb{}\u00bb]<\/p>\n<p>Avant de remplir la candidature en ligne, nous avons pens\u00e9 qu&#8217;il serait judicieux de vous expliquer notre vision des recommandations et les \u00e9l\u00e9ments que nous prenons en compte pour d\u00e9cider qui int\u00e9grera ou non la famille Vikory.<\/p>\n<p>Ce que signifie \u00ab\u00a0recommandation\u00a0\u00bb<br \/>Par d\u00e9finition, une \u00ab\u00a0recommandation\u00a0\u00bb signifie qu&#8217;un artiste s&#8217;engage pleinement et ne jure que par une marque particuli\u00e8re. Cela signifie que l&#8217;artiste est convaincu que les produits de cette marque sont les meilleurs et les seuls qu&#8217;il souhaite jouer ou utiliser. C&#8217;est l&#8217;artiste qui recommande la marque de l&#8217;entreprise, et non l&#8217;inverse. L&#8217;entreprise reconna\u00eet simplement cette recommandation par une relation officielle mutuellement b\u00e9n\u00e9fique pour l&#8217;artiste et l&#8217;entreprise.<\/p>\n<ul>\n<li>Du c\u00f4t\u00e9 de l&#8217;artiste, il b\u00e9n\u00e9ficiera de plusieurs avantages li\u00e9s \u00e0 la marque de l&#8217;entreprise, clairement mentionn\u00e9s dans son contrat de recommandation.<\/li>\n<li>Du c\u00f4t\u00e9 de l&#8217;entreprise, la visibilit\u00e9 publique de l&#8217;artiste devrait accro\u00eetre la visibilit\u00e9 de la marque et, par cons\u00e9quent, les ventes du produit.<\/li>\n<\/ul>\n<p>Alors, comment obtenir une recommandation Vikory\u00a0?<\/p>\n<p>Tout d&#8217;abord, commandez et essayez nos produits. S\u00e9rieusement. Si vous n&#8217;appr\u00e9ciez pas nos produits, nous ne pourrons pas envisager un partenariat potentiel avec vous.<\/p>\n<p>Et si vous les appr\u00e9ciez (et nous en sommes s\u00fbrs), demandez-vous quelle valeur vous pourriez apporter \u00e0 Vikory. Cela pourrait \u00eatre votre personnalit\u00e9 musicale, vos abonn\u00e9s YouTube et\/ou vos nombreux concerts et titres.<\/p>\n<p>Si vous pensez que nous pouvons construire une relation solide et mutuellement b\u00e9n\u00e9fique, veuillez remplir le formulaire de candidature ci-dessous. Si votre profil nous int\u00e9resse, nous vous recontacterons dans les plus brefs d\u00e9lais pour la suite des choses.<\/p>\n<p>Cordialement,<\/p>\n<p>L&#8217;\u00e9quipe Vikory<\/p>\n<p>[\/et_pb_text][\/et_pb_column][\/et_pb_row][\/et_pb_section][et_pb_section fb_built=\u00bb1&#8243; _builder_version=\u00bb4.27.4&#8243; _module_preset=\u00bbdefault\u00bb custom_padding=\u00bb18px|||||\u00bb locked=\u00bboff\u00bb global_colors_info=\u00bb{}\u00bb][et_pb_row module_class=\u00bbmain-contact\u00bb _builder_version=\u00bb4.27.4&#8243; _module_preset=\u00bbdefault\u00bb width=\u00bb50%\u00bb width_tablet=\u00bb50%\u00bb width_phone=\u00bb90%\u00bb width_last_edited=\u00bbon|phone\u00bb max_width_tablet=\u00bb\u00bb max_width_phone=\u00bb90%\u00bb max_width_last_edited=\u00bbon|desktop\u00bb custom_padding=\u00bb4px|||||\u00bb global_colors_info=\u00bb{}\u00bb width__hover_enabled=\u00bbon|desktop\u00bb width__hover=\u00bb50%\u00bb][et_pb_column type=\u00bb4_4&#8243; _builder_version=\u00bb4.27.4&#8243; _module_preset=\u00bbdefault\u00bb global_colors_info=\u00bb{}\u00bb][et_pb_text _builder_version=\u00bb4.27.4&#8243; _module_preset=\u00bbdefault\u00bb text_font=\u00bb-et_global_heading_font|700|||||||\u00bb text_text_color=\u00bb#000000&#8243; text_font_size=\u00bb40px\u00bb text_line_height=\u00bb1.8em\u00bb global_colors_info=\u00bb{}\u00bb]<\/p>\n<p>Formulaire de demande d&#8217;approbation<\/p>\n<p>[\/et_pb_text][et_pb_contact_form captcha=\u00bboff\u00bb submit_button_text=\u00bbEnvoyer\u00bb admin_label=\u00bbContact Form\u00bb _builder_version=\u00bb4.27.4&#8243; _module_preset=\u00bbdefault\u00bb _unique_id=\u00bb42e6f318-f0f4-4914-8ecd-3776cbf6dc09&#8243; form_field_background_color=\u00bb#f0eff2&#8243; form_field_line_height=\u00bb1.9em\u00bb custom_button=\u00bbon\u00bb button_text_size=\u00bb14px\u00bb button_text_color=\u00bb#3d3030&#8243; button_bg_color=\u00bb#feb312&#8243; button_border_width=\u00bb2px\u00bb button_border_color=\u00bb#feb312&#8243; button_border_radius=\u00bb5px\u00bb button_letter_spacing=\u00bb1px\u00bb button_font=\u00bbQuicksand|600|||||||\u00bb button_icon=\u00bb&#x24;||divi||400&#8243; button_icon_color=\u00bb#000000&#8243; button_on_hover=\u00bboff\u00bb button_custom_padding=\u00bb10px|34px|10px|18px|false|false\u00bb border_radii=\u00bbon|5px|5px|5px|5px\u00bb box_shadow_style_button=\u00bbpreset1&#8243; box_shadow_vertical_button=\u00bb0px\u00bb box_shadow_blur_button=\u00bb0px\u00bb box_shadow_spread_button=\u00bb3px\u00bb box_shadow_color_button=\u00bb#feb312&#8243; global_colors_info=\u00bb{}\u00bb button_text_color__hover_enabled=\u00bbon|desktop\u00bb button_text_color__hover=\u00bb#3d3030&#8243; button_icon_color__hover_enabled=\u00bbon|desktop\u00bb button_icon_color__hover=\u00bbRGBA(255,255,255,0)\u00bb][et_pb_contact_field field_id=\u00bbNom\u00bb field_title=\u00bbNom\u00bb _builder_version=\u00bb4.27.4&#8243; border_radii=\u00bbon|5px|5px|5px|5px\u00bb global_colors_info=\u00bb{}\u00bb button_text_size__hover_enabled=\u00bboff\u00bb button_one_text_size__hover_enabled=\u00bboff\u00bb button_two_text_size__hover_enabled=\u00bboff\u00bb button_text_color__hover_enabled=\u00bboff\u00bb button_one_text_color__hover_enabled=\u00bboff\u00bb button_two_text_color__hover_enabled=\u00bboff\u00bb button_border_width__hover_enabled=\u00bboff\u00bb button_one_border_width__hover_enabled=\u00bboff\u00bb button_two_border_width__hover_enabled=\u00bboff\u00bb button_border_color__hover_enabled=\u00bboff\u00bb button_one_border_color__hover_enabled=\u00bboff\u00bb button_two_border_color__hover_enabled=\u00bboff\u00bb button_border_radius__hover_enabled=\u00bboff\u00bb button_one_border_radius__hover_enabled=\u00bboff\u00bb button_two_border_radius__hover_enabled=\u00bboff\u00bb button_letter_spacing__hover_enabled=\u00bboff\u00bb button_one_letter_spacing__hover_enabled=\u00bboff\u00bb button_two_letter_spacing__hover_enabled=\u00bboff\u00bb button_bg_color__hover_enabled=\u00bboff\u00bb button_one_bg_color__hover_enabled=\u00bboff\u00bb button_two_bg_color__hover_enabled=\u00bboff\u00bb][\/et_pb_contact_field][et_pb_contact_field field_id=\u00bbEmail\u00bb field_title=\u00bbE-mail\u00bb field_type=\u00bbemail\u00bb _builder_version=\u00bb4.27.4&#8243; global_colors_info=\u00bb{}\u00bb button_text_size__hover_enabled=\u00bboff\u00bb button_one_text_size__hover_enabled=\u00bboff\u00bb button_two_text_size__hover_enabled=\u00bboff\u00bb button_text_color__hover_enabled=\u00bboff\u00bb button_one_text_color__hover_enabled=\u00bboff\u00bb button_two_text_color__hover_enabled=\u00bboff\u00bb button_border_width__hover_enabled=\u00bboff\u00bb button_one_border_width__hover_enabled=\u00bboff\u00bb button_two_border_width__hover_enabled=\u00bboff\u00bb button_border_color__hover_enabled=\u00bboff\u00bb button_one_border_color__hover_enabled=\u00bboff\u00bb button_two_border_color__hover_enabled=\u00bboff\u00bb button_border_radius__hover_enabled=\u00bboff\u00bb button_one_border_radius__hover_enabled=\u00bboff\u00bb button_two_border_radius__hover_enabled=\u00bboff\u00bb button_letter_spacing__hover_enabled=\u00bboff\u00bb button_one_letter_spacing__hover_enabled=\u00bboff\u00bb button_two_letter_spacing__hover_enabled=\u00bboff\u00bb button_bg_color__hover_enabled=\u00bboff\u00bb button_one_bg_color__hover_enabled=\u00bboff\u00bb button_two_bg_color__hover_enabled=\u00bboff\u00bb][\/et_pb_contact_field][et_pb_contact_field field_id=\u00bbField_4&#8243; field_title=\u00bbNum\u00e9ro de t\u00e9l\u00e9phone\u00bb fullwidth_field=\u00bbon\u00bb _builder_version=\u00bb4.27.4&#8243; _module_preset=\u00bbdefault\u00bb global_colors_info=\u00bb{}\u00bb][\/et_pb_contact_field][et_pb_contact_field field_id=\u00bbMessage\u00bb field_title=\u00bbMessage\u00bb field_type=\u00bbtext\u00bb fullwidth_field=\u00bbon\u00bb _builder_version=\u00bb4.27.4&#8243; global_colors_info=\u00bb{}\u00bb button_text_size__hover_enabled=\u00bboff\u00bb button_one_text_size__hover_enabled=\u00bboff\u00bb button_two_text_size__hover_enabled=\u00bboff\u00bb button_text_color__hover_enabled=\u00bboff\u00bb button_one_text_color__hover_enabled=\u00bboff\u00bb button_two_text_color__hover_enabled=\u00bboff\u00bb button_border_width__hover_enabled=\u00bboff\u00bb button_one_border_width__hover_enabled=\u00bboff\u00bb button_two_border_width__hover_enabled=\u00bboff\u00bb button_border_color__hover_enabled=\u00bboff\u00bb button_one_border_color__hover_enabled=\u00bboff\u00bb button_two_border_color__hover_enabled=\u00bboff\u00bb button_border_radius__hover_enabled=\u00bboff\u00bb button_one_border_radius__hover_enabled=\u00bboff\u00bb button_two_border_radius__hover_enabled=\u00bboff\u00bb button_letter_spacing__hover_enabled=\u00bboff\u00bb button_one_letter_spacing__hover_enabled=\u00bboff\u00bb button_two_letter_spacing__hover_enabled=\u00bboff\u00bb button_bg_color__hover_enabled=\u00bboff\u00bb button_one_bg_color__hover_enabled=\u00bboff\u00bb button_two_bg_color__hover_enabled=\u00bboff\u00bb][\/et_pb_contact_field][\/et_pb_contact_form][\/et_pb_column][\/et_pb_row][\/et_pb_section][et_pb_section fb_built=\u00bb1&#8243; _builder_version=\u00bb4.27.4&#8243; _module_preset=\u00bbdefault\u00bb background_color=\u00bb#e1e1e1&#8243; custom_padding=\u00bb8px||4px|||\u00bb locked=\u00bboff\u00bb global_colors_info=\u00bb{}\u00bb][et_pb_row column_structure=\u00bb1_3,1_3,1_3&#8243; _builder_version=\u00bb4.27.4&#8243; _module_preset=\u00bbdefault\u00bb custom_padding=\u00bb19px|||||\u00bb global_colors_info=\u00bb{}\u00bb][et_pb_column type=\u00bb1_3&#8243; _builder_version=\u00bb4.27.4&#8243; _module_preset=\u00bbdefault\u00bb global_colors_info=\u00bb{}\u00bb][et_pb_blurb title=\u00bbBaguettes d&#8217;Exception.\u00bb image=\u00bbhttps:\/\/vikory.com\/wp-content\/uploads\/2025\/04\/drumstick_bee389bf-5baa-4e12-a10d-32c455bf1e66_x50@2x.png\u00bb image_icon_width=\u00bb44%\u00bb _builder_version=\u00bb4.27.4&#8243; _module_preset=\u00bbdefault\u00bb header_font=\u00bbQuicksand|700|||||||\u00bb header_font_size=\u00bb17px\u00bb body_font=\u00bbLato|-et_global_heading_font_weight|||||||\u00bb body_text_color=\u00bb#535252&#8243; image_icon_custom_margin=\u00bb||0px||false|false\u00bb image_icon_custom_padding=\u00bb||0px||false|false\u00bb text_orientation=\u00bbcenter\u00bb global_colors_info=\u00bb{}\u00bb]<\/p>\n<p><strong>Chaque baguette <\/strong>sortant de nos ateliers <strong>est examin\u00e9e <\/strong>pour <strong>garantir <\/strong>une <strong>exp\u00e9rience unique<\/strong>.<\/p>\n<p>[\/et_pb_blurb][\/et_pb_column][et_pb_column type=\u00bb1_3&#8243; _builder_version=\u00bb4.27.4&#8243; _module_preset=\u00bbdefault\u00bb global_colors_info=\u00bb{}\u00bb][et_pb_blurb title=\u00bbBois de Qualit\u00e9.\u00bb image=\u00bbhttps:\/\/vikory.com\/wp-content\/uploads\/2025\/04\/favorite_x50@2x.png\u00bb image_icon_width=\u00bb44%\u00bb _builder_version=\u00bb4.27.4&#8243; _module_preset=\u00bbdefault\u00bb header_font=\u00bbQuicksand|700|||||||\u00bb header_font_size=\u00bb17px\u00bb body_font=\u00bbLato|-et_global_heading_font_weight|||||||\u00bb body_text_color=\u00bb#535252&#8243; image_icon_custom_margin=\u00bb||0px||false|false\u00bb image_icon_custom_padding=\u00bb||0px||false|false\u00bb text_orientation=\u00bbcenter\u00bb global_colors_info=\u00bb{}\u00bb]<\/p>\n<p>Nos <strong>baguettes <\/strong>sont <strong>fabriqu\u00e9es en hickory<\/strong>, un caryer blanc d&#8217;Am\u00e9rique<strong> <\/strong>\u00e0 la fois <strong>souple et dur.<\/strong><\/p>\n<p>[\/et_pb_blurb][\/et_pb_column][et_pb_column type=\u00bb1_3&#8243; _builder_version=\u00bb4.27.4&#8243; _module_preset=\u00bbdefault\u00bb global_colors_info=\u00bb{}\u00bb][et_pb_blurb title=\u00bbLivraison Gratuite.\u00bb image=\u00bbhttps:\/\/vikory.com\/wp-content\/uploads\/2025\/04\/shipping-box_x50@2x.png\u00bb image_icon_width=\u00bb44%\u00bb _builder_version=\u00bb4.27.4&#8243; _module_preset=\u00bbdefault\u00bb header_font=\u00bbQuicksand|700|||||||\u00bb header_font_size=\u00bb17px\u00bb body_font=\u00bbLato|-et_global_heading_font_weight|||||||\u00bb body_text_color=\u00bb#535252&#8243; image_icon_custom_margin=\u00bb||0px||false|false\u00bb image_icon_custom_padding=\u00bb||0px||false|false\u00bb text_orientation=\u00bbcenter\u00bb global_colors_info=\u00bb{}\u00bb]<\/p>\n<p><strong>Livraison gratuite <\/strong>en France M\u00e9tropolitaine pour toute <strong>commande sup\u00e9rieure \u00e0 60\u20ac.<\/strong><\/p>\n<p>[\/et_pb_blurb][\/et_pb_column][\/et_pb_row][\/et_pb_section]<\/p>\n","protected":false},"excerpt":{"rendered":"<p>Avant de remplir la candidature en ligne, nous avons pens\u00e9 qu&#8217;il serait judicieux de vous expliquer notre vision des recommandations et les \u00e9l\u00e9ments que nous prenons en compte pour d\u00e9cider qui int\u00e9grera ou non la famille Vikory. Ce que signifie \u00ab\u00a0recommandation\u00a0\u00bbPar d\u00e9finition, une \u00ab\u00a0recommandation\u00a0\u00bb signifie qu&#8217;un artiste s&#8217;engage pleinement et ne jure que par une [&hellip;]<\/p>\n","protected":false},"author":3,"featured_media":0,"parent":5233,"menu_order":57,"comment_status":"closed","ping_status":"closed","template":"","meta":{"_acf_changed":false,"_et_pb_use_builder":"on","_et_pb_old_content":"","_et_gb_content_width":"","footnotes":""},"class_list":["post-1802","page","type-page","status-publish","hentry"],"acf":[],"aioseo_notices":[],"_links":{"self":[{"href":"https:\/\/vikory.com\/es\/wp-json\/wp\/v2\/pages\/1802","targetHints":{"allow":["GET"]}}],"collection":[{"href":"https:\/\/vikory.com\/es\/wp-json\/wp\/v2\/pages"}],"about":[{"href":"https:\/\/vikory.com\/es\/wp-json\/wp\/v2\/types\/page"}],"author":[{"embeddable":true,"href":"https:\/\/vikory.com\/es\/wp-json\/wp\/v2\/users\/3"}],"replies":[{"embeddable":true,"href":"https:\/\/vikory.com\/es\/wp-json\/wp\/v2\/comments?post=1802"}],"version-history":[{"count":9,"href":"https:\/\/vikory.com\/es\/wp-json\/wp\/v2\/pages\/1802\/revisions"}],"predecessor-version":[{"id":5264,"href":"https:\/\/vikory.com\/es\/wp-json\/wp\/v2\/pages\/1802\/revisions\/5264"}],"up":[{"embeddable":true,"href":"https:\/\/vikory.com\/es\/wp-json\/wp\/v2\/pages\/5233"}],"wp:attachment":[{"href":"https:\/\/vikory.com\/es\/wp-json\/wp\/v2\/media?parent=1802"}],"curies":[{"name":"wp","href":"https:\/\/api.w.org\/{rel}","templated":true}]}}