{"id":1850,"date":"2025-04-17T11:26:24","date_gmt":"2025-04-17T10:26:24","guid":{"rendered":"https:\/\/vikory.com\/?page_id=1850"},"modified":"2026-01-13T08:59:50","modified_gmt":"2026-01-13T07:59:50","slug":"derecho-de-devolucion","status":"publish","type":"page","link":"https:\/\/vikory.com\/es\/ley\/derecho-de-devolucion\/","title":{"rendered":"Derecho de devoluci\u00f3n"},"content":{"rendered":"<p>[et_pb_section fb_built=\u00bb1&#8243; _builder_version=\u00bb4.27.4&#8243; _module_preset=\u00bbdefault\u00bb custom_padding=\u00bb||3px|||\u00bb locked=\u00bboff\u00bb global_colors_info=\u00bb{}\u00bb][et_pb_row _builder_version=\u00bb4.27.4&#8243; _module_preset=\u00bbdefault\u00bb global_colors_info=\u00bb{}\u00bb][et_pb_column type=\u00bb4_4&#8243; _builder_version=\u00bb4.27.4&#8243; _module_preset=\u00bbdefault\u00bb global_colors_info=\u00bb{}\u00bb][et_pb_heading title=\u00bbDerecho de devoluci\u00f3n\u00bb _builder_version=\u00bb4.27.4&#8243; _module_preset=\u00bbdefault\u00bb title_text_align=\u00bbcenter\u00bb title_font_size=\u00bb50px\u00bb title_font_size_tablet=\u00bb50px\u00bb title_font_size_phone=\u00bb40px\u00bb title_font_size_last_edited=\u00bbon|phone\u00bb global_colors_info=\u00bb{}\u00bb][\/et_pb_heading][\/et_pb_column][\/et_pb_row][\/et_pb_section][et_pb_section fb_built=\u00bb1&#8243; _builder_version=\u00bb4.27.4&#8243; _module_preset=\u00bbdefault\u00bb custom_padding=\u00bb0px|||||\u00bb locked=\u00bboff\u00bb global_colors_info=\u00bb{}\u00bb][et_pb_row _builder_version=\u00bb4.27.4&#8243; _module_preset=\u00bbdefault\u00bb width=\u00bb50%\u00bb width_tablet=\u00bb50%\u00bb width_phone=\u00bb90%\u00bb width_last_edited=\u00bbon|phone\u00bb module_alignment=\u00bbcenter\u00bb custom_margin=\u00bb||||true\u00bb global_colors_info=\u00bb{}\u00bb][et_pb_column type=\u00bb4_4&#8243; _builder_version=\u00bb4.27.4&#8243; _module_preset=\u00bbdefault\u00bb global_colors_info=\u00bb{}\u00bb][et_pb_heading title=\u00bbDevoluciones\u00bb _builder_version=\u00bb4.27.4&#8243; _module_preset=\u00bbdefault\u00bb title_font=\u00bbLato|700|||||||\u00bb title_font_size=\u00bb15px\u00bb custom_margin=\u00bb||0px|||\u00bb custom_padding=\u00bb5px|||||\u00bb hover_enabled=\u00bb0&#8243; global_colors_info=\u00bb{}\u00bb sticky_enabled=\u00bb0&#8243; title_level=\u00bbh2&#8243;][\/et_pb_heading][et_pb_text _builder_version=\u00bb4.27.4&#8243; _module_preset=\u00bbdefault\u00bb text_font=\u00bbLato||||||||\u00bb global_colors_info=\u00bb{}\u00bb]<\/p>\n<p>Dado que las baquetas son art\u00edculos consumibles, no se pueden devolver.<\/p>\n<p>Si hay alg\u00fan problema con su pedido (si est\u00e1 da\u00f1ado o no lo ha recibido), env\u00edenos un correo electr\u00f3nico a clement@vikory.com (con una foto del paquete da\u00f1ado).<\/p>\n<p>Nota: Si su paquete est\u00e1 da\u00f1ado, la mejor soluci\u00f3n es rechazarlo en el momento de la entrega. No podemos ofrecerle un reembolso completo si el paquete no fue rechazado.<\/p>\n<p>[\/et_pb_text][et_pb_heading title=\u00bbReembolsos (si corresponde)\u00bb _builder_version=\u00bb4.27.4&#8243; _module_preset=\u00bbdefault\u00bb title_font=\u00bbLato|700|||||||\u00bb title_font_size=\u00bb15px\u00bb custom_margin=\u00bb||0px|||\u00bb custom_padding=\u00bb5px|||||\u00bb hover_enabled=\u00bb0&#8243; global_colors_info=\u00bb{}\u00bb title_level=\u00bbh2&#8243; sticky_enabled=\u00bb0&#8243;][\/et_pb_heading][et_pb_text _builder_version=\u00bb4.27.4&#8243; _module_preset=\u00bbdefault\u00bb text_font=\u00bbLato||||||||\u00bb global_colors_info=\u00bb{}\u00bb]<\/p>\n<p class=\"\">Reembolsos (seg\u00fan corresponda) Una vez que recibamos su solicitud e imagen por correo electr\u00f3nico, haremos todo lo posible por notificarle lo antes posible sobre la aprobaci\u00f3n o el rechazo de su reembolso.<br \/>Si se aprueba, se procesar\u00e1 y se aplicar\u00e1 autom\u00e1ticamente un cr\u00e9dito a su tarjeta de cr\u00e9dito o m\u00e9todo de pago original en un plazo determinado.<\/p>\n<ul><\/ul>\n<p>[\/et_pb_text][et_pb_heading title=\u00bbReembolsos retrasados  o faltantes (si corresponde)\u00bb _builder_version=\u00bb4.27.4&#8243; _module_preset=\u00bbdefault\u00bb title_font=\u00bbLato|700|||||||\u00bb title_font_size=\u00bb15px\u00bb custom_margin=\u00bb||0px|||\u00bb custom_padding=\u00bb5px|||||\u00bb hover_enabled=\u00bb0&#8243; global_colors_info=\u00bb{}\u00bb title_level=\u00bbh2&#8243; sticky_enabled=\u00bb0&#8243;][\/et_pb_heading][et_pb_text _builder_version=\u00bb4.27.4&#8243; _module_preset=\u00bbdefault\u00bb text_font=\u00bbLato||||||||\u00bb global_colors_info=\u00bb{}\u00bb]<\/p>\n<p>Si a\u00fan no ha recibido su reembolso, revise primero su cuenta bancaria.<\/p>\n<p>Luego, contacte a la entidad emisora \u200b\u200bde su tarjeta de cr\u00e9dito. El reembolso podr\u00eda tardar un tiempo en procesarse oficialmente.<\/p>\n<p>Luego, contacte a su banco. El procesamiento de un reembolso suele tardar un tiempo.<\/p>\n<p>Si a\u00fan no ha recibido su reembolso, cont\u00e1ctenos en clement@vikory.com.<\/p>\n<p>[\/et_pb_text][et_pb_heading title=\u00bbCambios (si aplica)\u00bb _builder_version=\u00bb4.27.4&#8243; _module_preset=\u00bbdefault\u00bb title_font=\u00bbLato|700|||||||\u00bb title_font_size=\u00bb15px\u00bb custom_margin=\u00bb||0px|||\u00bb custom_padding=\u00bb5px|||||\u00bb hover_enabled=\u00bb0&#8243; global_colors_info=\u00bb{}\u00bb title_level=\u00bbh2&#8243; sticky_enabled=\u00bb0&#8243;][\/et_pb_heading][et_pb_text _builder_version=\u00bb4.27.4&#8243; _module_preset=\u00bbdefault\u00bb text_font=\u00bbLato||||||||\u00bb global_colors_info=\u00bb{}\u00bb]<\/p>\n<p class=\"\">Solo reemplazamos art\u00edculos defectuosos o da\u00f1ados. Si desea cambiar el art\u00edculo por uno igual, env\u00edenos un correo electr\u00f3nico a clement@vikory.com con una foto del art\u00edculo dentro del paquete.<\/p>\n<p>[\/et_pb_text][et_pb_heading title=\u00bbEnv\u00edo\u00bb _builder_version=\u00bb4.27.4&#8243; _module_preset=\u00bbdefault\u00bb title_font=\u00bbLato|700|||||||\u00bb title_font_size=\u00bb15px\u00bb custom_margin=\u00bb||0px|||\u00bb custom_padding=\u00bb5px|||||\u00bb hover_enabled=\u00bb0&#8243; global_colors_info=\u00bb{}\u00bb title_level=\u00bbh2&#8243; sticky_enabled=\u00bb0&#8243;][\/et_pb_heading][et_pb_text _builder_version=\u00bb4.27.4&#8243; _module_preset=\u00bbdefault\u00bb text_font=\u00bbLato||||||||\u00bb global_colors_info=\u00bb{}\u00bb]<\/p>\n<p>Para devolver su producto, env\u00edelo a: 40 rue du chemin vert, 75011 Par\u00eds, Francia<\/p>\n<p>Los gastos de env\u00edo de la devoluci\u00f3n corren a su cargo. Estos gastos no son reembolsables.<\/p>\n<p>El plazo de entrega del producto a devolver puede variar seg\u00fan su ubicaci\u00f3n.<\/p>\n<p>Para paquetes con un valor superior a 75 $, considere utilizar un servicio de env\u00edo con seguimiento o un seguro de env\u00edo. No garantizamos la recepci\u00f3n de su devoluci\u00f3n.<\/p>\n<p>[\/et_pb_text][et_pb_heading _builder_version=\u00bb4.27.4&#8243; _module_preset=\u00bbdefault\u00bb title_font_size=\u00bb23px\u00bb custom_margin=\u00bb||-1px|||\u00bb hover_enabled=\u00bb0&#8243; global_colors_info=\u00bb{}\u00bb title_level=\u00bbh2&#8243; sticky_enabled=\u00bb0&#8243;][\/et_pb_heading][\/et_pb_column][\/et_pb_row][\/et_pb_section][et_pb_section fb_built=\u00bb1&#8243; _builder_version=\u00bb4.27.4&#8243; _module_preset=\u00bbdefault\u00bb background_color=\u00bb#e1e1e1&#8243; custom_padding=\u00bb8px||4px|||\u00bb locked=\u00bboff\u00bb global_colors_info=\u00bb{}\u00bb][et_pb_row column_structure=\u00bb1_3,1_3,1_3&#8243; _builder_version=\u00bb4.27.4&#8243; _module_preset=\u00bbdefault\u00bb custom_padding=\u00bb19px|||||\u00bb global_colors_info=\u00bb{}\u00bb][et_pb_column type=\u00bb1_3&#8243; _builder_version=\u00bb4.27.4&#8243; _module_preset=\u00bbdefault\u00bb global_colors_info=\u00bb{}\u00bb][et_pb_blurb title=\u00bbBaguettes excepcionales.\u00bb image=\u00bbhttps:\/\/vikory.com\/wp-content\/uploads\/2025\/04\/drumstick_bee389bf-5baa-4e12-a10d-32c455bf1e66_x50@2x.png\u00bb image_icon_width=\u00bb44%\u00bb _builder_version=\u00bb4.27.4&#8243; _module_preset=\u00bbdefault\u00bb header_font=\u00bbQuicksand|700|||||||\u00bb header_font_size=\u00bb17px\u00bb body_font=\u00bbLato|-et_global_heading_font_weight|||||||\u00bb body_text_color=\u00bb#535252&#8243; image_icon_custom_margin=\u00bb||0px||false|false\u00bb image_icon_custom_padding=\u00bb||0px||false|false\u00bb text_orientation=\u00bbcenter\u00bb global_colors_info=\u00bb{}\u00bb]<\/p>\n<p><strong>Cada baguette<\/strong> que sale de nuestros talleres es inspeccionada <strong>para garantizar<\/strong> una experiencia<strong> \u00fanica<\/strong>..<\/p>\n<p>[\/et_pb_blurb][\/et_pb_column][et_pb_column type=\u00bb1_3&#8243; _builder_version=\u00bb4.27.4&#8243; _module_preset=\u00bbdefault\u00bb global_colors_info=\u00bb{}\u00bb][et_pb_blurb title=\u00bbMadera de calidad.\u00bb image=\u00bbhttps:\/\/vikory.com\/wp-content\/uploads\/2025\/04\/favorite_x50@2x.png\u00bb image_icon_width=\u00bb44%\u00bb _builder_version=\u00bb4.27.4&#8243; _module_preset=\u00bbdefault\u00bb header_font=\u00bbQuicksand|700|||||||\u00bb header_font_size=\u00bb17px\u00bb body_font=\u00bbLato|-et_global_heading_font_weight|||||||\u00bb body_text_color=\u00bb#535252&#8243; image_icon_custom_margin=\u00bb||0px||false|false\u00bb image_icon_custom_padding=\u00bb||0px||false|false\u00bb text_orientation=\u00bbcenter\u00bb global_colors_info=\u00bb{}\u00bb]<\/p>\n<p><strong>Nuestros<\/strong> palillos est\u00e1n hechos de nogal, una madera de nogal <strong>blanco<\/strong> americano que es flexible <strong>y dura<\/strong>.<\/p>\n<p>[\/et_pb_blurb][\/et_pb_column][et_pb_column type=\u00bb1_3&#8243; _builder_version=\u00bb4.27.4&#8243; _module_preset=\u00bbdefault\u00bb global_colors_info=\u00bb{}\u00bb][et_pb_blurb title=\u00bbEnv\u00edo gratis.\u00bb image=\u00bbhttps:\/\/vikory.com\/wp-content\/uploads\/2025\/04\/shipping-box_x50@2x.png\u00bb image_icon_width=\u00bb44%\u00bb _builder_version=\u00bb4.27.4&#8243; _module_preset=\u00bbdefault\u00bb header_font=\u00bbQuicksand|700|||||||\u00bb header_font_size=\u00bb17px\u00bb body_font=\u00bbLato|-et_global_heading_font_weight|||||||\u00bb body_text_color=\u00bb#535252&#8243; image_icon_custom_margin=\u00bb||0px||false|false\u00bb image_icon_custom_padding=\u00bb||0px||false|false\u00bb text_orientation=\u00bbcenter\u00bb global_colors_info=\u00bb{}\u00bb]<\/p>\n<p><strong>Entrega<\/strong> gratuita en Francia <strong>continental<\/strong> para todos los pedidos superiores a<strong> 60 \u20ac<\/strong>.<\/p>\n<p>[\/et_pb_blurb][\/et_pb_column][\/et_pb_row][\/et_pb_section]<\/p>\n","protected":false},"excerpt":{"rendered":"<p>Dado que las baquetas son art\u00edculos consumibles, no se pueden devolver. Si hay alg\u00fan problema con su pedido (si est\u00e1 da\u00f1ado o no lo ha recibido), env\u00edenos un correo electr\u00f3nico a clement@vikory.com (con una foto del paquete da\u00f1ado). Nota: Si su paquete est\u00e1 da\u00f1ado, la mejor soluci\u00f3n es rechazarlo en el momento de la entrega. [&hellip;]<\/p>\n","protected":false},"author":4,"featured_media":0,"parent":5233,"menu_order":52,"comment_status":"closed","ping_status":"closed","template":"","meta":{"_acf_changed":false,"_et_pb_use_builder":"on","_et_pb_old_content":"","_et_gb_content_width":"","footnotes":""},"class_list":["post-1850","page","type-page","status-publish","hentry"],"acf":[],"aioseo_notices":[],"_links":{"self":[{"href":"https:\/\/vikory.com\/es\/wp-json\/wp\/v2\/pages\/1850","targetHints":{"allow":["GET"]}}],"collection":[{"href":"https:\/\/vikory.com\/es\/wp-json\/wp\/v2\/pages"}],"about":[{"href":"https:\/\/vikory.com\/es\/wp-json\/wp\/v2\/types\/page"}],"author":[{"embeddable":true,"href":"https:\/\/vikory.com\/es\/wp-json\/wp\/v2\/users\/4"}],"replies":[{"embeddable":true,"href":"https:\/\/vikory.com\/es\/wp-json\/wp\/v2\/comments?post=1850"}],"version-history":[{"count":6,"href":"https:\/\/vikory.com\/es\/wp-json\/wp\/v2\/pages\/1850\/revisions"}],"predecessor-version":[{"id":14034,"href":"https:\/\/vikory.com\/es\/wp-json\/wp\/v2\/pages\/1850\/revisions\/14034"}],"up":[{"embeddable":true,"href":"https:\/\/vikory.com\/es\/wp-json\/wp\/v2\/pages\/5233"}],"wp:attachment":[{"href":"https:\/\/vikory.com\/es\/wp-json\/wp\/v2\/media?parent=1850"}],"curies":[{"name":"wp","href":"https:\/\/api.w.org\/{rel}","templated":true}]}}