{"id":1882,"date":"2025-04-17T10:21:48","date_gmt":"2025-04-17T09:21:48","guid":{"rendered":"https:\/\/vikory.com\/?page_id=1882"},"modified":"2025-08-12T17:54:16","modified_gmt":"2025-08-12T12:24:16","slug":"condiciones-de-uso","status":"publish","type":"page","link":"https:\/\/vikory.com\/es\/ley\/condiciones-de-uso\/","title":{"rendered":"Condiciones de uso"},"content":{"rendered":"<p>[et_pb_section fb_built=\u00bb1&#8243; _builder_version=\u00bb4.27.4&#8243; _module_preset=\u00bbdefault\u00bb custom_padding=\u00bb||3px|||\u00bb locked=\u00bboff\u00bb global_colors_info=\u00bb{}\u00bb][et_pb_row _builder_version=\u00bb4.27.4&#8243; _module_preset=\u00bbdefault\u00bb global_colors_info=\u00bb{}\u00bb][et_pb_column type=\u00bb4_4&#8243; _builder_version=\u00bb4.27.4&#8243; _module_preset=\u00bbdefault\u00bb global_colors_info=\u00bb{}\u00bb][et_pb_heading title=\u00bbConditions d&#8217;utilisation\u00bb _builder_version=\u00bb4.27.4&#8243; _module_preset=\u00bbdefault\u00bb title_text_align=\u00bbcenter\u00bb title_font_size=\u00bb50px\u00bb global_colors_info=\u00bb{}\u00bb][\/et_pb_heading][\/et_pb_column][\/et_pb_row][\/et_pb_section][et_pb_section fb_built=\u00bb1&#8243; _builder_version=\u00bb4.27.4&#8243; _module_preset=\u00bbdefault\u00bb custom_padding=\u00bb0px|||||\u00bb locked=\u00bboff\u00bb global_colors_info=\u00bb{}\u00bb][et_pb_row _builder_version=\u00bb4.27.4&#8243; _module_preset=\u00bbdefault\u00bb width=\u00bb55%\u00bb width_tablet=\u00bb55%\u00bb width_phone=\u00bb90%\u00bb width_last_edited=\u00bbon|desktop\u00bb module_alignment=\u00bbcenter\u00bb global_colors_info=\u00bb{}\u00bb][et_pb_column type=\u00bb4_4&#8243; _builder_version=\u00bb4.27.4&#8243; _module_preset=\u00bbdefault\u00bb global_colors_info=\u00bb{}\u00bb][et_pb_heading title=\u00bbPr\u00e9ambule\u00bb _builder_version=\u00bb4.27.4&#8243; _module_preset=\u00bbdefault\u00bb title_font=\u00bbLato|700|||||||\u00bb title_font_size=\u00bb16px\u00bb custom_margin=\u00bb||-1px|||\u00bb global_colors_info=\u00bb{}\u00bb][\/et_pb_heading][et_pb_text _builder_version=\u00bb4.27.4&#8243; _module_preset=\u00bbdefault\u00bb text_font=\u00bbLato||||||||\u00bb text_font_size=\u00bb15px\u00bb global_colors_info=\u00bb{}\u00bb]<\/p>\n<p>La marque VIKORY est une marque d\u00e9pos\u00e9e \u00e0 l&#8217;INPI et exploit\u00e9e par CG-MC.<\/p>\n<p>La boutique http:\/\/www.vikory.com appartient \u00e0 CG-MC.<\/p>\n<p>[\/et_pb_text][et_pb_heading title=\u00bbPrix et TVA\u00bb _builder_version=\u00bb4.27.4&#8243; _module_preset=\u00bbdefault\u00bb title_font=\u00bbLato|700|||||||\u00bb title_font_size=\u00bb16px\u00bb custom_margin=\u00bb||-1px|||\u00bb global_colors_info=\u00bb{}\u00bb][\/et_pb_heading][et_pb_text _builder_version=\u00bb4.27.4&#8243; _module_preset=\u00bbdefault\u00bb text_font=\u00bbLato||||||||\u00bb text_font_size=\u00bb15px\u00bb global_colors_info=\u00bb{}\u00bb]<\/p>\n<p>1. Prix<\/p>\n<p>Les prix de vente des produits vendus sur le site www.vikory.com sont indiqu\u00e9s TTC. Ces prix n&#8217;incluent toutefois pas les frais de livraison et les \u00e9ventuels frais de douane. Une facture d\u00e9taill\u00e9e sera jointe \u00e0 chaque commande.<\/p>\n<p>VIKORY se r\u00e9serve le droit de modifier ses prix \u00e0 tout moment, mais les produits seront factur\u00e9s sur la base des tarifs en vigueur au moment de l&#8217;enregistrement de la commande, sous r\u00e9serve de disponibilit\u00e9.<\/p>\n<p>2. TVA et taxes<\/p>\n<p>\u00b7 Livraison en France m\u00e9tropolitaine et en Europe\u00a0:<\/p>\n<p>Les articles command\u00e9s sur le site sont soumis \u00e0 la TVA fran\u00e7aise (20\u00a0%).<\/p>\n<p>\u00b7 Livraison dans le reste du monde et dans les DOM-TOM<\/p>\n<p>Le prix sera calcul\u00e9 TTC automatiquement sur la facture. Des droits de douane ou autres taxes locales, droits d&#8217;importation ou taxes d&#8217;\u00c9tat sont susceptibles d&#8217;\u00eatre exigibles. Ces droits et sommes ne rel\u00e8vent pas du ressort de VIKORY. Ils rel\u00e8vent de votre enti\u00e8re responsabilit\u00e9, tant en termes de d\u00e9clarations que de paiements aux autorit\u00e9s comp\u00e9tentes de votre pays. Nous vous conseillons de vous renseigner sur ces aspects aupr\u00e8s de vos autorit\u00e9s locales.<\/p>\n<p>[\/et_pb_text][et_pb_heading title=\u00bbLivraison des commandes\u00bb _builder_version=\u00bb4.27.4&#8243; _module_preset=\u00bbdefault\u00bb title_font=\u00bbLato|700|||||||\u00bb title_font_size=\u00bb16px\u00bb custom_margin=\u00bb||-1px|||\u00bb global_colors_info=\u00bb{}\u00bb][\/et_pb_heading][et_pb_text _builder_version=\u00bb4.27.4&#8243; _module_preset=\u00bbdefault\u00bb text_font=\u00bbLato||||||||\u00bb text_font_size=\u00bb15px\u00bb global_colors_info=\u00bb{}\u00bb]<\/p>\n<p>Les livraisons sont effectu\u00e9es par La Poste, en Colissimo, remis sans signature. Une fois le colis pr\u00e9par\u00e9 par nos soins, il vous sera livr\u00e9 sous 48 heures, directement dans votre bo\u00eete aux lettres. Si le colis n&#8217;est pas assez volumineux et que vous \u00eates absent, un avis de passage sera d\u00e9pos\u00e9. Vous pourrez ensuite retirer votre colis au bureau de poste le plus proche sous 15 jours. Suivez \u00e0 tout moment l&#8217;acheminement de votre colis sur www.colissimo.fr.<\/p>\n<p>En optant pour la livraison Colissimo, vous choisissez un transporteur qui compense les \u00e9missions de CO2 de tous les colis livr\u00e9s afin de r\u00e9duire son impact environnemental.<\/p>\n<p>[\/et_pb_text][et_pb_heading title=\u00bbProbl\u00e8mes de livraison\u00bb _builder_version=\u00bb4.27.4&#8243; _module_preset=\u00bbdefault\u00bb title_font=\u00bbLato|700|||||||\u00bb title_font_size=\u00bb16px\u00bb custom_margin=\u00bb||-1px|||\u00bb global_colors_info=\u00bb{}\u00bb][\/et_pb_heading][et_pb_text _builder_version=\u00bb4.27.4&#8243; _module_preset=\u00bbdefault\u00bb text_font=\u00bbLato||||||||\u00bb text_font_size=\u00bb15px\u00bb global_colors_info=\u00bb{}\u00bb]<\/p>\n<p>Nous d\u00e9clinons toute responsabilit\u00e9 en cas de d\u00e9lais de livraison plus longs (notamment en cas de gr\u00e8ve), de perte ou de dommage caus\u00e9 par le transporteur.<\/p>\n<p>1) Votre commande ne vous est pas parvenue dans les 72 heures (sans information de notre part)\u00a0?<\/p>\n<p>Muni de votre num\u00e9ro de commande (que vous trouverez dans l&#8217;e-mail de confirmation de commande), contactez-nous imm\u00e9diatement par e-mail via la page Contact. Nous lancerons alors une enqu\u00eate aupr\u00e8s de La Poste. \u00c0 l&#8217;exception des pr\u00e9commandes, nous nous engageons \u00e0 livrer dans un d\u00e9lai de 25 jours. Dans le cas contraire, nous vous rembourserons l&#8217;int\u00e9gralit\u00e9 du montant per\u00e7u sous 30 jours.<\/p>\n<p>Une enqu\u00eate de La Poste peut durer jusqu&#8217;\u00e0 21 jours \u00e0 compter de la date de d\u00e9but de l&#8217;enqu\u00eate.<\/p>\n<p>2) Le colis est d\u00e9fectueux\u00a0?<\/p>\n<p>\u00c0 la r\u00e9ception du colis et apr\u00e8s constatation d&#8217;un d\u00e9faut (colis \u00e9cras\u00e9, d\u00e9chir\u00e9, ouvert, humide\u2026), nous vous conseillons de le refuser.<br \/>Si vous d\u00e9cidez de conserver le colis d\u00e9fectueux, nous d\u00e9clinons toute responsabilit\u00e9.<\/p>\n<p>3) Apr\u00e8s r\u00e9ception de votre colis, l&#8217;article ne correspond pas \u00e0 ma commande\u00a0?<\/p>\n<p>Exemple\u00a0: vous avez command\u00e9 une paire de b\u00e2tons Ananda en 5A et vous la recevez en 5B.<\/p>\n<p>Contactez-nous via la page Contact. Dans ce cas, nous prenons en charge les frais de retour du ou des produits repris, ainsi que les frais de r\u00e9exp\u00e9dition.<\/p>\n<p>[\/et_pb_text][et_pb_heading title=\u00bbTarifs\u00bb _builder_version=\u00bb4.27.4&#8243; _module_preset=\u00bbdefault\u00bb title_font=\u00bbLato|700|||||||\u00bb title_font_size=\u00bb16px\u00bb custom_margin=\u00bb||-1px|||\u00bb global_colors_info=\u00bb{}\u00bb][\/et_pb_heading][et_pb_text _builder_version=\u00bb4.27.4&#8243; _module_preset=\u00bbdefault\u00bb text_font=\u00bbLato||||||||\u00bb text_font_size=\u00bb15px\u00bb global_colors_info=\u00bb{}\u00bb]<\/p>\n<p class=\"\">Le prix d\u00e9pend de votre commande, du mode de transport choisi et de la distance par rapport au pays de destination. Lors de la validation de votre commande, les options de livraison et leurs tarifs seront clairement indiqu\u00e9s et report\u00e9s sur votre facture.<\/p>\n<p>[\/et_pb_text][et_pb_heading title=\u00bbRetard de livraison\u00bb _builder_version=\u00bb4.27.4&#8243; _module_preset=\u00bbdefault\u00bb title_font=\u00bbLato|700|||||||\u00bb title_font_size=\u00bb16px\u00bb custom_margin=\u00bb||-1px|||\u00bb global_colors_info=\u00bb{}\u00bb][\/et_pb_heading][et_pb_text _builder_version=\u00bb4.27.4&#8243; _module_preset=\u00bbdefault\u00bb text_font=\u00bbLato||||||||\u00bb text_font_size=\u00bb15px\u00bb global_colors_info=\u00bb{}\u00bb]<\/p>\n<p>VIKORY ne pourra \u00eatre tenue responsable des dommages directs et indirects caus\u00e9s au mat\u00e9riel de l&#8217;utilisateur, lors de l&#8217;acc\u00e8s au site www.vikory.com, et r\u00e9sultant soit de l&#8217;utilisation d&#8217;un mat\u00e9riel ne r\u00e9pondant pas aux sp\u00e9cifications indiqu\u00e9es au point 4, soit de l&#8217;apparition d&#8217;un bug ou d&#8217;une incompatibilit\u00e9.<\/p>\n<p>VIKORY ne pourra \u00e9galement \u00eatre tenue responsable des dommages indirects (tels par exemple qu&#8217;une perte de march\u00e9 ou perte d&#8217;une chance) cons\u00e9cutifs \u00e0 l&#8217;utilisation du site www.vikory.com.<\/p>\n<p>Des espaces interactifs (possibilit\u00e9 de poser des questions dans l&#8217;espace contact) sont \u00e0 la disposition des utilisateurs. VIKORY se r\u00e9serve le droit de supprimer, sans mise en demeure pr\u00e9alable, tout contenu d\u00e9pos\u00e9 dans cet espace qui contreviendrait \u00e0 la l\u00e9gislation applicable en France, notamment aux dispositions relatives \u00e0 la protection des donn\u00e9es. Le cas \u00e9ch\u00e9ant, VIKORY se r\u00e9serve \u00e9galement le droit de mettre en cause la responsabilit\u00e9 civile et\/ou p\u00e9nale de l&#8217;utilisateur, notamment en cas de message \u00e0 caract\u00e8re raciste, injurieux, diffamant ou pornographique, quel que soit le support utilis\u00e9 (texte, photographie\u2026).<\/p>\n<p>[\/et_pb_text][et_pb_heading title=\u00bbModes de paiement\u00bb _builder_version=\u00bb4.27.4&#8243; _module_preset=\u00bbdefault\u00bb title_font=\u00bbLato|700|||||||\u00bb title_font_size=\u00bb16px\u00bb custom_margin=\u00bb||-1px|||\u00bb global_colors_info=\u00bb{}\u00bb][\/et_pb_heading][et_pb_text _builder_version=\u00bb4.27.4&#8243; _module_preset=\u00bbdefault\u00bb text_font=\u00bbLato||||||||\u00bb text_font_size=\u00bb15px\u00bb global_colors_info=\u00bb{}\u00bb]<\/p>\n<p>Ils sont clairement indiqu\u00e9s lors de votre commande\u00a0:<\/p>\n<p>- Paiement s\u00e9curis\u00e9 par Carte Bleue (Visa, Eurocard, Mastercard, American Express) via Stripe<\/p>\n<p>- Paiement via Paypal<\/p>\n<p>Lorsque vous payez par carte bancaire sur notre site, VIKORY vous garantit un paiement s\u00e9curis\u00e9. Nous accordons toute notre confiance \u00e0 notre interm\u00e9diaire (Stripe) pour les transactions financi\u00e8res.<\/p>\n<p>Une fois vos produits s\u00e9lectionn\u00e9s, vous pourrez saisir vos coordonn\u00e9es bancaires\u00a0:<\/p>\n<p>- Num\u00e9ro de votre carte bancaire<\/p>\n<p>- Date d&#8217;expiration<\/p>\n<p>- Code de cryptage, situ\u00e9 au dos de votre carte bancaire (les trois derniers chiffres)<\/p>\n<p>Lorsque vous payez via Paypal, vous pouvez, si vous le souhaitez, ouvrir un compte Paypal, mais ce n&#8217;est pas obligatoire. Nous ne prenons pas en charge cette manipulation, elle rel\u00e8ve de votre seule responsabilit\u00e9.<\/p>\n<p>[\/et_pb_text][et_pb_heading title=\u00bbCas de paiement refus\u00e9\u00bb _builder_version=\u00bb4.27.4&#8243; _module_preset=\u00bbdefault\u00bb title_font=\u00bbLato|700|||||||\u00bb title_font_size=\u00bb16px\u00bb custom_margin=\u00bb||-1px|||\u00bb global_colors_info=\u00bb{}\u00bb][\/et_pb_heading][et_pb_text _builder_version=\u00bb4.27.4&#8243; _module_preset=\u00bbdefault\u00bb text_font=\u00bbLato||||||||\u00bb text_font_size=\u00bb15px\u00bb global_colors_info=\u00bb{}\u00bb]<\/p>\n<p>Vous souhaitez passer commande sur notre site et vous ne parvenez pas \u00e0 valider votre paiement par carte bancaire\u00a0?<\/p>\n<p>Tout d&#8217;abord, assurez-vous que les coordonn\u00e9es bancaires saisies correspondent \u00e0 une carte bancaire accept\u00e9e sur notre site. Ensuite, n&#8217;oubliez pas de v\u00e9rifier l&#8217;exactitude de vos coordonn\u00e9es bancaires sur la page de paiement. Si le probl\u00e8me persiste, n&#8217;h\u00e9sitez pas \u00e0 nous contacter via la page Contact.<\/p>\n<p>Si votre paiement n&#8217;a pas pu \u00eatre valid\u00e9 par nos services,<br \/>Les coordonn\u00e9es bancaires que vous nous avez fournies ne nous ont pas permis de traiter votre commande. Nous vous invitons \u00e0 contacter votre \u00e9tablissement financier. La commande est actuellement en attente.<\/p>\n<p>[\/et_pb_text][et_pb_heading title=\u00bbFichiers clients\u00bb _builder_version=\u00bb4.27.4&#8243; _module_preset=\u00bbdefault\u00bb title_font=\u00bbLato|700|||||||\u00bb title_font_size=\u00bb16px\u00bb custom_margin=\u00bb||-1px|||\u00bb global_colors_info=\u00bb{}\u00bb][\/et_pb_heading][et_pb_text _builder_version=\u00bb4.27.4&#8243; _module_preset=\u00bbdefault\u00bb text_font=\u00bbLato||||||||\u00bb text_font_size=\u00bb15px\u00bb global_colors_info=\u00bb{}\u00bb]<\/p>\n<p>Afin de r\u00e9pondre \u00e0 vos besoins et de vous assurer un service \u00e0 distance optimal, nous devons enregistrer certains \u00e9l\u00e9ments vous concernant, tels que vos nom, pr\u00e9nom et adresse. Ces informations sont indispensables au traitement et \u00e0 la livraison de vos commandes. Elles sont collect\u00e9es \u00e0 des fins strictement internes.<\/p>\n<p>Conform\u00e9ment \u00e0 la loi Informatique et Libert\u00e9s du 06\/01\/1978, nous vous garantissons un droit d&#8217;acc\u00e8s et de rectification \u00e0 ces informations. Il vous suffit de nous \u00e9crire en pr\u00e9cisant vos nom, pr\u00e9nom et adresse.<br \/>De plus, toutes les informations bancaires que vous nous fournissez lors d&#8217;un achat en ligne ne sont ni stock\u00e9es ni visibles sur Internet.<\/p>\n<p>[\/et_pb_text][et_pb_heading title=\u00bbLitiges\u00bb _builder_version=\u00bb4.27.4&#8243; _module_preset=\u00bbdefault\u00bb title_font=\u00bbLato|700|||||||\u00bb title_font_size=\u00bb16px\u00bb custom_margin=\u00bb||-1px|||\u00bb global_colors_info=\u00bb{}\u00bb][\/et_pb_heading][et_pb_text _builder_version=\u00bb4.27.4&#8243; _module_preset=\u00bbdefault\u00bb text_font=\u00bbLato||||||||\u00bb text_font_size=\u00bb15px\u00bb global_colors_info=\u00bb{}\u00bb]<\/p>\n<p>Les litiges d\u00e9coulant de l&#8217;application des pr\u00e9sentes conditions g\u00e9n\u00e9rales de vente sont soumis au droit fran\u00e7ais.<\/p>\n<p>\u00c0 d\u00e9faut de r\u00e9solution amiable, le litige sera port\u00e9 devant le Tribunal de commerce de Lille.<\/p>\n<p>[\/et_pb_text][et_pb_heading title=\u00bbDroit de r\u00e9tractation\u00bb _builder_version=\u00bb4.27.4&#8243; _module_preset=\u00bbdefault\u00bb title_font=\u00bbLato|700|||||||\u00bb title_font_size=\u00bb16px\u00bb custom_margin=\u00bb||-1px|||\u00bb global_colors_info=\u00bb{}\u00bb][\/et_pb_heading][et_pb_text _builder_version=\u00bb4.27.4&#8243; _module_preset=\u00bbdefault\u00bb text_font=\u00bbLato||||||||\u00bb text_font_size=\u00bb15px\u00bb global_colors_info=\u00bb{}\u00bb]<\/p>\n<p class=\"\">Le consommateur dispose d&#8217;un d\u00e9lai de 14 jours pour exercer son droit de r\u00e9tractation, sans avoir \u00e0 justifier de motifs ni \u00e0 payer de p\u00e9nalit\u00e9s, \u00e0 l&#8217;exception des frais de retour. Ce d\u00e9lai est de quatorze jours \u00e0 compter de la r\u00e9ception du bien.<\/p>\n<p>[\/et_pb_text][\/et_pb_column][\/et_pb_row][\/et_pb_section][et_pb_section fb_built=\u00bb1&#8243; _builder_version=\u00bb4.27.4&#8243; _module_preset=\u00bbdefault\u00bb background_color=\u00bb#e1e1e1&#8243; custom_padding=\u00bb8px||4px|||\u00bb locked=\u00bboff\u00bb global_colors_info=\u00bb{}\u00bb][et_pb_row column_structure=\u00bb1_3,1_3,1_3&#8243; _builder_version=\u00bb4.27.4&#8243; _module_preset=\u00bbdefault\u00bb custom_padding=\u00bb19px|||||\u00bb global_colors_info=\u00bb{}\u00bb][et_pb_column type=\u00bb1_3&#8243; _builder_version=\u00bb4.27.4&#8243; _module_preset=\u00bbdefault\u00bb global_colors_info=\u00bb{}\u00bb][et_pb_blurb title=\u00bbBaguettes d&#8217;Exception.\u00bb image=\u00bbhttps:\/\/vikory.com\/wp-content\/uploads\/2025\/04\/drumstick_bee389bf-5baa-4e12-a10d-32c455bf1e66_x50@2x.png\u00bb image_icon_width=\u00bb44%\u00bb _builder_version=\u00bb4.27.4&#8243; _module_preset=\u00bbdefault\u00bb header_font=\u00bbQuicksand|700|||||||\u00bb header_font_size=\u00bb17px\u00bb body_font=\u00bbLato|-et_global_heading_font_weight|||||||\u00bb body_text_color=\u00bb#535252&#8243; image_icon_custom_margin=\u00bb||0px||false|false\u00bb image_icon_custom_padding=\u00bb||0px||false|false\u00bb text_orientation=\u00bbcenter\u00bb global_colors_info=\u00bb{}\u00bb]<\/p>\n<p>Chaque baguette sortant de nos ateliers est examin\u00e9e pour garantir une exp\u00e9rience unique.<\/p>\n<p>[\/et_pb_blurb][\/et_pb_column][et_pb_column type=\u00bb1_3&#8243; _builder_version=\u00bb4.27.4&#8243; _module_preset=\u00bbdefault\u00bb global_colors_info=\u00bb{}\u00bb][et_pb_blurb title=\u00bbBois de Qualit\u00e9.\u00bb image=\u00bbhttps:\/\/vikory.com\/wp-content\/uploads\/2025\/04\/favorite_x50@2x.png\u00bb image_icon_width=\u00bb44%\u00bb _builder_version=\u00bb4.27.4&#8243; _module_preset=\u00bbdefault\u00bb header_font=\u00bbQuicksand|700|||||||\u00bb header_font_size=\u00bb17px\u00bb body_font=\u00bbLato|-et_global_heading_font_weight|||||||\u00bb body_text_color=\u00bb#535252&#8243; image_icon_custom_margin=\u00bb||0px||false|false\u00bb image_icon_custom_padding=\u00bb||0px||false|false\u00bb text_orientation=\u00bbcenter\u00bb global_colors_info=\u00bb{}\u00bb]<\/p>\n<p>Nos baguettes sont fabriqu\u00e9es en hickory, un caryer blanc d\u2019Am\u00e9rique \u00e0 la fois souple et dur.<\/p>\n<p>[\/et_pb_blurb][\/et_pb_column][et_pb_column type=\u00bb1_3&#8243; _builder_version=\u00bb4.27.4&#8243; _module_preset=\u00bbdefault\u00bb global_colors_info=\u00bb{}\u00bb][et_pb_blurb title=\u00bbLivraison Gratuite.\u00bb image=\u00bbhttps:\/\/vikory.com\/wp-content\/uploads\/2025\/04\/shipping-box_x50@2x.png\u00bb image_icon_width=\u00bb44%\u00bb _builder_version=\u00bb4.27.4&#8243; _module_preset=\u00bbdefault\u00bb header_font=\u00bbQuicksand|700|||||||\u00bb header_font_size=\u00bb17px\u00bb body_font=\u00bbLato|-et_global_heading_font_weight|||||||\u00bb body_text_color=\u00bb#535252&#8243; image_icon_custom_margin=\u00bb||0px||false|false\u00bb image_icon_custom_padding=\u00bb||0px||false|false\u00bb text_orientation=\u00bbcenter\u00bb global_colors_info=\u00bb{}\u00bb]<\/p>\n<p>Livraison gratuite en France M\u00e9tropolitaine pour toute commande sup\u00e9rieure \u00e0 60\u20ac.<\/p>\n<p>[\/et_pb_blurb][\/et_pb_column][\/et_pb_row][\/et_pb_section]<\/p>\n","protected":false},"excerpt":{"rendered":"<p>La marque VIKORY est une marque d\u00e9pos\u00e9e \u00e0 l&#8217;INPI et exploit\u00e9e par CG-MC. La boutique http:\/\/www.vikory.com appartient \u00e0 CG-MC.1. Prix Les prix de vente des produits vendus sur le site www.vikory.com sont indiqu\u00e9s TTC. Ces prix n&#8217;incluent toutefois pas les frais de livraison et les \u00e9ventuels frais de douane. Une facture d\u00e9taill\u00e9e sera jointe \u00e0 [&hellip;]<\/p>\n","protected":false},"author":3,"featured_media":0,"parent":5233,"menu_order":65,"comment_status":"closed","ping_status":"closed","template":"","meta":{"_acf_changed":false,"_et_pb_use_builder":"on","_et_pb_old_content":"","_et_gb_content_width":"","footnotes":""},"class_list":["post-1882","page","type-page","status-publish","hentry"],"acf":[],"aioseo_notices":[],"_links":{"self":[{"href":"https:\/\/vikory.com\/es\/wp-json\/wp\/v2\/pages\/1882","targetHints":{"allow":["GET"]}}],"collection":[{"href":"https:\/\/vikory.com\/es\/wp-json\/wp\/v2\/pages"}],"about":[{"href":"https:\/\/vikory.com\/es\/wp-json\/wp\/v2\/types\/page"}],"author":[{"embeddable":true,"href":"https:\/\/vikory.com\/es\/wp-json\/wp\/v2\/users\/3"}],"replies":[{"embeddable":true,"href":"https:\/\/vikory.com\/es\/wp-json\/wp\/v2\/comments?post=1882"}],"version-history":[{"count":8,"href":"https:\/\/vikory.com\/es\/wp-json\/wp\/v2\/pages\/1882\/revisions"}],"predecessor-version":[{"id":5256,"href":"https:\/\/vikory.com\/es\/wp-json\/wp\/v2\/pages\/1882\/revisions\/5256"}],"up":[{"embeddable":true,"href":"https:\/\/vikory.com\/es\/wp-json\/wp\/v2\/pages\/5233"}],"wp:attachment":[{"href":"https:\/\/vikory.com\/es\/wp-json\/wp\/v2\/media?parent=1882"}],"curies":[{"name":"wp","href":"https:\/\/api.w.org\/{rel}","templated":true}]}}