{"id":1894,"date":"2025-04-17T09:47:40","date_gmt":"2025-04-17T08:47:40","guid":{"rendered":"https:\/\/vikory.com\/?page_id=1894"},"modified":"2026-01-13T08:52:25","modified_gmt":"2026-01-13T07:52:25","slug":"aviso-legal","status":"publish","type":"page","link":"https:\/\/vikory.com\/es\/ley\/aviso-legal\/","title":{"rendered":"Aviso legal"},"content":{"rendered":"<p>[et_pb_section fb_built=\u00bb1&#8243; _builder_version=\u00bb4.27.4&#8243; _module_preset=\u00bbdefault\u00bb custom_padding=\u00bb||3px|||\u00bb global_colors_info=\u00bb{}\u00bb][et_pb_row _builder_version=\u00bb4.27.4&#8243; _module_preset=\u00bbdefault\u00bb global_colors_info=\u00bb{}\u00bb][et_pb_column type=\u00bb4_4&#8243; _builder_version=\u00bb4.27.4&#8243; _module_preset=\u00bbdefault\u00bb global_colors_info=\u00bb{}\u00bb][et_pb_heading title=\u00bbAviso legal \u00bb _builder_version=\u00bb4.27.4&#8243; _module_preset=\u00bbdefault\u00bb title_text_align=\u00bbcenter\u00bb title_font_size=\u00bb50px\u00bb title_font_size_tablet=\u00bb50px\u00bb title_font_size_phone=\u00bb40px\u00bb title_font_size_last_edited=\u00bbon|phone\u00bb global_colors_info=\u00bb{}\u00bb][\/et_pb_heading][\/et_pb_column][\/et_pb_row][\/et_pb_section][et_pb_section fb_built=\u00bb1&#8243; _builder_version=\u00bb4.27.4&#8243; _module_preset=\u00bbdefault\u00bb custom_padding=\u00bb0px|||||\u00bb global_colors_info=\u00bb{}\u00bb][et_pb_row _builder_version=\u00bb4.27.4&#8243; _module_preset=\u00bbdefault\u00bb width=\u00bb50%\u00bb width_tablet=\u00bb50%\u00bb width_phone=\u00bb90%\u00bb width_last_edited=\u00bbon|phone\u00bb module_alignment=\u00bbcenter\u00bb global_colors_info=\u00bb{}\u00bb][et_pb_column type=\u00bb4_4&#8243; _builder_version=\u00bb4.27.4&#8243; _module_preset=\u00bbdefault\u00bb global_colors_info=\u00bb{}\u00bb][et_pb_heading title=\u00bb1. PR\u00c9SENTATION DU SITE.\u00bb _builder_version=\u00bb4.27.4&#8243; _module_preset=\u00bbdefault\u00bb title_font_size=\u00bb23px\u00bb custom_margin=\u00bb||0px|||\u00bb hover_enabled=\u00bb0&#8243; global_colors_info=\u00bb{}\u00bb title_level=\u00bbh2&#8243; sticky_enabled=\u00bb0&#8243;][\/et_pb_heading][et_pb_text _builder_version=\u00bb4.27.4&#8243; _module_preset=\u00bbdefault\u00bb text_font=\u00bbLato||||||||\u00bb text_font_size=\u00bb15px\u00bb global_colors_info=\u00bb{}\u00bb]<\/p>\n<p>En vertu de l&#8217;article 6 de la loi n\u00b0 2004-575 du 21 juin 2004 pour la confiance dans l&#8217;\u00e9conomie num\u00e9rique, il est pr\u00e9cis\u00e9 aux utilisateurs du site www.vikory.com l&#8217;identit\u00e9 des diff\u00e9rents intervenants dans le cadre de sa r\u00e9alisation et de son suivi\u00a0:<\/p>\n<p>Propri\u00e9taire\u00a0: CG-MC (VIKORY) - SIRET 94846775800017 - 8 Chemin de la Noue - 21600 LONGVIC - France<br \/>Directeur de la publication\u00a0: Jean-Bernard LAMOISE - contact@vikory.com<br \/>Webmaster\u00a0: Dominique DELCOURT - contact@vikory.com<br \/>H\u00e9bergeur\u00a0: GoDaddy - 14455 N. Hayden Rd., Ste. 226 Scottsdale, AZ 85260 \u00c9tats-Unis<\/p>\n<p>[\/et_pb_text][et_pb_heading title=\u00bb2. CONDITIONS G\u00c9N\u00c9RALES D&#8217;UTILISATION DU SITE ET DES SERVICES PROPOS\u00c9S.\u00bb _builder_version=\u00bb4.27.4&#8243; _module_preset=\u00bbdefault\u00bb title_font_size=\u00bb23px\u00bb custom_margin=\u00bb||-1px|||\u00bb hover_enabled=\u00bb0&#8243; global_colors_info=\u00bb{}\u00bb title_level=\u00bbh2&#8243; sticky_enabled=\u00bb0&#8243;][\/et_pb_heading][et_pb_text _builder_version=\u00bb4.27.4&#8243; _module_preset=\u00bbdefault\u00bb text_font=\u00bbLato||||||||\u00bb text_font_size=\u00bb15px\u00bb global_colors_info=\u00bb{}\u00bb]<\/p>\n<p>L&#8217;utilisation du site www.vikory.com implique l&#8217;acceptation pleine et enti\u00e8re des conditions g\u00e9n\u00e9rales d&#8217;utilisation d\u00e9crites ci-dessous. Ces conditions d&#8217;utilisation sont susceptibles d&#8217;\u00eatre modifi\u00e9es ou compl\u00e9t\u00e9es \u00e0 tout moment, les utilisateurs du site www.vikory.com sont donc invit\u00e9s \u00e0 les consulter de mani\u00e8re r\u00e9guli\u00e8re.<\/p>\n<p>Ce site est normalement accessible aux utilisateurs \u00e0 tout moment. Une interruption pour raison de maintenance technique peut \u00eatre toutefois d\u00e9cid\u00e9e par VIKORY, qui s&#8217;efforcera alors de communiquer pr\u00e9alablement aux utilisateurs les dates et heures de l&#8217;intervention.<\/p>\n<p>Le site www.vikory.com est mis \u00e0 jour r\u00e9guli\u00e8rement par VIKORY. De la m\u00eame fa\u00e7on, les mentions l\u00e9gales peuvent \u00eatre modifi\u00e9es \u00e0 tout moment\u00a0: elles s&#8217;imposent n\u00e9anmoins \u00e0 l&#8217;utilisateur qui est invit\u00e9 \u00e0 s&#8217;y r\u00e9f\u00e9rer le plus souvent possible afin d&#8217;en prendre connaissance.<\/p>\n<p>[\/et_pb_text][et_pb_heading title=\u00bb3. DESCRIPTION DES SERVICES FOURNIS.\u00bb _builder_version=\u00bb4.27.4&#8243; _module_preset=\u00bbdefault\u00bb title_font_size=\u00bb23px\u00bb custom_margin=\u00bb||1px|||\u00bb hover_enabled=\u00bb0&#8243; global_colors_info=\u00bb{}\u00bb title_level=\u00bbh2&#8243; sticky_enabled=\u00bb0&#8243;][\/et_pb_heading][et_pb_text _builder_version=\u00bb4.27.4&#8243; _module_preset=\u00bbdefault\u00bb text_font=\u00bbLato||||||||\u00bb text_font_size=\u00bb15px\u00bb global_colors_info=\u00bb{}\u00bb]<\/p>\n<p>Le site www.vikory.com a pour objet de fournir une information concernant l&#8217;ensemble des activit\u00e9s de la soci\u00e9t\u00e9.<\/p>\n<p>VIKORY s&#8217;efforce de fournir sur le site www.vikory.com des informations aussi pr\u00e9cises que possible. Toutefois, la soci\u00e9t\u00e9 ne saurait \u00eatre tenue responsable des omissions, des inexactitudes et des carences dans la mise \u00e0 jour, qu&#8217;elles soient de son fait ou du fait des tiers partenaires qui lui fournissent ces informations.<\/p>\n<p>Tous les informations indiqu\u00e9es sur le site www.vikory.com sont donn\u00e9es \u00e0 titre indicatif et sont susceptibles d&#8217;\u00e9voluer. Par ailleurs, les renseignements figurant sur le site www.vikory.com ne sont pas exhaustifs. Ils sont donn\u00e9s sous r\u00e9serve de modifications ayant \u00e9t\u00e9 apport\u00e9es depuis leur mise en ligne.<\/p>\n<p>[\/et_pb_text][et_pb_heading title=\u00bb4. LIMITATIONS CONTRACTUELLES SUR LES DONN\u00c9ES TECHNIQUES. LE SITE UTILISE LA TECHNOLOGIE JAVASCRIPT.\u00bb _builder_version=\u00bb4.27.4&#8243; _module_preset=\u00bbdefault\u00bb title_font_size=\u00bb23px\u00bb custom_margin=\u00bb||3px|||\u00bb hover_enabled=\u00bb0&#8243; global_colors_info=\u00bb{}\u00bb title_level=\u00bbh2&#8243; sticky_enabled=\u00bb0&#8243;][\/et_pb_heading][et_pb_text _builder_version=\u00bb4.27.4&#8243; _module_preset=\u00bbdefault\u00bb text_font=\u00bbLato||||||||\u00bb text_font_size=\u00bb15px\u00bb global_colors_info=\u00bb{}\u00bb]<\/p>\n<p class=\"\">Le site web ne saurait \u00eatre tenu responsable de dommages mat\u00e9riels li\u00e9s \u00e0 l&#8217;utilisation du site. De plus, l&#8217;utilisateur du site s&#8217;engage \u00e0 acc\u00e9der au site en utilisant un mat\u00e9riel r\u00e9cent, ne contenant pas de virus et avec un navigateur de derni\u00e8re g\u00e9n\u00e9ration mis-\u00e0-jour.<\/p>\n<p>[\/et_pb_text][et_pb_heading title=\u00bb5. PROPRI\u00c9T\u00c9 INTELLECTUELLE ET CONTREFA\u00c7ONS.\u00bb _builder_version=\u00bb4.27.4&#8243; _module_preset=\u00bbdefault\u00bb title_font_size=\u00bb23px\u00bb custom_margin=\u00bb||-1px|||\u00bb hover_enabled=\u00bb0&#8243; global_colors_info=\u00bb{}\u00bb title_level=\u00bbh2&#8243; sticky_enabled=\u00bb0&#8243;][\/et_pb_heading][et_pb_text _builder_version=\u00bb4.27.4&#8243; _module_preset=\u00bbdefault\u00bb text_font=\u00bbLato||||||||\u00bb text_font_size=\u00bb15px\u00bb global_colors_info=\u00bb{}\u00bb]<\/p>\n<p>VIKORY est propri\u00e9taire des droits de propri\u00e9t\u00e9 intellectuelle ou d\u00e9tient les droits d&#8217;usage sur tous les \u00e9l\u00e9ments accessibles sur le site, notamment les textes, images, graphismes, logo, ic\u00f4nes, sons, logiciels.<\/p>\n<p>Toute reproduction, repr\u00e9sentation, modification, publication, adaptation de tout ou partie des \u00e9l\u00e9ments du site, quel que soit le moyen ou le proc\u00e9d\u00e9 utilis\u00e9, est interdite, sauf autorisation \u00e9crite pr\u00e9alable de Cl\u00e9ment DESPLATS, pr\u00e9sident de VIKORY.<\/p>\n<p>Toute exploitation non autoris\u00e9e du site ou de l&#8217;un quelconque des \u00e9l\u00e9ments qu&#8217;il contient sera consid\u00e9r\u00e9e comme constitutive d&#8217;une contrefa\u00e7on et poursuivie conform\u00e9ment aux dispositions des articles L.335-2 et suivants du Code de la propri\u00e9t\u00e9 intellectuelle.<\/p>\n<p>[\/et_pb_text][et_pb_heading title=\u00bb6. LIMITATIONS DE RESPONSABILIT\u00c9.\u00bb _builder_version=\u00bb4.27.4&#8243; _module_preset=\u00bbdefault\u00bb title_font_size=\u00bb23px\u00bb custom_margin=\u00bb||-1px|||\u00bb hover_enabled=\u00bb0&#8243; global_colors_info=\u00bb{}\u00bb title_level=\u00bbh2&#8243; sticky_enabled=\u00bb0&#8243;][\/et_pb_heading][et_pb_text _builder_version=\u00bb4.27.4&#8243; _module_preset=\u00bbdefault\u00bb text_font=\u00bbLato||||||||\u00bb text_font_size=\u00bb15px\u00bb global_colors_info=\u00bb{}\u00bb]<\/p>\n<p>VIKORY ne pourra \u00eatre tenue responsable des dommages directs et indirects caus\u00e9s au mat\u00e9riel de l&#8217;utilisateur, lors de l&#8217;acc\u00e8s au site www.vikory.com, et r\u00e9sultant soit de l&#8217;utilisation d&#8217;un mat\u00e9riel ne r\u00e9pondant pas aux sp\u00e9cifications indiqu\u00e9es au point 4, soit de l&#8217;apparition d&#8217;un bug ou d&#8217;une incompatibilit\u00e9.<\/p>\n<p>VIKORY ne saurait \u00e9galement \u00eatre tenue responsable des dommages indirects (tels par exemple qu&#8217;une perte de march\u00e9 ou perte d&#8217;une chance) cons\u00e9cutifs \u00e0 l&#8217;utilisation du site www.vikory.com.<\/p>\n<p>Des espaces interactifs (possibilit\u00e9 de poser des questions dans l&#8217;espace contact) sont \u00e0 la disposition des utilisateurs. VIKORY se r\u00e9serve le droit de supprimer, sans mise en demeure pr\u00e9alable, tout contenu publi\u00e9 dans cet espace qui contreviendrait \u00e0 la l\u00e9gislation applicable en France, notamment aux dispositions relatives \u00e0 la protection des donn\u00e9es. Le cas \u00e9ch\u00e9ant, VIKORY se r\u00e9serve \u00e9galement le droit de mettre en cause la responsabilit\u00e9 civile et\/ou p\u00e9nale de l&#8217;utilisateur, notamment en cas de message \u00e0 caract\u00e8re raciste, injurieux, diffamant ou pornographique, quel que soit le support utilis\u00e9 (texte, photographie\u2026).<\/p>\n<p>[\/et_pb_text][et_pb_heading title=\u00bb7. MANAGEMENT OF PERSONAL DATA.\u00bb _builder_version=\u00bb4.27.4&#8243; _module_preset=\u00bbdefault\u00bb title_font_size=\u00bb23px\u00bb custom_margin=\u00bb||0px|||\u00bb hover_enabled=\u00bb0&#8243; global_colors_info=\u00bb{}\u00bb title_level=\u00bbh2&#8243; sticky_enabled=\u00bb0&#8243;][\/et_pb_heading][et_pb_text _builder_version=\u00bb4.27.4&#8243; _module_preset=\u00bbdefault\u00bb text_font=\u00bbLato||||||||\u00bb text_font_size=\u00bb15px\u00bb global_colors_info=\u00bb{}\u00bb]<\/p>\n<p>En France, les donn\u00e9es personnelles sont notamment prot\u00e9g\u00e9es par la loi n\u00b0 78-87 du 6 janvier 1978, la loi n\u00b0 2004-801 du 6 ao\u00fbt 2004, l&#8217;article L. 226-13 du Code p\u00e9nal et la Directive Europ\u00e9enne du 24 octobre 1995.<\/p>\n<p>A l&#8217;occasion de l&#8217;utilisation du site www.vikory.com, peuvent \u00eatres recueillies\u00a0: l&#8217;URL des liens par l&#8217;interm\u00e9diaire desquels l&#8217;utilisateur a acc\u00e9d\u00e9 au site www.vikory.com, le fournisseur d&#8217;acc\u00e8s de l&#8217;utilisateur, l&#8217;adresse de protocole Internet (IP) de l&#8217;utilisateur.<\/p>\n<p>En tout \u00e9tat de cause, VIKORY ne collecte des informations personnelles relatives \u00e0 l&#8217;utilisateur que pour le besoin de certains services propos\u00e9s par le site www.vikory.com. L&#8217;utilisateur fournit ces informations en toute connaissance de cause, notamment lorsqu&#8217;il proc\u00e8de par lui-m\u00eame \u00e0 leur saisie. Il est alors pr\u00e9cis\u00e9 \u00e0 l&#8217;utilisateur du site www.vikory.com l\u2019obligation ou non de fournir ces informations.<\/p>\n<p>Conform\u00e9ment aux dispositions de l&#8217;article<\/p>\n<p>[\/et_pb_text][et_pb_heading title=\u00bb8. LIENS HYPERTEXTES ET COOKIES.\u00bb _builder_version=\u00bb4.27.4&#8243; _module_preset=\u00bbdefault\u00bb title_font_size=\u00bb23px\u00bb custom_margin=\u00bb||1px|||\u00bb hover_enabled=\u00bb0&#8243; global_colors_info=\u00bb{}\u00bb title_level=\u00bbh2&#8243; sticky_enabled=\u00bb0&#8243;][\/et_pb_heading][et_pb_text _builder_version=\u00bb4.27.4&#8243; _module_preset=\u00bbdefault\u00bb text_font=\u00bbLato||||||||\u00bb text_font_size=\u00bb15px\u00bb global_colors_info=\u00bb{}\u00bb]<\/p>\n<p>Le site www.vikory.com contient un certain nombre de liens hypertextes vers d\u2019autres sites, mis en place avec l\u2019autorisation de VIKORY. Cependant, VIKORY n\u2019a pas la possibilit\u00e9 de v\u00e9rifier le contenu des sites ainsi visit\u00e9s et n\u2019assumera en cons\u00e9quence aucune responsabilit\u00e9 de ce fait.<\/p>\n<p>La navigation sur le site www.vikory.com est susceptible de provoquer l\u2019installation de cookie(s) sur l\u2019ordinateur de l\u2019utilisateur. Un cookie est un fichier de petite taille, qui ne permet pas l\u2019identification de l\u2019utilisateur, mais qui enregistre des informations relatives \u00e0 la navigation d\u2019un ordinateur sur un site. Les donn\u00e9es ainsi obtenues visent \u00e0 faciliter la navigation ult\u00e9rieure sur le site, et ont \u00e9galement vocation \u00e0 permettre diverses mesures de fr\u00e9quentation.<\/p>\n<p>Le refus d\u2019installation d\u2019un cookie peut entra\u00eener l\u2019impossibilit\u00e9 d\u2019acc\u00e9der \u00e0 certains services. L\u2019utilisateur peut toutefois configurer son ordinateur de la mani\u00e8re suivante, pour refuser l\u2019installation des cookies\u00a0:<\/p>\n<p>Sous Internet Explorer\u00a0: onglet outil (pictogramme en forme de rouage en haut \u00e0 droite) \/ options internet. Cliquez sur \u00ab\u00a0Confidentialit\u00e9\u00a0\u00bb et choisissez \u00ab\u00a0Bloquer tous les cookies\u00a0\u00bb. Validez sur \u00ab\u00a0Ok\u00a0\u00bb. Sous Firefox\u00a0: en haut de la fen\u00eatre du navigateur, cliquez sur le bouton Firefox, puis acc\u00e9dez \u00e0 l\u2019onglet Options. Cliquez sur l\u2019onglet Confidentialit\u00e9. D\u00e9finissez les r\u00e8gles de conservation sur\u00a0: utiliser les param\u00e8tres personnalis\u00e9s pour l\u2019historique. Enfin, d\u00e9cochez-la pour d\u00e9sactiver les cookies.<\/p>\n<p>Sous Safari\u00a0: Cliquez en haut \u00e0 droite du navigateur sur le pictogramme de menu (symbolis\u00e9 par un rouage). S\u00e9lectionnez Param\u00e8tres. Cliquez sur Afficher les param\u00e8tres avanc\u00e9s. Dans la section \u00ab\u00a0Confidentialit\u00e9\u00a0\u00bb, cliquez sur Param\u00e8tres de contenu. Dans la section \u00ab\u00a0Cookies\u00a0\u00bb, vous pouvez bloquer les cookies.<\/p>\n<p>Sous Chrome\u00a0: Cliquez en haut \u00e0 droite du navigateur sur le pictogramme de menu (symbolis\u00e9 par trois lignes horizontales). S\u00e9lectionnez Param\u00e8tres. Cliquez sur Afficher les param\u00e8tres avanc\u00e9s. Dans la section \u00ab\u00a0Confidentialit\u00e9\u00a0\u00bb, cliquez sur Pr\u00e9f\u00e9rences. Dans l\u2019onglet \u00ab\u00a0Confidentialit\u00e9\u00a0\u00bb, vous pouvez bloquer les cookies.<\/p>\n<p>[\/et_pb_text][et_pb_heading title=\u00bb9. DROIT APPLICABLE ET ATTRIBUTION DE JURIDICTION.\u00bb _builder_version=\u00bb4.27.4&#8243; _module_preset=\u00bbdefault\u00bb title_font_size=\u00bb23px\u00bb custom_margin=\u00bb||1px|||\u00bb hover_enabled=\u00bb0&#8243; global_colors_info=\u00bb{}\u00bb title_level=\u00bbh2&#8243; sticky_enabled=\u00bb0&#8243;][\/et_pb_heading][et_pb_text _builder_version=\u00bb4.27.4&#8243; _module_preset=\u00bbdefault\u00bb text_font=\u00bbLato||||||||\u00bb text_font_size=\u00bb15px\u00bb global_colors_info=\u00bb{}\u00bb]<\/p>\n<p class=\"\">Tout litige en relation avec l\u2019utilisation du site www.vikory.com est soumis au droit fran\u00e7ais. Il est fait attribution exclusive de juridiction aux tribunaux comp\u00e9tents de Lille (Nord).<\/p>\n<p>[\/et_pb_text][et_pb_heading title=\u00bb10. PRINCIPALES LOIS CONCERN\u00c9ES.\u00bb _builder_version=\u00bb4.27.4&#8243; _module_preset=\u00bbdefault\u00bb title_font_size=\u00bb23px\u00bb custom_margin=\u00bb||2px|||\u00bb hover_enabled=\u00bb0&#8243; global_colors_info=\u00bb{}\u00bb title_level=\u00bbh2&#8243; sticky_enabled=\u00bb0&#8243;][\/et_pb_heading][et_pb_text _builder_version=\u00bb4.27.4&#8243; _module_preset=\u00bbdefault\u00bb text_font=\u00bbLato||||||||\u00bb text_font_size=\u00bb15px\u00bb global_colors_info=\u00bb{}\u00bb]<\/p>\n<p>Loi n\u00b0 78-17 du 6 janvier 1978, notamment modifi\u00e9e par la loi n\u00b0 2004-801 du 6 ao\u00fbt 2004, relative \u00e0 l&#8217;informatique, aux fichiers et aux libert\u00e9s.<\/p>\n<p>Loi n\u00b0 2004-575 du 21 juin 2004 pour la confiance dans l&#8217;\u00e9conomie num\u00e9rique.<\/p>\n<p>[\/et_pb_text][et_pb_heading title=\u00bb11. LEXIQUE.\u00bb _builder_version=\u00bb4.27.4&#8243; _module_preset=\u00bbdefault\u00bb title_font_size=\u00bb23px\u00bb custom_margin=\u00bb||1px|||\u00bb hover_enabled=\u00bb0&#8243; global_colors_info=\u00bb{}\u00bb title_level=\u00bbh2&#8243; sticky_enabled=\u00bb0&#8243;][\/et_pb_heading][et_pb_text _builder_version=\u00bb4.27.4&#8243; _module_preset=\u00bbdefault\u00bb text_font=\u00bbLato||||||||\u00bb text_font_size=\u00bb15px\u00bb global_colors_info=\u00bb{}\u00bb]<\/p>\n<p>Utilisateur : Internaute se connectant, utilisant le site susnomm\u00e9.<\/p>\n<p>Informations personnelles : \u00ab les informations qui permettent, sous quelque forme que ce soit, directement ou non, l&#8217;identification des personnes physiques auxquelles elles s&#8217;appliquent \u00bb (article 4 de la loi n\u00b0 78-17 du 6 janvier 1978).<\/p>\n<p>[\/et_pb_text][\/et_pb_column][\/et_pb_row][\/et_pb_section]<\/p>\n","protected":false},"excerpt":{"rendered":"<p>En vertu de l&#8217;article 6 de la loi n\u00b0 2004-575 du 21 juin 2004 pour la confiance dans l&#8217;\u00e9conomie num\u00e9rique, il est pr\u00e9cis\u00e9 aux utilisateurs du site www.vikory.com l&#8217;identit\u00e9 des diff\u00e9rents intervenants dans le cadre de sa r\u00e9alisation et de son suivi\u00a0: Propri\u00e9taire\u00a0: CG-MC (VIKORY) - SIRET 94846775800017 - 8 Chemin de la Noue - [&hellip;]<\/p>\n","protected":false},"author":3,"featured_media":0,"parent":5233,"menu_order":69,"comment_status":"closed","ping_status":"closed","template":"","meta":{"_acf_changed":false,"_et_pb_use_builder":"on","_et_pb_old_content":"","_et_gb_content_width":"","footnotes":""},"class_list":["post-1894","page","type-page","status-publish","hentry"],"acf":[],"aioseo_notices":[],"_links":{"self":[{"href":"https:\/\/vikory.com\/es\/wp-json\/wp\/v2\/pages\/1894","targetHints":{"allow":["GET"]}}],"collection":[{"href":"https:\/\/vikory.com\/es\/wp-json\/wp\/v2\/pages"}],"about":[{"href":"https:\/\/vikory.com\/es\/wp-json\/wp\/v2\/types\/page"}],"author":[{"embeddable":true,"href":"https:\/\/vikory.com\/es\/wp-json\/wp\/v2\/users\/3"}],"replies":[{"embeddable":true,"href":"https:\/\/vikory.com\/es\/wp-json\/wp\/v2\/comments?post=1894"}],"version-history":[{"count":10,"href":"https:\/\/vikory.com\/es\/wp-json\/wp\/v2\/pages\/1894\/revisions"}],"predecessor-version":[{"id":14028,"href":"https:\/\/vikory.com\/es\/wp-json\/wp\/v2\/pages\/1894\/revisions\/14028"}],"up":[{"embeddable":true,"href":"https:\/\/vikory.com\/es\/wp-json\/wp\/v2\/pages\/5233"}],"wp:attachment":[{"href":"https:\/\/vikory.com\/es\/wp-json\/wp\/v2\/media?parent=1894"}],"curies":[{"name":"wp","href":"https:\/\/api.w.org\/{rel}","templated":true}]}}