{"id":1904,"date":"2025-04-17T09:33:55","date_gmt":"2025-04-17T08:33:55","guid":{"rendered":"https:\/\/vikory.com\/?page_id=1904"},"modified":"2026-01-14T13:40:09","modified_gmt":"2026-01-14T12:40:09","slug":"notre-histoire","status":"publish","type":"page","link":"https:\/\/vikory.com\/es\/notre-histoire\/","title":{"rendered":"Nuestra historia"},"content":{"rendered":"<p>[et_pb_section fb_built=\u00bb1&#8243; _builder_version=\u00bb4.27.4&#8243; _module_preset=\u00bbdefault\u00bb custom_padding=\u00bb5px||2px|||\u00bb global_colors_info=\u00bb{}\u00bb][et_pb_row _builder_version=\u00bb4.27.4&#8243; _module_preset=\u00bbdefault\u00bb global_colors_info=\u00bb{}\u00bb][et_pb_column type=\u00bb4_4&#8243; _builder_version=\u00bb4.27.4&#8243; _module_preset=\u00bbdefault\u00bb global_colors_info=\u00bb{}\u00bb][et_pb_heading title=\u00bbNuestra historia\u00bb _builder_version=\u00bb4.27.4&#8243; _module_preset=\u00bbdefault\u00bb title_text_align=\u00bbcenter\u00bb title_font_size=\u00bb50px\u00bb global_colors_info=\u00bb{}\u00bb][\/et_pb_heading][\/et_pb_column][\/et_pb_row][\/et_pb_section][et_pb_section fb_built=\u00bb1&#8243; _builder_version=\u00bb4.27.4&#8243; _module_preset=\u00bbdefault\u00bb custom_padding=\u00bb4px|||||\u00bb global_colors_info=\u00bb{}\u00bb][et_pb_row _builder_version=\u00bb4.27.4&#8243; _module_preset=\u00bbdefault\u00bb width_tablet=\u00bb\u00bb width_phone=\u00bb90%\u00bb width_last_edited=\u00bbon|phone\u00bb global_colors_info=\u00bb{}\u00bb][et_pb_column type=\u00bb4_4&#8243; _builder_version=\u00bb4.27.4&#8243; _module_preset=\u00bbdefault\u00bb global_colors_info=\u00bb{}\u00bb][et_pb_text admin_label=\u00bbText\u00bb _builder_version=\u00bb4.27.4&#8243; _module_preset=\u00bbdefault\u00bb text_font=\u00bbLato||||||||\u00bb text_font_size=\u00bb15px\u00bb text_orientation=\u00bbjustified\u00bb width=\u00bb65%\u00bb module_alignment=\u00bbcenter\u00bb custom_padding=\u00bb1px|15px||15px|false|false\u00bb global_colors_info=\u00bb{}\u00bb]<\/p>\n<p data-start=\"282\" data-end=\"606\">Fundada por <strong data-start=\"293\" data-end=\"313\">Cl\u00e9ment Desplats<\/strong>, <strong data-start=\"315\" data-end=\"325\">Vikory<\/strong> naci\u00f3 de una simple ambici\u00f3n: crear palillos chinos <strong data-start=\"378\" data-end=\"389\">con estilo<\/strong>, <strong data-start=\"391\" data-end=\"408\">m\u00e1s sostenibles<\/strong> y <strong data-start=\"412\" data-end=\"432\">m\u00e1s inspiradores<\/strong>.<br data-start=\"433\" data-end=\"436\">Para hacer realidad su proyecto, Cl\u00e9ment reuni\u00f3 a una comunidad de entusiastas y recaud\u00f3 los fondos necesarios a trav\u00e9s de una campa\u00f1a de <a href=\"https:\/\/www.kickstarter.com\/projects\/447275778\/vikory-the-first-drumsticks-combining-quality-with\"><strong data-start=\"568\" data-end=\"583\">campa\u00f1a en Kickstarter<\/strong><\/a> en 2019.<\/p>\n<p data-start=\"608\" data-end=\"1018\">Tras a\u00f1os de investigaci\u00f3n, ha encontrado la f\u00f3rmula perfecta para mejorar la longevidad y reducir las vibraciones: una rigurosa selecci\u00f3n de las mejores maderas combinada con el contenido ideal de humedad.<br data-start=\"807\" data-end=\"810\">Tambi\u00e9n ha dotado a los mazos de una <strong data-start=\"849\" data-end=\"877\">identidad visual \u00fanica<\/strong>, inspir\u00e1ndose en sus experiencias vitales y encuentros, en particular con las comunidades ind\u00edgenas de Chiapas, M\u00e9xico.<\/p>\n<p data-start=\"1020\" data-end=\"1430\"><strong data-start=\"1020\" data-end=\"1034\">A principios de 2025<\/strong>, comenz\u00f3 un nuevo cap\u00edtulo.<br data-start=\"1069\" data-end=\"1072\"><strong data-start=\"1072\" data-end=\"1093\">Christian Gagn\u00e8re<\/strong>, Director General de <strong data-start=\"1257\" data-end=\"1308\">CG-MC<\/strong>, tom\u00f3 el relevo con la determinaci\u00f3n de preservar este patrimonio y, al mismo tiempo, elevar el perfil de Vikory a nivel internacional.<br data-start=\"1225\" data-end=\"1228\">Para lograr este objetivo, <strong data-start=\"1257\" data-end=\"1308\">CG-MC se apoya en un equipo de profesionales<\/strong> <strong data-start=\"1312\" data-end=\"1325\">del marketing<\/strong> y <strong data-start=\"1332\" data-end=\"1344\">la<\/strong> econom\u00eda dedicados a desarrollar la reputaci\u00f3n y la presencia de la marca en todos los mercados.<\/p>\n<p data-start=\"1432\" data-end=\"1667\">Fieles a nuestro lema <em data-start=\"1456\" data-end=\"1480\">\u00abEl sonido de la victoria\u00bb,<\/em> seguimos con nuestra misi\u00f3n de ofrecer a los bateristas de todo el mundo baquetas <strong data-start=\"1565\" data-end=\"1590\">muy resistentes<\/strong>, con un <strong data-start=\"1595\" data-end=\"1612\">estilo inconfundible<\/strong> y <strong data-start=\"1633\" data-end=\"1664\">una comodidad de interpretaci\u00f3n inigualable<\/strong>.<\/p>\n<p>[\/et_pb_text][\/et_pb_column][\/et_pb_row][\/et_pb_section][et_pb_section fb_built=\u00bb1&#8243; _builder_version=\u00bb4.27.4&#8243; _module_preset=\u00bbdefault\u00bb background_color=\u00bb#e1e1e1&#8243; custom_padding=\u00bb8px||4px|||\u00bb locked=\u00bboff\u00bb global_colors_info=\u00bb{}\u00bb][et_pb_row column_structure=\u00bb1_3,1_3,1_3&#8243; _builder_version=\u00bb4.27.4&#8243; _module_preset=\u00bbdefault\u00bb custom_padding=\u00bb19px|||||\u00bb global_colors_info=\u00bb{}\u00bb][et_pb_column type=\u00bb1_3&#8243; _builder_version=\u00bb4.27.4&#8243; _module_preset=\u00bbdefault\u00bb global_colors_info=\u00bb{}\u00bb][et_pb_blurb title=\u00bbPalillos excepcionales.\u00bb image=\u00bbhttps:\/\/vikory.com\/wp-content\/uploads\/2025\/04\/drumstick_bee389bf-5baa-4e12-a10d-32c455bf1e66_x50@2x.png\u00bb image_icon_width=\u00bb44%\u00bb _builder_version=\u00bb4.27.4&#8243; _module_preset=\u00bbdefault\u00bb header_font=\u00bbQuicksand|700|||||||\u00bb header_font_size=\u00bb17px\u00bb body_font=\u00bbLato|-et_global_heading_font_weight|||||||\u00bb body_text_color=\u00bb#535252&#8243; image_icon_custom_margin=\u00bb||0px||false|false\u00bb image_icon_custom_padding=\u00bb||0px||false|false\u00bb text_orientation=\u00bbcenter\u00bb global_colors_info=\u00bb{}\u00bb]<\/p>\n<p><span>Cada baguette que sale de nuestros talleres se examina para garantizar una experiencia \u00fanica.<\/span><\/p>\n<p>[\/et_pb_blurb][\/et_pb_column][et_pb_column type=\u00bb1_3&#8243; _builder_version=\u00bb4.27.4&#8243; _module_preset=\u00bbdefault\u00bb global_colors_info=\u00bb{}\u00bb][et_pb_blurb title=\u00bbMadera de calidad.\u00bb image=\u00bbhttps:\/\/vikory.com\/wp-content\/uploads\/2025\/04\/favorite_x50@2x.png\u00bb image_icon_width=\u00bb44%\u00bb _builder_version=\u00bb4.27.4&#8243; _module_preset=\u00bbdefault\u00bb header_font=\u00bbQuicksand|700|||||||\u00bb header_font_size=\u00bb17px\u00bb body_font=\u00bbLato|-et_global_heading_font_weight|||||||\u00bb body_text_color=\u00bb#535252&#8243; image_icon_custom_margin=\u00bb||0px||false|false\u00bb image_icon_custom_padding=\u00bb||0px||false|false\u00bb text_orientation=\u00bbcenter\u00bb global_colors_info=\u00bb{}\u00bb]<\/p>\n<p>Nuestros palillos est\u00e1n hechos de nogal americano, un nogal blanco suave pero duro.<\/p>\n<p>[\/et_pb_blurb][\/et_pb_column][et_pb_column type=\u00bb1_3&#8243; _builder_version=\u00bb4.27.4&#8243; _module_preset=\u00bbdefault\u00bb global_colors_info=\u00bb{}\u00bb][et_pb_blurb title=\u00bbEntrega gratuita.\u00bb image=\u00bbhttps:\/\/vikory.com\/wp-content\/uploads\/2025\/04\/shipping-box_x50@2x.png\u00bb image_icon_width=\u00bb44%\u00bb _builder_version=\u00bb4.27.4&#8243; _module_preset=\u00bbdefault\u00bb header_font=\u00bbQuicksand|700|||||||\u00bb header_font_size=\u00bb17px\u00bb body_font=\u00bbLato|-et_global_heading_font_weight|||||||\u00bb body_text_color=\u00bb#535252&#8243; image_icon_custom_margin=\u00bb||0px||false|false\u00bb image_icon_custom_padding=\u00bb||0px||false|false\u00bb text_orientation=\u00bbcenter\u00bb global_colors_info=\u00bb{}\u00bb]<\/p>\n<p>Entrega gratuita en Francia continental para todos los pedidos superiores a 60 euros.<\/p>\n<p>[\/et_pb_blurb][\/et_pb_column][\/et_pb_row][\/et_pb_section]<\/p>\n","protected":false},"excerpt":{"rendered":"<p>Fundada por Cl\u00e9ment Desplats, Vikory naci\u00f3 de una simple ambici\u00f3n: crear palillos chinos con estilo, m\u00e1s sostenibles y m\u00e1s inspiradores.Para hacer realidad su proyecto, Cl\u00e9ment reuni\u00f3 a una comunidad de entusiastas y recaud\u00f3 los fondos necesarios a trav\u00e9s de una campa\u00f1a de campa\u00f1a en Kickstarter en 2019. Tras a\u00f1os de investigaci\u00f3n, ha encontrado la f\u00f3rmula [&hellip;]<\/p>\n","protected":false},"author":3,"featured_media":0,"parent":0,"menu_order":70,"comment_status":"closed","ping_status":"closed","template":"","meta":{"_acf_changed":false,"_et_pb_use_builder":"on","_et_pb_old_content":"","_et_gb_content_width":"","footnotes":""},"class_list":["post-1904","page","type-page","status-publish","hentry"],"acf":[],"aioseo_notices":[],"_links":{"self":[{"href":"https:\/\/vikory.com\/es\/wp-json\/wp\/v2\/pages\/1904","targetHints":{"allow":["GET"]}}],"collection":[{"href":"https:\/\/vikory.com\/es\/wp-json\/wp\/v2\/pages"}],"about":[{"href":"https:\/\/vikory.com\/es\/wp-json\/wp\/v2\/types\/page"}],"author":[{"embeddable":true,"href":"https:\/\/vikory.com\/es\/wp-json\/wp\/v2\/users\/3"}],"replies":[{"embeddable":true,"href":"https:\/\/vikory.com\/es\/wp-json\/wp\/v2\/comments?post=1904"}],"version-history":[{"count":12,"href":"https:\/\/vikory.com\/es\/wp-json\/wp\/v2\/pages\/1904\/revisions"}],"predecessor-version":[{"id":14103,"href":"https:\/\/vikory.com\/es\/wp-json\/wp\/v2\/pages\/1904\/revisions\/14103"}],"wp:attachment":[{"href":"https:\/\/vikory.com\/es\/wp-json\/wp\/v2\/media?parent=1904"}],"curies":[{"name":"wp","href":"https:\/\/api.w.org\/{rel}","templated":true}]}}