{"id":10292,"date":"2025-11-09T22:19:46","date_gmt":"2025-11-09T21:19:46","guid":{"rendered":"https:\/\/vikory.com\/?post_type=product&#038;p=10292"},"modified":"2025-12-13T19:15:42","modified_gmt":"2025-12-13T18:15:42","slug":"par-de-baquetas-hexadyn-5a-copie-copie-copie-copie-copie-copie-copie","status":"publish","type":"product","link":"https:\/\/vikory.com\/es\/producto\/par-de-baquetas-hexadyn-5a-copie-copie-copie-copie-copie-copie-copie\/","title":{"rendered":"VIKORY Black 5A Pack: Almohadilla de pr\u00e1ctica + Tr\u00edpode + Bolsa + 2 pares de baquetas Black 5A"},"content":{"rendered":"<p>[et_pb_section fb_built=\u00bb1&#8243; _builder_version=\u00bb4.27.4&#8243; custom_padding=\u00bb30px||||false|false\u00bb global_colors_info=\u00bb{}\u00bb][et_pb_row _builder_version=\u00bb4.16&#8243; background_size=\u00bbinitial\u00bb background_position=\u00bbtop_left\u00bb background_repeat=\u00bbrepeat\u00bb width=\u00bb100%\u00bb custom_padding=\u00bb0px||0px||false|false\u00bb global_colors_info=\u00bb{}\u00bb][et_pb_column type=\u00bb4_4&#8243; _builder_version=\u00bb4.16&#8243; custom_padding=\u00bb|||\u00bb global_colors_info=\u00bb{}\u00bb custom_padding__hover=\u00bb|||\u00bb][et_pb_wc_breadcrumb _builder_version=\u00bb4.16&#8243; global_colors_info=\u00bb{}\u00bb][\/et_pb_wc_breadcrumb][et_pb_wc_cart_notice _builder_version=\u00bb4.27.4&#8243; global_colors_info=\u00bb{}\u00bb][\/et_pb_wc_cart_notice][\/et_pb_column][\/et_pb_row][et_pb_row column_structure=\u00bb1_2,1_2&#8243; custom_padding_last_edited=\u00bbon|phone\u00bb _builder_version=\u00bb4.27.4&#8243; background_size=\u00bbinitial\u00bb background_position=\u00bbtop_left\u00bb background_repeat=\u00bbrepeat\u00bb width=\u00bb100%\u00bb custom_padding=\u00bb0px|15px||15px|false|true\u00bb custom_padding_tablet=\u00bb0px|15px||15px|false|true\u00bb custom_padding_phone=\u00bb0px|0px||0px|false|true\u00bb global_colors_info=\u00bb{}\u00bb][et_pb_column type=\u00bb1_2&#8243; _builder_version=\u00bb4.16&#8243; custom_padding=\u00bb|||\u00bb global_colors_info=\u00bb{}\u00bb custom_padding__hover=\u00bb|||\u00bb][et_pb_wc_images _builder_version=\u00bb4.16&#8243; global_colors_info=\u00bb{}\u00bb][\/et_pb_wc_images][\/et_pb_column][et_pb_column type=\u00bb1_2&#8243; _builder_version=\u00bb4.16&#8243; custom_padding=\u00bb|||\u00bb global_colors_info=\u00bb{}\u00bb custom_padding__hover=\u00bb|||\u00bb][et_pb_wc_title _builder_version=\u00bb4.27.4&#8243; custom_margin=\u00bb||15px|||\u00bb global_colors_info=\u00bb{}\u00bb][\/et_pb_wc_title][et_pb_wc_price _builder_version=\u00bb4.16&#8243; custom_margin=\u00bb||17px|||\u00bb global_colors_info=\u00bb{}\u00bb][\/et_pb_wc_price][et_pb_wc_description _builder_version=\u00bb4.16&#8243; global_colors_info=\u00bb{}\u00bb][\/et_pb_wc_description][et_pb_wc_add_to_cart _builder_version=\u00bb4.27.4&#8243; global_colors_info=\u00bb{}\u00bb][\/et_pb_wc_add_to_cart][et_pb_wc_meta _builder_version=\u00bb4.16&#8243; global_colors_info=\u00bb{}\u00bb][\/et_pb_wc_meta][\/et_pb_column][\/et_pb_row][\/et_pb_section][et_pb_section fb_built=\u00bb1&#8243; _builder_version=\u00bb4.27.4&#8243; _module_preset=\u00bbdefault\u00bb background_color=\u00bb#e1e1e1&#8243; custom_padding=\u00bb20px||5px|||\u00bb locked=\u00bboff\u00bb global_colors_info=\u00bb{}\u00bb][et_pb_row _builder_version=\u00bb4.27.4&#8243; _module_preset=\u00bbdefault\u00bb custom_padding=\u00bb8px||0px|||\u00bb global_colors_info=\u00bb{}\u00bb][et_pb_column type=\u00bb4_4&#8243; _builder_version=\u00bb4.27.4&#8243; _module_preset=\u00bbdefault\u00bb global_colors_info=\u00bb{}\u00bb][et_pb_text _builder_version=\u00bb4.27.4&#8243; _dynamic_attributes=\u00bbcontent\u00bb _module_preset=\u00bbdefault\u00bb text_font=\u00bbQuicksand|700|||||||\u00bb text_text_color=\u00bb#212529&#8243; text_font_size=\u00bb27px\u00bb text_line_height=\u00bb32px\u00bb header_text_align=\u00bbcenter\u00bb text_orientation=\u00bbcenter\u00bb custom_margin=\u00bb||16px|||\u00bb locked=\u00bboff\u00bb global_colors_info=\u00bb{}\u00bb]@ET-DC@eyJkeW5hbWljIjp0cnVlLCJjb250ZW50IjoiY3VzdG9tX21ldGFfZmlyc3Rfc2VjdGlvbl9tYWluX3RpdGxlX2NlbnRlciIsInNldHRpbmdzIjp7ImJlZm9yZSI6IiIsImFmdGVyIjoiIiwiZW5hYmxlX2h0bWwiOiJvZmYifX0=@[\/et_pb_text][\/et_pb_column][\/et_pb_row][\/et_pb_section][et_pb_section fb_built=\u00bb1&#8243; _builder_version=\u00bb4.27.4&#8243; _module_preset=\u00bbdefault\u00bb custom_margin=\u00bb-12px|||||\u00bb custom_padding=\u00bb4px||8px|||\u00bb locked=\u00bboff\u00bb global_colors_info=\u00bb{}\u00bb][et_pb_row _builder_version=\u00bb4.27.4&#8243; _module_preset=\u00bbdefault\u00bb global_colors_info=\u00bb{}\u00bb][et_pb_column type=\u00bb4_4&#8243; _builder_version=\u00bb4.27.4&#8243; _module_preset=\u00bbdefault\u00bb global_colors_info=\u00bb{}\u00bb][et_pb_text _builder_version=\u00bb4.27.4&#8243; _module_preset=\u00bbdefault\u00bb global_colors_info=\u00bb{}\u00bb]<\/p>\n<p>Combina <strong>estilo, comodidad y rendimiento<\/strong> con el <strong>VIKORY Black 5A Pack<\/strong>, que re\u00fane todo lo que un baterista necesita para entrenarse con eficacia: en casa, en el estudio o de gira.<\/p>\n<p>Este juego completo incluye una <strong>pr\u00e1ctica almohadilla de pr\u00e1ctica realista<\/strong>, un <strong>tr\u00edpode estable y ajustable<\/strong>, una <strong>pr\u00e1ctica bolsa de transporte<\/strong> y <strong>2 pares de mazas negras 5A<\/strong> con un dise\u00f1o \u00fanico y equilibrado.<\/p>\n<p>El kit <strong>todo en uno<\/strong> de <strong>Vikory<\/strong>, dise\u00f1ado para acompa\u00f1arte en cada comp\u00e1s.<\/p>\n<p>[\/et_pb_text][\/et_pb_column][\/et_pb_row][et_pb_row column_structure=\u00bb1_2,1_2&#8243; _builder_version=\u00bb4.27.4&#8243; _module_preset=\u00bbdefault\u00bb global_colors_info=\u00bb{}\u00bb][et_pb_column type=\u00bb1_2&#8243; _builder_version=\u00bb4.27.4&#8243; _module_preset=\u00bbdefault\u00bb global_colors_info=\u00bb{}\u00bb][et_pb_text _builder_version=\u00bb4.27.4&#8243; _module_preset=\u00bbdefault\u00bb global_colors_info=\u00bb{}\u00bb]<\/p>\n<h3><strong>Destacados<\/strong><\/h3>\n<ul>\n<li style=\"list-style-type: none;\">\n<li><strong>Paquete completo y listo para jugar:<\/strong> todo lo que necesitas para practicar nada m\u00e1s abrir el paquete.<\/li>\n<li><strong>Almohadilla de pr\u00e1ctica de 8&#8243;:<\/strong> rebote natural, tacto preciso y funcionamiento silencioso.<\/li>\n<li><strong>Tr\u00edpode ajustable:<\/strong> estabilidad y comodidad de juego, ajustable en altura y \u00e1ngulo.<\/li>\n<li><strong>2 pares de mazas negras 5A:<\/strong> ligeras, equilibradas y duraderas, ideales para todos los estilos.<\/li>\n<li><strong>Bolsa de transporte:<\/strong> guarda tus mazos y accesorios con estilo y seguridad.<\/li>\n<li><strong>Dise\u00f1o exclusivo Vikory Black Edition:<\/strong> sobrio, elegante y profesional.<\/li>\n<\/ul>\n<\/li>\n<\/ul>\n<p>[\/et_pb_text][et_pb_wc_add_to_cart _builder_version=\u00bb4.27.4&#8243; global_colors_info=\u00bb{}\u00bb][\/et_pb_wc_add_to_cart][\/et_pb_column][et_pb_column type=\u00bb1_2&#8243; _builder_version=\u00bb4.27.4&#8243; _module_preset=\u00bbdefault\u00bb global_colors_info=\u00bb{}\u00bb][et_pb_image src=\u00bbhttps:\/\/vikory.com\/wp-content\/uploads\/2025\/11\/VIKORY-Pack-Pad-pied-Black-105.jpg\u00bb alt=\u00bbVIKORY Pack: Pad + soporte + 2 pares de baquetas negras\u00bb title_text=\u00bbVIKORY-Pack-Pie de apoyo-Negro-105&#8243; _builder_version=\u00bb4.27.4&#8243; _module_preset=\u00bbdefault\u00bb custom_margin=\u00bb|-29px||||\u00bb custom_margin_tablet=\u00bb|-29px||||\u00bb custom_margin_phone=\u00bb|0px|||false|false\u00bb custom_margin_last_edited=\u00bbon|phone\u00bb border_radii=\u00bbon|5px|5px|5px|5px\u00bb global_colors_info=\u00bb{}\u00bb][\/et_pb_image][\/et_pb_column][\/et_pb_row][et_pb_row column_structure=\u00bb1_2,1_2&#8243; _builder_version=\u00bb4.27.4&#8243; _module_preset=\u00bbdefault\u00bb global_colors_info=\u00bb{}\u00bb][et_pb_column type=\u00bb1_2&#8243; _builder_version=\u00bb4.27.4&#8243; _module_preset=\u00bbdefault\u00bb global_colors_info=\u00bb{}\u00bb][et_pb_image src=\u00bbhttps:\/\/vikory.com\/wp-content\/uploads\/2025\/11\/VIKORY-Pack-Pad-pied-Black-102.jpg\u00bb alt=\u00bbVIKORY Pack: Pad + soporte + 2 pares de baquetas negras\u00bb title_text=\u00bbVIKORY-Pack-Pie de apoyo-Negro-102&#8243; _builder_version=\u00bb4.27.4&#8243; _module_preset=\u00bbdefault\u00bb custom_margin=\u00bb|-29px||||\u00bb custom_margin_tablet=\u00bb|-29px||||\u00bb custom_margin_phone=\u00bb|0px|||false|false\u00bb custom_margin_last_edited=\u00bbon|phone\u00bb border_radii=\u00bbon|5px|5px|5px|5px\u00bb global_colors_info=\u00bb{}\u00bb][\/et_pb_image][\/et_pb_column][et_pb_column type=\u00bb1_2&#8243; _builder_version=\u00bb4.27.4&#8243; _module_preset=\u00bbdefault\u00bb global_colors_info=\u00bb{}\u00bb][et_pb_text _builder_version=\u00bb4.27.4&#8243; _module_preset=\u00bbdefault\u00bb global_colors_info=\u00bb{}\u00bb]<\/p>\n<h3><strong>\ud83d\udee0\ufe0f Especificaciones t\u00e9cnicas  <\/strong><\/h3>\n<ul>\n<li><strong>Marca :<\/strong> Vikory<\/li>\n<li><strong>Tipo de pack:<\/strong> Entrenamiento completo - Almohadilla + Tr\u00edpode + Bolsa + 2 pares de bastones<\/li>\n<li><strong>Di\u00e1metro de la almohadilla:<\/strong> 8 pulgadas (\u2248 20 cm)<\/li>\n<li><strong>Superficie de golpeo:<\/strong> goma de alta densidad, rebote natural<\/li>\n<li><strong>Base de la almohadilla:<\/strong> Madera compuesta antideslizante<\/li>\n<li><strong>Altura del tr\u00edpode:<\/strong> Ajustable de 55 a 88 cm<\/li>\n<li><strong>Inclinaci\u00f3n:<\/strong> ajustable para adaptarse a la posici\u00f3n de juego<\/li>\n<li><strong>Montaje:<\/strong> Rosca est\u00e1ndar M8<\/li>\n<li><strong>Bolsa de transporte :<\/strong>Tejido de alta resistencia - 20 \u00d7 46 cm, capacidad 4 pares<\/li>\n<li><strong>Tacos incluidos :<\/strong>2 pares de Vikory Black 5A<\/li>\n<li><strong>Dimensiones plegado (tr\u00edpode):<\/strong> 50 \u00d7 8 \u00d7 8 cm<\/li>\n<li><strong>Peso total:<\/strong> aprox. 2,5 kg<\/li>\n<li><strong>Color:<\/strong> Negro mate - Negro Edici\u00f3n 5A<\/li>\n<li><strong>Uso:<\/strong> Entrenamiento, clases, viajes, calentamiento antes de los conciertos<\/li>\n<\/ul>\n<p>[\/et_pb_text][et_pb_wc_add_to_cart _builder_version=\u00bb4.27.4&#8243; global_colors_info=\u00bb{}\u00bb][\/et_pb_wc_add_to_cart][\/et_pb_column][\/et_pb_row][et_pb_row _builder_version=\u00bb4.27.4&#8243; _module_preset=\u00bbdefault\u00bb global_colors_info=\u00bb{}\u00bb][et_pb_column type=\u00bb4_4&#8243; _builder_version=\u00bb4.27.4&#8243; _module_preset=\u00bbdefault\u00bb global_colors_info=\u00bb{}\u00bb][et_pb_text _builder_version=\u00bb4.27.4&#8243; _module_preset=\u00bbdefault\u00bb global_colors_info=\u00bb{}\u00bb]<\/p>\n<h2><strong>\u00bfA qui\u00e9n va dirigido?<\/strong><\/h2>\n<ul>\n<li><strong>Principiantes<\/strong> que buscan un paquete completo que les ayude a progresar sin cometer errores.<\/li>\n<li><strong>M\u00fasicos ambulantes<\/strong> que buscan un equipo compacto y f\u00e1cil de transportar.<\/li>\n<li><strong>Bateristas experimentados<\/strong> que buscan un sistema de entrenamiento silencioso y eficaz.<\/li>\n<li><strong>Profesores y alumnos<\/strong> para clases, ensayos y demostraciones.<\/li>\n<\/ul>\n<h2><strong>Consejo profesional<\/strong><\/h2>\n<p><strong>La almohadilla Vikory 8&#8243; Pad<\/strong> reproduce fielmente la tensi\u00f3n del parche de una caja, perfecta para mejorar la velocidad y la precisi\u00f3n.<br \/>El <strong>tr\u00edpode ajustable<\/strong> se adapta a tu posici\u00f3n al tocar, y la <strong>bolsa<\/strong> protege tus baquetas Black 5A cuando est\u00e1s de viaje.<br \/>Este es el <strong>kit de entrenamiento ideal<\/strong> para mantener tus reflejos afilados est\u00e9s donde est\u00e9s.<\/p>\n<h2><strong>\u2757 Ten en cuenta<\/strong><\/h2>\n<p>Este <strong>pack VIKORY Negro 5A<\/strong> incluye <strong>la almohadilla, el tr\u00edpode, la bolsa y dos pares de baquetas<\/strong>.<br \/>Cada art\u00edculo tambi\u00e9n est\u00e1 disponible <strong>por separado<\/strong> en nuestra tienda.<\/p>\n<h2><strong>Contenido del paquete<\/strong><\/h2>\n<ul>\n<li><strong>1 \u00d7 Almohadilla de entrenamiento Vikory 8<\/strong><\/li>\n<li><strong>1 \u00d7 Tr\u00edpode compacto y ajustable<\/strong><\/li>\n<li><strong>1 \u00d7 Bolsa de almacenamiento para palillos (capacidad para 4 pares)<\/strong><\/li>\n<li><strong>2 \u00d7 Pares de mazas Vikory Black 5A<\/strong><\/li>\n<\/ul>\n<p>[\/et_pb_text][\/et_pb_column][\/et_pb_row][\/et_pb_section][et_pb_section fb_built=\u00bb1&#8243; _builder_version=\u00bb4.27.4&#8243; _module_preset=\u00bbdefault\u00bb locked=\u00bboff\u00bb global_colors_info=\u00bb{}\u00bb][et_pb_row _builder_version=\u00bb4.27.4&#8243; _module_preset=\u00bbdefault\u00bb global_colors_info=\u00bb{}\u00bb][et_pb_column type=\u00bb4_4&#8243; _builder_version=\u00bb4.27.4&#8243; _module_preset=\u00bbdefault\u00bb global_colors_info=\u00bb{}\u00bb][et_pb_text _builder_version=\u00bb4.27.4&#8243; _module_preset=\u00bbdefault\u00bb global_colors_info=\u00bb{}\u00bb]<br \/>\n[\/et_pb_text][et_pb_wc_reviews _builder_version=\u00bb4.27.4&#8243; _module_preset=\u00bbdefault\u00bb global_colors_info=\u00bb{}\u00bb][\/et_pb_wc_reviews][\/et_pb_column][\/et_pb_row][\/et_pb_section]<\/p>\n","protected":false},"excerpt":{"rendered":"<p>El pack completo para bateristas exigentes<\/p>\n","protected":false},"featured_media":10282,"comment_status":"open","ping_status":"closed","template":"","meta":{"_acf_changed":false,"_et_pb_use_builder":"on","_et_pb_old_content":"","_et_gb_content_width":""},"product_brand":[218],"product_cat":[297,444,404,412,459,272,303,401,423,398,242,436,417],"product_tag":[],"class_list":{"0":"post-10292","1":"product","2":"type-product","3":"status-publish","4":"has-post-thumbnail","6":"product_brand-vikory-fr","7":"product_cat-5a-es","8":"product_cat-bolsa","9":"product_cat-8-pulgadas-20-cm","10":"product_cat-accesorios-de-bateria","11":"product_cat-baquetas-de-bateria-de-colores","12":"product_cat-black-es","13":"product_cat-medida","14":"product_cat-negro","15":"product_cat-packs_es","16":"product_cat-pad-de-practica","17":"product_cat-palillos-de-tambor-es","18":"product_cat-paquete-pad-tripode-2-pares-de-baquetas-wood","19":"product_cat-soporte-para-pad","20":"pa_size-7a-es-2","22":"first","23":"instock","24":"sale","25":"taxable","26":"shipping-taxable","27":"purchasable","28":"product-type-simple"},"acf":[],"aioseo_notices":[],"_links":{"self":[{"href":"https:\/\/vikory.com\/es\/wp-json\/wp\/v2\/product\/10292","targetHints":{"allow":["GET"]}}],"collection":[{"href":"https:\/\/vikory.com\/es\/wp-json\/wp\/v2\/product"}],"about":[{"href":"https:\/\/vikory.com\/es\/wp-json\/wp\/v2\/types\/product"}],"replies":[{"embeddable":true,"href":"https:\/\/vikory.com\/es\/wp-json\/wp\/v2\/comments?post=10292"}],"wp:featuredmedia":[{"embeddable":true,"href":"https:\/\/vikory.com\/es\/wp-json\/wp\/v2\/media\/10282"}],"wp:attachment":[{"href":"https:\/\/vikory.com\/es\/wp-json\/wp\/v2\/media?parent=10292"}],"wp:term":[{"taxonomy":"product_brand","embeddable":true,"href":"https:\/\/vikory.com\/es\/wp-json\/wp\/v2\/product_brand?post=10292"},{"taxonomy":"product_cat","embeddable":true,"href":"https:\/\/vikory.com\/es\/wp-json\/wp\/v2\/product_cat?post=10292"},{"taxonomy":"product_tag","embeddable":true,"href":"https:\/\/vikory.com\/es\/wp-json\/wp\/v2\/product_tag?post=10292"}],"curies":[{"name":"wp","href":"https:\/\/api.w.org\/{rel}","templated":true}]}}