{"id":10298,"date":"2025-11-10T08:10:30","date_gmt":"2025-11-10T07:10:30","guid":{"rendered":"https:\/\/vikory.com\/?post_type=product&#038;p=10298"},"modified":"2025-12-01T15:51:27","modified_gmt":"2025-12-01T14:51:27","slug":"par-de-baquetas-hexadyn-5a-copie-copie-copie-copie-copie-copie-copie-copie","status":"publish","type":"product","link":"https:\/\/vikory.com\/es\/producto\/par-de-baquetas-hexadyn-5a-copie-copie-copie-copie-copie-copie-copie-copie\/","title":{"rendered":"Funda negra acolchada para 4 pares de baquetas (no incluidas) firmada VIKORY"},"content":{"rendered":"<p>[et_pb_section fb_built=\u00bb1&#8243; _builder_version=\u00bb4.27.4&#8243; custom_padding=\u00bb30px||||false|false\u00bb global_colors_info=\u00bb{}\u00bb][et_pb_row _builder_version=\u00bb4.16&#8243; background_size=\u00bbinitial\u00bb background_position=\u00bbtop_left\u00bb background_repeat=\u00bbrepeat\u00bb width=\u00bb100%\u00bb custom_padding=\u00bb0px||0px||false|false\u00bb global_colors_info=\u00bb{}\u00bb][et_pb_column type=\u00bb4_4&#8243; _builder_version=\u00bb4.16&#8243; custom_padding=\u00bb|||\u00bb global_colors_info=\u00bb{}\u00bb custom_padding__hover=\u00bb|||\u00bb][et_pb_wc_breadcrumb _builder_version=\u00bb4.16&#8243; global_colors_info=\u00bb{}\u00bb][\/et_pb_wc_breadcrumb][et_pb_wc_cart_notice _builder_version=\u00bb4.27.4&#8243; global_colors_info=\u00bb{}\u00bb][\/et_pb_wc_cart_notice][\/et_pb_column][\/et_pb_row][et_pb_row column_structure=\u00bb1_2,1_2&#8243; custom_padding_last_edited=\u00bbon|phone\u00bb _builder_version=\u00bb4.27.4&#8243; background_size=\u00bbinitial\u00bb background_position=\u00bbtop_left\u00bb background_repeat=\u00bbrepeat\u00bb width=\u00bb100%\u00bb custom_padding=\u00bb0px|15px||15px|false|true\u00bb custom_padding_tablet=\u00bb0px|15px||15px|false|true\u00bb custom_padding_phone=\u00bb0px|0px||0px|false|true\u00bb global_colors_info=\u00bb{}\u00bb][et_pb_column type=\u00bb1_2&#8243; _builder_version=\u00bb4.16&#8243; custom_padding=\u00bb|||\u00bb global_colors_info=\u00bb{}\u00bb custom_padding__hover=\u00bb|||\u00bb][et_pb_wc_images _builder_version=\u00bb4.16&#8243; global_colors_info=\u00bb{}\u00bb][\/et_pb_wc_images][\/et_pb_column][et_pb_column type=\u00bb1_2&#8243; _builder_version=\u00bb4.16&#8243; custom_padding=\u00bb|||\u00bb global_colors_info=\u00bb{}\u00bb custom_padding__hover=\u00bb|||\u00bb][et_pb_wc_title _builder_version=\u00bb4.27.4&#8243; custom_margin=\u00bb||15px|||\u00bb global_colors_info=\u00bb{}\u00bb][\/et_pb_wc_title][et_pb_wc_price _builder_version=\u00bb4.16&#8243; custom_margin=\u00bb||17px|||\u00bb global_colors_info=\u00bb{}\u00bb][\/et_pb_wc_price][et_pb_wc_description _builder_version=\u00bb4.16&#8243; global_colors_info=\u00bb{}\u00bb][\/et_pb_wc_description][et_pb_wc_add_to_cart _builder_version=\u00bb4.27.4&#8243; global_colors_info=\u00bb{}\u00bb][\/et_pb_wc_add_to_cart][et_pb_wc_meta _builder_version=\u00bb4.16&#8243; global_colors_info=\u00bb{}\u00bb][\/et_pb_wc_meta][\/et_pb_column][\/et_pb_row][\/et_pb_section][et_pb_section fb_built=\u00bb1&#8243; _builder_version=\u00bb4.27.4&#8243; _module_preset=\u00bbdefault\u00bb background_color=\u00bb#e1e1e1&#8243; custom_padding=\u00bb20px||5px|||\u00bb locked=\u00bboff\u00bb global_colors_info=\u00bb{}\u00bb][et_pb_row _builder_version=\u00bb4.27.4&#8243; _module_preset=\u00bbdefault\u00bb custom_padding=\u00bb8px||0px|||\u00bb global_colors_info=\u00bb{}\u00bb][et_pb_column type=\u00bb4_4&#8243; _builder_version=\u00bb4.27.4&#8243; _module_preset=\u00bbdefault\u00bb global_colors_info=\u00bb{}\u00bb][et_pb_text _builder_version=\u00bb4.27.4&#8243; _dynamic_attributes=\u00bbcontent\u00bb _module_preset=\u00bbdefault\u00bb text_font=\u00bbQuicksand|700|||||||\u00bb text_text_color=\u00bb#212529&#8243; text_font_size=\u00bb27px\u00bb text_line_height=\u00bb32px\u00bb header_text_align=\u00bbcenter\u00bb text_orientation=\u00bbcenter\u00bb custom_margin=\u00bb||16px|||\u00bb locked=\u00bboff\u00bb global_colors_info=\u00bb{}\u00bb]@ET-DC@eyJkeW5hbWljIjp0cnVlLCJjb250ZW50IjoiY3VzdG9tX21ldGFfZmlyc3Rfc2VjdGlvbl9tYWluX3RpdGxlX2NlbnRlciIsInNldHRpbmdzIjp7ImJlZm9yZSI6IiIsImFmdGVyIjoiIiwiZW5hYmxlX2h0bWwiOiJvZmYifX0=@[\/et_pb_text][\/et_pb_column][\/et_pb_row][\/et_pb_section][et_pb_section fb_built=\u00bb1&#8243; _builder_version=\u00bb4.27.4&#8243; _module_preset=\u00bbdefault\u00bb custom_margin=\u00bb-12px|||||\u00bb custom_padding=\u00bb4px||8px|||\u00bb locked=\u00bboff\u00bb global_colors_info=\u00bb{}\u00bb][et_pb_row _builder_version=\u00bb4.27.4&#8243; _module_preset=\u00bbdefault\u00bb global_colors_info=\u00bb{}\u00bb][et_pb_column type=\u00bb4_4&#8243; _builder_version=\u00bb4.27.4&#8243; _module_preset=\u00bbdefault\u00bb global_colors_info=\u00bb{}\u00bb][et_pb_text _builder_version=\u00bb4.27.4&#8243; _module_preset=\u00bbdefault\u00bb global_colors_info=\u00bb{}\u00bb]<\/p>\n<p>Transporta tus baquetas con estilo y seguridad con la funda Vikory, especialmente dise\u00f1ada para bateristas exigentes.<br \/>Fabricada con <strong>tejido de primera calidad<\/strong>, ofrece <strong>una resistencia excepcional al desgaste<\/strong>, un <strong>tacto agradable<\/strong> y <strong>una protecci\u00f3n \u00f3ptima<\/strong> para tus baquetas contra golpes y ara\u00f1azos.<\/p>\n<p>Gracias a su <strong>gran capacidad<\/strong>, la bolsa puede contener <strong>hasta 4 pares de baquetas<\/strong>, as\u00ed como tus peque\u00f1os accesorios o partituras. Sus <strong>dos correas<\/strong> facilitan la sujeci\u00f3n a tu bater\u00eda, d\u00e1ndote <strong>acceso instant\u00e1neo<\/strong> a tus baquetas durante los ensayos o conciertos. <\/p>\n<p>Compacta y elegante, tiene un <strong>asa de transporte ergon\u00f3mica<\/strong> para llev\u00e1rtela a todas partes, del estudio al escenario.<\/p>\n<p>\ud83c\udfb5 <strong>Dimensiones<\/strong>: 20 \u00d7 46 cm<br \/>\ud83c\udfb5 <strong>Capacidad<\/strong>: hasta 4 pares de palillos<br \/>\ud83c\udfb5 <strong>Material<\/strong>: tejido resistente al agua<br \/>\ud83c\udfb5 <strong>Color \/ Acabado<\/strong>: negro \/ estilo Vikory<\/p>\n<p><strong>Ideal para bateristas aficionados, profesionales o profesores<\/strong>, este estuche combina <strong> funcionalidad, solidez y estilo, como la marca Vikory.<\/strong><\/p>\n<p>Palillos no incluidos.<br \/><strong data-start=\"293\" data-end=\"327\">Opta por nuestros packs exclusivos<\/strong> con bolsa y palillos incluidos.<\/p>\n<p>[\/et_pb_text][\/et_pb_column][\/et_pb_row][et_pb_row column_structure=\u00bb1_2,1_2&#8243; _builder_version=\u00bb4.27.4&#8243; _module_preset=\u00bbdefault\u00bb global_colors_info=\u00bb{}\u00bb][et_pb_column type=\u00bb1_2&#8243; _builder_version=\u00bb4.27.4&#8243; _module_preset=\u00bbdefault\u00bb global_colors_info=\u00bb{}\u00bb][et_pb_text _builder_version=\u00bb4.27.4&#8243; _module_preset=\u00bbdefault\u00bb global_colors_info=\u00bb{}\u00bb]<\/p>\n<h3><strong>Destacados<\/strong><\/h3>\n<ul>\n<li style=\"list-style-type: none;\">\n<ul>\n<li><strong>Capacidad para 4 pares de palillos<\/strong><\/li>\n<li><strong>Ligero y f\u00e1cil de transportar<\/strong><\/li>\n<li><strong>Ocupa poco espacio<\/strong><\/li>\n<li><strong>Se acopla f\u00e1cilmente a la bater\u00eda<\/strong><\/li>\n<li><strong>Dise\u00f1o est\u00e9tico<\/strong><\/li>\n<\/ul>\n<\/li>\n<\/ul>\n<p>[\/et_pb_text][et_pb_wc_add_to_cart _builder_version=\u00bb4.27.4&#8243; global_colors_info=\u00bb{}\u00bb][\/et_pb_wc_add_to_cart][\/et_pb_column][et_pb_column type=\u00bb1_2&#8243; _builder_version=\u00bb4.27.4&#8243; _module_preset=\u00bbdefault\u00bb global_colors_info=\u00bb{}\u00bb][et_pb_image src=\u00bbhttps:\/\/vikory.com\/wp-content\/uploads\/2025\/11\/VIKORY-Sac-4-paires-baguettes-batterie-003.jpg\u00bb alt=\u00bbVIKORY Bolsa 4 pares de baquetas\u00bb title_text=\u00bbVIKORY-Sac-4-pares-palos-bater\u00eda-003&#8243; _builder_version=\u00bb4.27.4&#8243; _module_preset=\u00bbdefault\u00bb custom_margin=\u00bb|-29px||||\u00bb custom_margin_tablet=\u00bb|-29px||||\u00bb custom_margin_phone=\u00bb|0px|||false|false\u00bb custom_margin_last_edited=\u00bbon|phone\u00bb border_radii=\u00bbon|5px|5px|5px|5px\u00bb global_colors_info=\u00bb{}\u00bb][\/et_pb_image][\/et_pb_column][\/et_pb_row][et_pb_row column_structure=\u00bb1_2,1_2&#8243; _builder_version=\u00bb4.27.4&#8243; _module_preset=\u00bbdefault\u00bb global_colors_info=\u00bb{}\u00bb][et_pb_column type=\u00bb1_2&#8243; _builder_version=\u00bb4.27.4&#8243; _module_preset=\u00bbdefault\u00bb global_colors_info=\u00bb{}\u00bb][et_pb_image src=\u00bbhttps:\/\/vikory.com\/wp-content\/uploads\/2025\/11\/VIKORY-Sac-4-paires-baguettes-batterie-002.jpg\u00bb alt=\u00bbVIKORY Bolsa 4 pares de baquetas\u00bb title_text=\u00bbVIKORY-Bolsa-4-pares-palos-bater\u00eda-002&#8243; _builder_version=\u00bb4.27.4&#8243; _module_preset=\u00bbdefault\u00bb custom_margin=\u00bb|-29px||||\u00bb custom_margin_tablet=\u00bb|-29px||||\u00bb custom_margin_phone=\u00bb|0px|||false|false\u00bb custom_margin_last_edited=\u00bbon|phone\u00bb border_radii=\u00bbon|5px|5px|5px|5px\u00bb global_colors_info=\u00bb{}\u00bb][\/et_pb_image][\/et_pb_column][et_pb_column type=\u00bb1_2&#8243; _builder_version=\u00bb4.27.4&#8243; _module_preset=\u00bbdefault\u00bb global_colors_info=\u00bb{}\u00bb][et_pb_text _builder_version=\u00bb4.27.4&#8243; _module_preset=\u00bbdefault\u00bb global_colors_info=\u00bb{}\u00bb]<\/p>\n<h3><strong>\ud83d\udee0\ufe0f Especificaciones t\u00e9cnicas  <\/strong><\/h3>\n<ul>\n<li><strong>Marca :<\/strong> Vikory<\/li>\n<li><strong>Modelo :<\/strong> Soporte\/tr\u00edpode de almohadilla de entrenamiento<\/li>\n<li><strong>Altura regulable:<\/strong> de 55 cm a 88 cm<\/li>\n<li><strong>Peso:<\/strong> aprox. 900 g<\/li>\n<li><strong>Rosca:<\/strong> M8 (est\u00e1ndar para la almohadilla motriz)<\/li>\n<li><strong>Pies:<\/strong> De goma antideslizante, plegables<\/li>\n<li><strong>Dimensiones plegado:<\/strong> 50 x 8 x 8 cm<\/li>\n<li><strong>Color:<\/strong> negro<\/li>\n<li><strong>Inclinaci\u00f3n:<\/strong> Cabezal ajustable para un ajuste personalizado<\/li>\n<\/ul>\n<p>[\/et_pb_text][et_pb_button button_url=\u00bb@ET-DC@eyJkeW5hbWljIjp0cnVlLCJjb250ZW50IjoiY3VzdG9tX21ldGFfc2Vjb25kX3NlY3Rpb25fYnV0dG9uX2xpbmsiLCJzZXR0aW5ncyI6eyJiZWZvcmUiOiIiLCJhZnRlciI6IiIsImVuYWJsZV9odG1sIjoib2ZmIn19@\u00bb button_text=\u00bbPide tu coj\u00edn de entrenamiento VIKORY\u00bb module_class=\u00bbinline-list\u00bb _builder_version=\u00bb4.27.4&#8243; _dynamic_attributes=\u00bbbutton_url\u00bb _module_preset=\u00bbdefault\u00bb custom_margin=\u00bb1px||||false|false\u00bb locked=\u00bboff\u00bb global_colors_info=\u00bb{}\u00bb][\/et_pb_button][\/et_pb_column][\/et_pb_row][et_pb_row _builder_version=\u00bb4.27.4&#8243; _module_preset=\u00bbdefault\u00bb global_colors_info=\u00bb{}\u00bb][et_pb_column type=\u00bb4_4&#8243; _builder_version=\u00bb4.27.4&#8243; _module_preset=\u00bbdefault\u00bb global_colors_info=\u00bb{}\u00bb][et_pb_text _builder_version=\u00bb4.27.4&#8243; _module_preset=\u00bbdefault\u00bb global_colors_info=\u00bb{}\u00bb]<\/p>\n<h2><strong>\u00bfA qui\u00e9n va dirigido?<\/strong><\/h2>\n<ul>\n<li><strong>Principiantes<\/strong> que quieren tener los palillos bien protegidos y siempre a mano.<\/li>\n<li><strong>M\u00fasicos n\u00f3madas<\/strong> que se desplazan a menudo entre ensayos, estudios y conciertos.<\/li>\n<li><strong>Bateristas experimentados<\/strong> que quieren organizar su equipo y cambiar de baquetas r\u00e1pidamente durante sus actuaciones.<\/li>\n<\/ul>\n<h2><strong>Consejo profesional<\/strong><\/h2>\n<p>La <strong>bolsa Vikory<\/strong> puede <strong>colgarse directamente de tu bater\u00eda<\/strong> gracias a sus correas especialmente dise\u00f1adas: \u00a1un aut\u00e9ntico ahorro de tiempo en el escenario!<br \/>Su formato compacto y resistente te permite <strong>transportar hasta 4 pares de baquetas<\/strong> sin da\u00f1arlas.<\/p>\n<h2><strong>\u2757 Ten en cuenta<\/strong><\/h2>\n<p><strong>Los palillos no se incluyen<\/strong> con la bolsa.<br \/>Descubre nuestros <strong>packs Vikory completos<\/strong> que incluyen bolsa + palillos surtidos para un juego listo para jugar.<\/p>\n<h2><strong>Contenido del paquete<\/strong><\/h2>\n<p>1 \u00d7 Bolsa Vikory de tejido Oxford de alta resistencia (capacidad: 4 pares)<br \/>2 \u00d7 Correas de bater\u00eda integradas<\/p>\n<p>[\/et_pb_text][\/et_pb_column][\/et_pb_row][\/et_pb_section][et_pb_section fb_built=\u00bb1&#8243; _builder_version=\u00bb4.27.4&#8243; _module_preset=\u00bbdefault\u00bb locked=\u00bboff\u00bb global_colors_info=\u00bb{}\u00bb][et_pb_row _builder_version=\u00bb4.27.4&#8243; _module_preset=\u00bbdefault\u00bb global_colors_info=\u00bb{}\u00bb][et_pb_column type=\u00bb4_4&#8243; _builder_version=\u00bb4.27.4&#8243; _module_preset=\u00bbdefault\u00bb global_colors_info=\u00bb{}\u00bb][et_pb_text _builder_version=\u00bb4.27.4&#8243; _module_preset=\u00bbdefault\u00bb global_colors_info=\u00bb{}\u00bb]<\/p>\n\n<p>[\/et_pb_text][et_pb_wc_reviews _builder_version=\u00bb4.27.4&#8243; _module_preset=\u00bbdefault\u00bb global_colors_info=\u00bb{}\u00bb][\/et_pb_wc_reviews][\/et_pb_column][\/et_pb_row][\/et_pb_section]<\/p>\n","protected":false},"excerpt":{"rendered":"<p><strong>Soporte plegable para el coj\u00edn de entrenamiento Vikory.<\/strong>  Ligero, estable, regulable en altura e inclinaci\u00f3n. Ideal para bateristas principiantes y avanzados. <\/p>\n","protected":false},"featured_media":10303,"comment_status":"open","ping_status":"closed","template":"","meta":{"_acf_changed":false,"_et_pb_use_builder":"on","_et_pb_old_content":"","_et_gb_content_width":""},"product_brand":[218],"product_cat":[297,444,306,307,412,303],"product_tag":[],"class_list":{"0":"post-10298","1":"product","2":"type-product","3":"status-publish","4":"has-post-thumbnail","6":"product_brand-vikory-fr","7":"product_cat-5a-es","8":"product_cat-bolsa","9":"product_cat-5b-es","10":"product_cat-7a-es","11":"product_cat-accesorios-de-bateria","12":"product_cat-medida","13":"pa_size-7a-es-2","15":"first","16":"instock","17":"sale","18":"taxable","19":"shipping-taxable","20":"purchasable","21":"product-type-simple"},"acf":[],"aioseo_notices":[],"_links":{"self":[{"href":"https:\/\/vikory.com\/es\/wp-json\/wp\/v2\/product\/10298","targetHints":{"allow":["GET"]}}],"collection":[{"href":"https:\/\/vikory.com\/es\/wp-json\/wp\/v2\/product"}],"about":[{"href":"https:\/\/vikory.com\/es\/wp-json\/wp\/v2\/types\/product"}],"replies":[{"embeddable":true,"href":"https:\/\/vikory.com\/es\/wp-json\/wp\/v2\/comments?post=10298"}],"wp:featuredmedia":[{"embeddable":true,"href":"https:\/\/vikory.com\/es\/wp-json\/wp\/v2\/media\/10303"}],"wp:attachment":[{"href":"https:\/\/vikory.com\/es\/wp-json\/wp\/v2\/media?parent=10298"}],"wp:term":[{"taxonomy":"product_brand","embeddable":true,"href":"https:\/\/vikory.com\/es\/wp-json\/wp\/v2\/product_brand?post=10298"},{"taxonomy":"product_cat","embeddable":true,"href":"https:\/\/vikory.com\/es\/wp-json\/wp\/v2\/product_cat?post=10298"},{"taxonomy":"product_tag","embeddable":true,"href":"https:\/\/vikory.com\/es\/wp-json\/wp\/v2\/product_tag?post=10298"}],"curies":[{"name":"wp","href":"https:\/\/api.w.org\/{rel}","templated":true}]}}