{"id":10338,"date":"2025-11-10T13:20:19","date_gmt":"2025-11-10T12:20:19","guid":{"rendered":"https:\/\/vikory.com\/?post_type=product&#038;p=10338"},"modified":"2025-12-01T15:51:28","modified_gmt":"2025-12-01T14:51:28","slug":"par-de-baquetas-hexadyn-5a-copie-copie-copie-copie-copie-copie-copie-copie-copie","status":"publish","type":"product","link":"https:\/\/vikory.com\/es\/producto\/par-de-baquetas-hexadyn-5a-copie-copie-copie-copie-copie-copie-copie-copie-copie\/","title":{"rendered":"VIKORY Hexadyn 5B Pack: Almohadilla de pr\u00e1ctica + bolsa de transporte + 2 pares de baquetas Hexadyn 5B"},"content":{"rendered":"<p>[et_pb_section fb_built=\u00bb1&#8243; _builder_version=\u00bb4.27.4&#8243; custom_padding=\u00bb30px||||false|false\u00bb global_colors_info=\u00bb{}\u00bb][et_pb_row _builder_version=\u00bb4.16&#8243; background_size=\u00bbinitial\u00bb background_position=\u00bbtop_left\u00bb background_repeat=\u00bbrepeat\u00bb width=\u00bb100%\u00bb custom_padding=\u00bb0px||0px||false|false\u00bb global_colors_info=\u00bb{}\u00bb][et_pb_column type=\u00bb4_4&#8243; _builder_version=\u00bb4.16&#8243; custom_padding=\u00bb|||\u00bb global_colors_info=\u00bb{}\u00bb custom_padding__hover=\u00bb|||\u00bb][et_pb_wc_breadcrumb _builder_version=\u00bb4.16&#8243; global_colors_info=\u00bb{}\u00bb][\/et_pb_wc_breadcrumb][et_pb_wc_cart_notice _builder_version=\u00bb4.27.4&#8243; global_colors_info=\u00bb{}\u00bb][\/et_pb_wc_cart_notice][\/et_pb_column][\/et_pb_row][et_pb_row column_structure=\u00bb1_2,1_2&#8243; custom_padding_last_edited=\u00bbon|phone\u00bb _builder_version=\u00bb4.27.4&#8243; background_size=\u00bbinitial\u00bb background_position=\u00bbtop_left\u00bb background_repeat=\u00bbrepeat\u00bb width=\u00bb100%\u00bb custom_padding=\u00bb0px|15px||15px|false|true\u00bb custom_padding_tablet=\u00bb0px|15px||15px|false|true\u00bb custom_padding_phone=\u00bb0px|0px||0px|false|true\u00bb global_colors_info=\u00bb{}\u00bb][et_pb_column type=\u00bb1_2&#8243; _builder_version=\u00bb4.16&#8243; custom_padding=\u00bb|||\u00bb global_colors_info=\u00bb{}\u00bb custom_padding__hover=\u00bb|||\u00bb][et_pb_wc_images _builder_version=\u00bb4.16&#8243; global_colors_info=\u00bb{}\u00bb][\/et_pb_wc_images][\/et_pb_column][et_pb_column type=\u00bb1_2&#8243; _builder_version=\u00bb4.16&#8243; custom_padding=\u00bb|||\u00bb global_colors_info=\u00bb{}\u00bb custom_padding__hover=\u00bb|||\u00bb][et_pb_wc_title _builder_version=\u00bb4.27.4&#8243; custom_margin=\u00bb||15px|||\u00bb global_colors_info=\u00bb{}\u00bb][\/et_pb_wc_title][et_pb_wc_price _builder_version=\u00bb4.16&#8243; custom_margin=\u00bb||17px|||\u00bb global_colors_info=\u00bb{}\u00bb][\/et_pb_wc_price][et_pb_wc_description _builder_version=\u00bb4.16&#8243; global_colors_info=\u00bb{}\u00bb][\/et_pb_wc_description][et_pb_wc_add_to_cart _builder_version=\u00bb4.27.4&#8243; global_colors_info=\u00bb{}\u00bb][\/et_pb_wc_add_to_cart][et_pb_wc_meta _builder_version=\u00bb4.16&#8243; global_colors_info=\u00bb{}\u00bb][\/et_pb_wc_meta][\/et_pb_column][\/et_pb_row][\/et_pb_section][et_pb_section fb_built=\u00bb1&#8243; _builder_version=\u00bb4.27.4&#8243; _module_preset=\u00bbdefault\u00bb background_color=\u00bb#e1e1e1&#8243; custom_padding=\u00bb20px||5px|||\u00bb locked=\u00bboff\u00bb global_colors_info=\u00bb{}\u00bb][et_pb_row _builder_version=\u00bb4.27.4&#8243; _module_preset=\u00bbdefault\u00bb custom_padding=\u00bb8px||0px|||\u00bb global_colors_info=\u00bb{}\u00bb][et_pb_column type=\u00bb4_4&#8243; _builder_version=\u00bb4.27.4&#8243; _module_preset=\u00bbdefault\u00bb global_colors_info=\u00bb{}\u00bb][et_pb_text _builder_version=\u00bb4.27.4&#8243; _dynamic_attributes=\u00bbcontent\u00bb _module_preset=\u00bbdefault\u00bb text_font=\u00bbQuicksand|700|||||||\u00bb text_text_color=\u00bb#212529&#8243; text_font_size=\u00bb27px\u00bb text_line_height=\u00bb32px\u00bb header_text_align=\u00bbcenter\u00bb text_orientation=\u00bbcenter\u00bb custom_margin=\u00bb||16px|||\u00bb locked=\u00bboff\u00bb global_colors_info=\u00bb{}\u00bb]@ET-DC@eyJkeW5hbWljIjp0cnVlLCJjb250ZW50IjoiY3VzdG9tX21ldGFfZmlyc3Rfc2VjdGlvbl9tYWluX3RpdGxlX2NlbnRlciIsInNldHRpbmdzIjp7ImJlZm9yZSI6IiIsImFmdGVyIjoiIiwiZW5hYmxlX2h0bWwiOiJvZmYifX0=@[\/et_pb_text][\/et_pb_column][\/et_pb_row][\/et_pb_section][et_pb_section fb_built=\u00bb1&#8243; _builder_version=\u00bb4.27.4&#8243; _module_preset=\u00bbdefault\u00bb custom_margin=\u00bb-12px|||||\u00bb custom_padding=\u00bb4px||8px|||\u00bb locked=\u00bboff\u00bb global_colors_info=\u00bb{}\u00bb][et_pb_row _builder_version=\u00bb4.27.4&#8243; _module_preset=\u00bbdefault\u00bb global_colors_info=\u00bb{}\u00bb][et_pb_column type=\u00bb4_4&#8243; _builder_version=\u00bb4.27.4&#8243; _module_preset=\u00bbdefault\u00bb global_colors_info=\u00bb{}\u00bb][et_pb_text _builder_version=\u00bb4.27.4&#8243; _module_preset=\u00bbdefault\u00bb global_colors_info=\u00bb{}\u00bb]<\/p>\n<p>El <strong>Pack VIKORY<\/strong> <strong>Hexadyn<\/strong> <strong>5<\/strong> B re\u00fane lo esencial para practicar con comodidad y estilo: una <strong>almohadilla de pr\u00e1ctica realista<\/strong>, una <strong>bolsa de transporte<\/strong> pr\u00e1ctica y elegante, y <strong>dos pares de mazas Hexadyn 5B<\/strong> dise\u00f1adas para el rendimiento.<\/p>\n<p>Dise\u00f1ado para bateristas a los que les gusta tocar fuerte sin perder el control, este pack ofrece una <strong>sensaci\u00f3n aut\u00e9ntica<\/strong>, <strong>una organizaci\u00f3n \u00f3ptima<\/strong> y un <strong>dise\u00f1o Vikory \u00fanico<\/strong>.<\/p>\n<p>[\/et_pb_text][\/et_pb_column][\/et_pb_row][et_pb_row column_structure=\u00bb1_2,1_2&#8243; _builder_version=\u00bb4.27.4&#8243; _module_preset=\u00bbdefault\u00bb global_colors_info=\u00bb{}\u00bb][et_pb_column type=\u00bb1_2&#8243; _builder_version=\u00bb4.27.4&#8243; _module_preset=\u00bbdefault\u00bb global_colors_info=\u00bb{}\u00bb][et_pb_text _builder_version=\u00bb4.27.4&#8243; _module_preset=\u00bbdefault\u00bb global_colors_info=\u00bb{}\u00bb]<\/p>\n<h3><strong>Destacados<\/strong><\/h3>\n<ul>\n<li><strong>Juego completo:<\/strong> almohadilla + bolsa + 2 pares de tacos Hexadyn 5B listos para usar.<\/li>\n<li><strong>Almohadilla de entrenamiento de 8&#8243;:<\/strong> rebote natural, tacto realista y bajo nivel de ruido.<\/li>\n<li><strong>Tacos Hexadyn 5B: el<\/strong> equilibrio perfecto entre potencia, precisi\u00f3n y resistencia.<\/li>\n<li><strong>Funda para bolsa:<\/strong> protege y transporta tus mazos con estilo.<\/li>\n<li><strong>Dise\u00f1o exclusivo Hexadyn:<\/strong> un aspecto asertivo para bateristas en\u00e9rgicos.<\/li>\n<li><strong>Dise\u00f1ado para durar:<\/strong> materiales resistentes y acabado Vikory de alta gama.<\/li>\n<\/ul>\n<p>[\/et_pb_text][et_pb_wc_add_to_cart _builder_version=\u00bb4.27.4&#8243; global_colors_info=\u00bb{}\u00bb][\/et_pb_wc_add_to_cart][\/et_pb_column][et_pb_column type=\u00bb1_2&#8243; _builder_version=\u00bb4.27.4&#8243; _module_preset=\u00bbdefault\u00bb global_colors_info=\u00bb{}\u00bb][et_pb_image src=\u00bbhttps:\/\/vikory.com\/wp-content\/uploads\/2025\/11\/VIKORY-Pack-Pad-sac-Hexadyn-002-1.jpg\u00bb alt=\u00bbVIKORY Hexdayn pack: 2 pares de mazas Hexadyn + almohadilla + bolsa\u00bb title_text=\u00bbVIKORY-Pack-Pad, bolsa-Hexadyn-002&#8243; _builder_version=\u00bb4.27.4&#8243; _module_preset=\u00bbdefault\u00bb custom_margin=\u00bb|-29px||||\u00bb custom_margin_tablet=\u00bb|-29px||||\u00bb custom_margin_phone=\u00bb|0px|||false|false\u00bb custom_margin_last_edited=\u00bbon|phone\u00bb border_radii=\u00bbon|5px|5px|5px|5px\u00bb global_colors_info=\u00bb{}\u00bb][\/et_pb_image][\/et_pb_column][\/et_pb_row][et_pb_row column_structure=\u00bb1_2,1_2&#8243; _builder_version=\u00bb4.27.4&#8243; _module_preset=\u00bbdefault\u00bb global_colors_info=\u00bb{}\u00bb][et_pb_column type=\u00bb1_2&#8243; _builder_version=\u00bb4.27.4&#8243; _module_preset=\u00bbdefault\u00bb global_colors_info=\u00bb{}\u00bb][et_pb_image src=\u00bbhttps:\/\/vikory.com\/wp-content\/uploads\/2025\/11\/VIKORY-Pack-Pad-sac-Hexadyn-003-1.jpg\u00bb alt=\u00bbVIKORY Hexdayn pack: 2 pares de mazas Hexadyn + almohadilla + bolsa\u00bb title_text=\u00bbVIKORY-Pack-Pad, bolsa-Hexadyn-003&#8243; _builder_version=\u00bb4.27.4&#8243; _module_preset=\u00bbdefault\u00bb custom_margin=\u00bb|-29px||||\u00bb custom_margin_tablet=\u00bb|-29px||||\u00bb custom_margin_phone=\u00bb|0px|||false|false\u00bb custom_margin_last_edited=\u00bbon|phone\u00bb border_radii=\u00bbon|5px|5px|5px|5px\u00bb global_colors_info=\u00bb{}\u00bb][\/et_pb_image][\/et_pb_column][et_pb_column type=\u00bb1_2&#8243; _builder_version=\u00bb4.27.4&#8243; _module_preset=\u00bbdefault\u00bb global_colors_info=\u00bb{}\u00bb][et_pb_text _builder_version=\u00bb4.27.4&#8243; _module_preset=\u00bbdefault\u00bb global_colors_info=\u00bb{}\u00bb]<\/p>\n<h3><strong>\ud83d\udee0\ufe0f Especificaciones t\u00e9cnicas  <\/strong><\/h3>\n<ul>\n<li><strong>Marca :<\/strong> Vikory<\/li>\n<li><strong>Tipo de pack:<\/strong> Entrenamiento completo - Almohadilla + Bolsa + 2 pares de bastones<\/li>\n<li><strong>Di\u00e1metro de la almohadilla:<\/strong> 8 pulgadas (\u2248 20 cm)<\/li>\n<li><strong>Superficie de golpeo:<\/strong> goma de alta densidad, rebote natural<\/li>\n<li><strong>Base de la almohadilla:<\/strong> Madera compuesta antideslizante<\/li>\n<li><strong>Bolsa de transporte:<\/strong> Tejido resistente - 20 \u00d7 46 cm, asa de transporte, correa para el hombro<\/li>\n<li><strong>Capacidad de la bolsa:<\/strong> hasta 4 pares de palillos<\/li>\n<li><strong>Tacos incluidos:<\/strong>2 pares Vikory Hexadyn 5B<\/li>\n<li><strong>Peso total:<\/strong> aprox. 1,6 kg<\/li>\n<li><strong>Colores:<\/strong> dise\u00f1o Hexadyn (modelos exclusivos)<\/li>\n<li><strong>Uso:<\/strong> Entrenamiento, calentamiento, viajes, clases<\/li>\n<\/ul>\n<p>[\/et_pb_text][et_pb_wc_add_to_cart _builder_version=\u00bb4.27.4&#8243; global_colors_info=\u00bb{}\u00bb][\/et_pb_wc_add_to_cart][\/et_pb_column][\/et_pb_row][et_pb_row _builder_version=\u00bb4.27.4&#8243; _module_preset=\u00bbdefault\u00bb global_colors_info=\u00bb{}\u00bb][et_pb_column type=\u00bb4_4&#8243; _builder_version=\u00bb4.27.4&#8243; _module_preset=\u00bbdefault\u00bb global_colors_info=\u00bb{}\u00bb][et_pb_text _builder_version=\u00bb4.27.4&#8243; _module_preset=\u00bbdefault\u00bb global_colors_info=\u00bb{}\u00bb]<\/p>\n<h2><strong>\u00bfA qui\u00e9n va dirigido?<\/strong><\/h2>\n<ul>\n<li><strong>Principiantes motivados<\/strong> que buscan un conjunto completo para un entrenamiento eficaz.<\/li>\n<li><strong>M\u00fasicos en movimiento<\/strong> que necesitan una almohadilla port\u00e1til y un almacenamiento pr\u00e1ctico.<\/li>\n<li><strong>Bateristas intermedios y avanzados<\/strong> que buscan un pack robusto y atractivo.<\/li>\n<li><strong>Profesionales <\/strong>que quieren estar al d\u00eda entre dos sesiones o conciertos.<\/li>\n<\/ul>\n<h2><strong>Consejo profesional<\/strong><\/h2>\n<p>La <strong>almohadilla Vikory de 8&#8243;<\/strong> reproduce la tensi\u00f3n de un parche de tambor real para desarrollar precisi\u00f3n y velocidad sin ruido.<br \/><strong>Las baquetas Hexadyn 5B<\/strong> ofrecen <strong>un potente rebote y un excelente control<\/strong>.<br \/>La <strong>bolsa<\/strong> mantiene tus baquetas protegidas y listas para usar, ya sea en el ensayo, en clase o en el escenario.<\/p>\n<h2><strong>\u2757 Ten en cuenta<\/strong><\/h2>\n<p>El <strong>Pack VIKORY Hexadyn 5B<\/strong> incluye la <strong>almohadilla de entrenamiento<\/strong>, la <strong>bolsa de transporte<\/strong> y <strong>dos pares de bastones Hexadyn 5B<\/strong>.<br \/>Tr\u00edpode no incluido - disponible por separado o en nuestros packs completos con soporte ajustable.<\/p>\n<h2><strong>Contenido del paquete<\/strong><\/h2>\n<ul>\n<li><strong>1 \u00d7 Almohadilla de entrenamiento Vikory 8<\/strong><\/li>\n<li><strong>1 \u00d7 Bolsa de transporte para mazos (capacidad para 4 pares)<\/strong><\/li>\n<li><strong>2 \u00d7 Pares de mazas Vikory Hexadyn 5B<\/strong><\/li>\n<\/ul>\n<p>[\/et_pb_text][\/et_pb_column][\/et_pb_row][\/et_pb_section][et_pb_section fb_built=\u00bb1&#8243; _builder_version=\u00bb4.27.4&#8243; _module_preset=\u00bbdefault\u00bb locked=\u00bboff\u00bb global_colors_info=\u00bb{}\u00bb][et_pb_row _builder_version=\u00bb4.27.4&#8243; _module_preset=\u00bbdefault\u00bb global_colors_info=\u00bb{}\u00bb][et_pb_column type=\u00bb4_4&#8243; _builder_version=\u00bb4.27.4&#8243; _module_preset=\u00bbdefault\u00bb global_colors_info=\u00bb{}\u00bb][et_pb_text _builder_version=\u00bb4.27.4&#8243; _module_preset=\u00bbdefault\u00bb global_colors_info=\u00bb{}\u00bb]<br \/>\n[\/et_pb_text][et_pb_wc_reviews _builder_version=\u00bb4.27.4&#8243; _module_preset=\u00bbdefault\u00bb global_colors_info=\u00bb{}\u00bb][\/et_pb_wc_reviews][\/et_pb_column][\/et_pb_row][\/et_pb_section]<\/p>\n","protected":false},"excerpt":{"rendered":"<p>El pack completo para bateristas exigentes<\/p>\n","protected":false},"featured_media":10362,"comment_status":"open","ping_status":"closed","template":"","meta":{"_acf_changed":false,"_et_pb_use_builder":"on","_et_pb_old_content":"","_et_gb_content_width":""},"product_brand":[218],"product_cat":[444,306,404,412,273,303,401,423,398,242,432],"product_tag":[],"class_list":{"0":"post-10338","1":"product","2":"type-product","3":"status-publish","4":"has-post-thumbnail","6":"product_brand-vikory-fr","7":"product_cat-bolsa","8":"product_cat-5b-es","9":"product_cat-8-pulgadas-20-cm","10":"product_cat-accesorios-de-bateria","11":"product_cat-hexadyn-es","12":"product_cat-medida","13":"product_cat-negro","14":"product_cat-packs_es","15":"product_cat-pad-de-practica","16":"product_cat-palillos-de-tambor-es","17":"product_cat-paquete-pad-2-pares-de-baquetas-hexadyn","18":"pa_size-7a-es-2","20":"first","21":"instock","22":"sale","23":"taxable","24":"shipping-taxable","25":"purchasable","26":"product-type-simple"},"acf":[],"aioseo_notices":[],"_links":{"self":[{"href":"https:\/\/vikory.com\/es\/wp-json\/wp\/v2\/product\/10338","targetHints":{"allow":["GET"]}}],"collection":[{"href":"https:\/\/vikory.com\/es\/wp-json\/wp\/v2\/product"}],"about":[{"href":"https:\/\/vikory.com\/es\/wp-json\/wp\/v2\/types\/product"}],"replies":[{"embeddable":true,"href":"https:\/\/vikory.com\/es\/wp-json\/wp\/v2\/comments?post=10338"}],"wp:featuredmedia":[{"embeddable":true,"href":"https:\/\/vikory.com\/es\/wp-json\/wp\/v2\/media\/10362"}],"wp:attachment":[{"href":"https:\/\/vikory.com\/es\/wp-json\/wp\/v2\/media?parent=10338"}],"wp:term":[{"taxonomy":"product_brand","embeddable":true,"href":"https:\/\/vikory.com\/es\/wp-json\/wp\/v2\/product_brand?post=10338"},{"taxonomy":"product_cat","embeddable":true,"href":"https:\/\/vikory.com\/es\/wp-json\/wp\/v2\/product_cat?post=10338"},{"taxonomy":"product_tag","embeddable":true,"href":"https:\/\/vikory.com\/es\/wp-json\/wp\/v2\/product_tag?post=10338"}],"curies":[{"name":"wp","href":"https:\/\/api.w.org\/{rel}","templated":true}]}}