{"id":10397,"date":"2025-11-10T16:23:18","date_gmt":"2025-11-10T15:23:18","guid":{"rendered":"https:\/\/vikory.com\/?post_type=product&#038;p=10397"},"modified":"2025-12-01T15:45:57","modified_gmt":"2025-12-01T14:45:57","slug":"par-de-baquetas-hexadyn-5a-copie-copie-copie-copie-copie-copie-copie-copie-copie-copie-copie-copie","status":"publish","type":"product","link":"https:\/\/vikory.com\/es\/producto\/par-de-baquetas-hexadyn-5a-copie-copie-copie-copie-copie-copie-copie-copie-copie-copie-copie-copie\/","title":{"rendered":"Premium 5B VIKORY Pad \/ 5 pares de 5B Stylish Drumsticks pack : Almohadilla de pr\u00e1ctica + Bolsa de transporte + 5 pares de 5B Stylish Drumsticks"},"content":{"rendered":"<p>[et_pb_section fb_built=\u00bb1&#8243; _builder_version=\u00bb4.27.4&#8243; custom_padding=\u00bb30px||||false|false\u00bb global_colors_info=\u00bb{}\u00bb][et_pb_row _builder_version=\u00bb4.16&#8243; background_size=\u00bbinitial\u00bb background_position=\u00bbtop_left\u00bb background_repeat=\u00bbrepeat\u00bb width=\u00bb100%\u00bb custom_padding=\u00bb0px||0px||false|false\u00bb global_colors_info=\u00bb{}\u00bb][et_pb_column type=\u00bb4_4&#8243; _builder_version=\u00bb4.16&#8243; custom_padding=\u00bb|||\u00bb global_colors_info=\u00bb{}\u00bb custom_padding__hover=\u00bb|||\u00bb][et_pb_wc_breadcrumb _builder_version=\u00bb4.16&#8243; global_colors_info=\u00bb{}\u00bb][\/et_pb_wc_breadcrumb][et_pb_wc_cart_notice _builder_version=\u00bb4.27.4&#8243; global_colors_info=\u00bb{}\u00bb][\/et_pb_wc_cart_notice][\/et_pb_column][\/et_pb_row][et_pb_row column_structure=\u00bb1_2,1_2&#8243; custom_padding_last_edited=\u00bbon|phone\u00bb _builder_version=\u00bb4.27.4&#8243; background_size=\u00bbinitial\u00bb background_position=\u00bbtop_left\u00bb background_repeat=\u00bbrepeat\u00bb width=\u00bb100%\u00bb custom_padding=\u00bb0px|15px||15px|false|true\u00bb custom_padding_tablet=\u00bb0px|15px||15px|false|true\u00bb custom_padding_phone=\u00bb0px|0px||0px|false|true\u00bb global_colors_info=\u00bb{}\u00bb][et_pb_column type=\u00bb1_2&#8243; _builder_version=\u00bb4.16&#8243; custom_padding=\u00bb|||\u00bb global_colors_info=\u00bb{}\u00bb custom_padding__hover=\u00bb|||\u00bb][et_pb_wc_images _builder_version=\u00bb4.16&#8243; global_colors_info=\u00bb{}\u00bb][\/et_pb_wc_images][\/et_pb_column][et_pb_column type=\u00bb1_2&#8243; _builder_version=\u00bb4.16&#8243; custom_padding=\u00bb|||\u00bb global_colors_info=\u00bb{}\u00bb custom_padding__hover=\u00bb|||\u00bb][et_pb_wc_title _builder_version=\u00bb4.27.4&#8243; custom_margin=\u00bb||15px|||\u00bb global_colors_info=\u00bb{}\u00bb][\/et_pb_wc_title][et_pb_wc_price _builder_version=\u00bb4.16&#8243; custom_margin=\u00bb||17px|||\u00bb global_colors_info=\u00bb{}\u00bb][\/et_pb_wc_price][et_pb_wc_description _builder_version=\u00bb4.16&#8243; global_colors_info=\u00bb{}\u00bb][\/et_pb_wc_description][et_pb_wc_add_to_cart _builder_version=\u00bb4.27.4&#8243; global_colors_info=\u00bb{}\u00bb][\/et_pb_wc_add_to_cart][et_pb_wc_meta _builder_version=\u00bb4.16&#8243; global_colors_info=\u00bb{}\u00bb][\/et_pb_wc_meta][\/et_pb_column][\/et_pb_row][\/et_pb_section][et_pb_section fb_built=\u00bb1&#8243; _builder_version=\u00bb4.27.4&#8243; _module_preset=\u00bbdefault\u00bb background_color=\u00bb#e1e1e1&#8243; custom_padding=\u00bb20px||5px|||\u00bb locked=\u00bboff\u00bb global_colors_info=\u00bb{}\u00bb][et_pb_row _builder_version=\u00bb4.27.4&#8243; _module_preset=\u00bbdefault\u00bb custom_padding=\u00bb8px||0px|||\u00bb global_colors_info=\u00bb{}\u00bb][et_pb_column type=\u00bb4_4&#8243; _builder_version=\u00bb4.27.4&#8243; _module_preset=\u00bbdefault\u00bb global_colors_info=\u00bb{}\u00bb][et_pb_text _builder_version=\u00bb4.27.4&#8243; _dynamic_attributes=\u00bbcontent\u00bb _module_preset=\u00bbdefault\u00bb text_font=\u00bbQuicksand|700|||||||\u00bb text_text_color=\u00bb#212529&#8243; text_font_size=\u00bb27px\u00bb text_line_height=\u00bb32px\u00bb header_text_align=\u00bbcenter\u00bb text_orientation=\u00bbcenter\u00bb custom_margin=\u00bb||16px|||\u00bb locked=\u00bboff\u00bb global_colors_info=\u00bb{}\u00bb]@ET-DC@eyJkeW5hbWljIjp0cnVlLCJjb250ZW50IjoiY3VzdG9tX21ldGFfZmlyc3Rfc2VjdGlvbl9tYWluX3RpdGxlX2NlbnRlciIsInNldHRpbmdzIjp7ImJlZm9yZSI6IiIsImFmdGVyIjoiIiwiZW5hYmxlX2h0bWwiOiJvZmYifX0=@[\/et_pb_text][\/et_pb_column][\/et_pb_row][\/et_pb_section][et_pb_section fb_built=\u00bb1&#8243; _builder_version=\u00bb4.27.4&#8243; _module_preset=\u00bbdefault\u00bb custom_margin=\u00bb-12px|||||\u00bb custom_padding=\u00bb4px||8px|||\u00bb locked=\u00bboff\u00bb global_colors_info=\u00bb{}\u00bb][et_pb_row _builder_version=\u00bb4.27.4&#8243; _module_preset=\u00bbdefault\u00bb global_colors_info=\u00bb{}\u00bb][et_pb_column type=\u00bb4_4&#8243; _builder_version=\u00bb4.27.4&#8243; _module_preset=\u00bbdefault\u00bb global_colors_info=\u00bb{}\u00bb][et_pb_text _builder_version=\u00bb4.27.4&#8243; _module_preset=\u00bbdefault\u00bb global_colors_info=\u00bb{}\u00bb]<\/p>\n<p>El <strong>Pack Vikory 5B Premium<\/strong> ha sido dise\u00f1ado para m\u00fasicos que quieren practicar <strong>con comodidad, estilo y rendimiento<\/strong>.<br \/>Incluye una <strong>realista almohadilla de pr\u00e1ctica de 8&#8243;<\/strong>, una <strong>resistente bolsa de transporte<\/strong> y <strong>5 pares de elegantes mazas 5B<\/strong>, que combinan equilibrio, potencia y el dise\u00f1o exclusivo de Vikory.<\/p>\n<p>Este completo paquete de gama alta ofrece una <strong>sensaci\u00f3n de aut\u00e9ntico impacto<\/strong> y <strong>una organizaci\u00f3n \u00f3ptima<\/strong>, ideal para casa, el estudio o la carretera.<\/p>\n<p>[\/et_pb_text][\/et_pb_column][\/et_pb_row][et_pb_row column_structure=\u00bb1_2,1_2&#8243; _builder_version=\u00bb4.27.4&#8243; _module_preset=\u00bbdefault\u00bb global_colors_info=\u00bb{}\u00bb][et_pb_column type=\u00bb1_2&#8243; _builder_version=\u00bb4.27.4&#8243; _module_preset=\u00bbdefault\u00bb global_colors_info=\u00bb{}\u00bb][et_pb_text _builder_version=\u00bb4.27.4&#8243; _module_preset=\u00bbdefault\u00bb global_colors_info=\u00bb{}\u00bb]<\/p>\n<h3><strong>Destacados<\/strong><\/h3>\n<ul>\n<li><strong>Pack Premium completo:<\/strong> almohadilla + bolsa + 5 pares de elegantes mazas 5B.<\/li>\n<li><strong>Pad de pr\u00e1ctica realista:<\/strong> rebote natural, sensaci\u00f3n similar a la de una caja.<\/li>\n<li><strong>Estilo 5B:<\/strong> dise\u00f1o exclusivo Vikory, m\u00e1s grueso y potente que el 5B.<\/li>\n<li><strong>Bolsa de transporte:<\/strong> protecci\u00f3n \u00f3ptima y gran capacidad (hasta 10 pares).<\/li>\n<li><strong>M\u00e1xima durabilidad:<\/strong> materiales s\u00f3lidos y acabados de alta gama.<\/li>\n<li>Un <strong>dise\u00f1o inspirador:<\/strong> una est\u00e9tica \u00fanica y profesional, perfecta para bateristas creativos.<\/li>\n<\/ul>\n<p>[\/et_pb_text][et_pb_wc_add_to_cart _builder_version=\u00bb4.27.4&#8243; global_colors_info=\u00bb{}\u00bb][\/et_pb_wc_add_to_cart][\/et_pb_column][et_pb_column type=\u00bb1_2&#8243; _builder_version=\u00bb4.27.4&#8243; _module_preset=\u00bbdefault\u00bb global_colors_info=\u00bb{}\u00bb][et_pb_image src=\u00bbhttps:\/\/vikory.com\/wp-content\/uploads\/2025\/11\/VIKORY-Pack-pad-5-stylees-002.jpg\u00bb alt=\u00bbVIKORY premium pack 5 elegantes tacos + almohadilla\u00bb title_text=\u00bbVIKORY-Pack-pad-5-stylees-002&#8243; _builder_version=\u00bb4.27.4&#8243; _module_preset=\u00bbdefault\u00bb custom_margin=\u00bb|-29px||||\u00bb custom_margin_tablet=\u00bb|-29px||||\u00bb custom_margin_phone=\u00bb|0px|||false|false\u00bb custom_margin_last_edited=\u00bbon|phone\u00bb border_radii=\u00bbon|5px|5px|5px|5px\u00bb global_colors_info=\u00bb{}\u00bb][\/et_pb_image][\/et_pb_column][\/et_pb_row][et_pb_row column_structure=\u00bb1_2,1_2&#8243; _builder_version=\u00bb4.27.4&#8243; _module_preset=\u00bbdefault\u00bb global_colors_info=\u00bb{}\u00bb][et_pb_column type=\u00bb1_2&#8243; _builder_version=\u00bb4.27.4&#8243; _module_preset=\u00bbdefault\u00bb global_colors_info=\u00bb{}\u00bb][et_pb_image src=\u00bbhttps:\/\/vikory.com\/wp-content\/uploads\/2025\/11\/VIKORY-Pack-pad-5-stylees-001.jpg\u00bb alt=\u00bbVIKORY premium pack 5 elegantes tacos + almohadilla\u00bb title_text=\u00bbVIKORY-Pack-pad-5-stylees-001&#8243; _builder_version=\u00bb4.27.4&#8243; _module_preset=\u00bbdefault\u00bb custom_margin=\u00bb|-29px||||\u00bb custom_margin_tablet=\u00bb|-29px||||\u00bb custom_margin_phone=\u00bb|0px|||false|false\u00bb custom_margin_last_edited=\u00bbon|phone\u00bb border_radii=\u00bbon|5px|5px|5px|5px\u00bb global_colors_info=\u00bb{}\u00bb][\/et_pb_image][\/et_pb_column][et_pb_column type=\u00bb1_2&#8243; _builder_version=\u00bb4.27.4&#8243; _module_preset=\u00bbdefault\u00bb global_colors_info=\u00bb{}\u00bb][et_pb_text _builder_version=\u00bb4.27.4&#8243; _module_preset=\u00bbdefault\u00bb global_colors_info=\u00bb{}\u00bb]<\/p>\n<h3><strong>\ud83d\udee0\ufe0f Especificaciones t\u00e9cnicas  <\/strong><\/h3>\n<ul>\n<li><strong>Marca :<\/strong> Vikory<\/li>\n<li><strong>Tipo de pack:<\/strong> Pack Premium - Almohadilla + Bolsa + 5 pares de elegantes palillos 5B<\/li>\n<li><strong>Di\u00e1metro de la almohadilla:<\/strong> 8 pulgadas (\u2248 20 cm)<\/li>\n<li><strong>Superficie de golpeo:<\/strong> caucho de alta densidad, natural, rebote silencioso<\/li>\n<li><strong>Base de la almohadilla:<\/strong>Madera compuesta antideslizante<\/li>\n<li><strong>Bolsa de transporte:<\/strong> Tejido de alta resistencia - asa, correa para el hombro, ganchos y bolsillos internos<\/li>\n<li><strong>Capacidad de la bolsa:<\/strong> Hasta 10 pares de palillos o 5 pares + 1 almohadilla<\/li>\n<li><strong>Ca\u00f1as incluidas:<\/strong> 5 pares de elegantes Vikory 5B (Fires, Hexadyn, Ananda, Alebrije, Kukulkan)<\/li>\n<li><strong>Tipo de barras:<\/strong> 5B - longitud 406 mm, di\u00e1metro 15,1 mm<\/li>\n<li><strong>Peso total:<\/strong> aprox. 3,5 kg<\/li>\n<li><strong>Colores:<\/strong> Bolsa negra a cuadros + almohadilla negra + elegantes motivos de colores<\/li>\n<li><strong>Usos:<\/strong> Entrenamiento, calentamiento, viajes, estudio, regalos musicales<\/li>\n<\/ul>\n<p>[\/et_pb_text][et_pb_wc_add_to_cart _builder_version=\u00bb4.27.4&#8243; global_colors_info=\u00bb{}\u00bb][\/et_pb_wc_add_to_cart][\/et_pb_column][\/et_pb_row][et_pb_row _builder_version=\u00bb4.27.4&#8243; _module_preset=\u00bbdefault\u00bb global_colors_info=\u00bb{}\u00bb][et_pb_column type=\u00bb4_4&#8243; _builder_version=\u00bb4.27.4&#8243; _module_preset=\u00bbdefault\u00bb global_colors_info=\u00bb{}\u00bb][et_pb_text _builder_version=\u00bb4.27.4&#8243; _module_preset=\u00bbdefault\u00bb global_colors_info=\u00bb{}\u00bb]<\/p>\n<h2><strong>\u00bfA qui\u00e9n va dirigido?<\/strong><\/h2>\n<ul>\n<li><strong>Bateristas avanzados<\/strong> que buscan potencia y precisi\u00f3n en un pack completo.<\/li>\n<li><strong>Principiantes ambiciosos<\/strong> que quieren progresar con equipos duraderos e inspiradores.<\/li>\n<li><strong>M\u00fasicos n\u00f3madas<\/strong> que buscan un kit port\u00e1til y pr\u00e1ctico para ensayar o salir de gira.<\/li>\n<li><strong>Profesores<\/strong> que quieran recomendar a sus alumnos un conjunto completo, fiable y atractivo.<\/li>\n<\/ul>\n<h2><strong>Consejo profesional<\/strong><\/h2>\n<p>Las baquetas <strong>VIKORY 5B<\/strong> ofrecen un <strong>agarre firme<\/strong> y <strong>un control \u00f3ptimo del rebote<\/strong>, ideal para estilos potentes como el <strong>rock, el metal y el funk<\/strong>.<br \/>La almohadilla <strong>VIKORY<\/strong> reproduce fielmente la sensaci\u00f3n de una caja ac\u00fastica sin dejar de ser silenciosa.<br \/>La bolsa &lt;strong\u00bb&gt;protege eficazmente tus baquetas y ofrece espacio para la almohadilla y los accesorios esenciales.<\/p>\n<h2><strong>\u2757 Ten en cuenta<\/strong><\/h2>\n<p>El <strong>tr\u00edpode no est\u00e1 incluido<\/strong>: est\u00e1 disponible por separado o en nuestros <strong>packs completos con soporte ajustable<\/strong>.<br \/>Las elegantes baquetas 5B son ligeramente m\u00e1s pesadas que los modelos 7A, y ofrecen <strong>m\u00e1s potencia y presencia s\u00f3nica<\/strong>.<\/p>\n<p>&nbsp;<\/p>\n<h2><strong>Contenido del paquete<\/strong><\/h2>\n<ul>\n<li>1 \u00d7 Almohadilla de entrenamiento VIKORY 8<\/li>\n<li>1 \u00d7 Bolsa de transporte VIKORY Premium (capacidad hasta 10 pares)<\/li>\n<li>5 \u00d7 Pares de palillos VIKORY 5B Elegantes (Fires, Hexadyn, Ananda, Alebrije, Kukulkan)<\/li>\n<\/ul>\n<p>[\/et_pb_text][\/et_pb_column][\/et_pb_row][\/et_pb_section][et_pb_section fb_built=\u00bb1&#8243; _builder_version=\u00bb4.27.4&#8243; _module_preset=\u00bbdefault\u00bb locked=\u00bboff\u00bb global_colors_info=\u00bb{}\u00bb][et_pb_row _builder_version=\u00bb4.27.4&#8243; _module_preset=\u00bbdefault\u00bb global_colors_info=\u00bb{}\u00bb][et_pb_column type=\u00bb4_4&#8243; _builder_version=\u00bb4.27.4&#8243; _module_preset=\u00bbdefault\u00bb global_colors_info=\u00bb{}\u00bb][et_pb_text _builder_version=\u00bb4.27.4&#8243; _module_preset=\u00bbdefault\u00bb global_colors_info=\u00bb{}\u00bb]<br \/>\n[\/et_pb_text][et_pb_wc_reviews _builder_version=\u00bb4.27.4&#8243; _module_preset=\u00bbdefault\u00bb global_colors_info=\u00bb{}\u00bb][\/et_pb_wc_reviews][\/et_pb_column][\/et_pb_row][\/et_pb_section]<\/p>\n","protected":false},"excerpt":{"rendered":"<p>El pack completo para bateristas exigentes<\/p>\n","protected":false},"featured_media":10406,"comment_status":"open","ping_status":"closed","template":"","meta":{"_acf_changed":false,"_et_pb_use_builder":"on","_et_pb_old_content":"","_et_gb_content_width":""},"product_brand":[218],"product_cat":[444,306,404,412,270,271,368,273,274,303,401,423,398,242,431],"product_tag":[],"class_list":{"0":"post-10397","1":"product","2":"type-product","3":"status-publish","4":"has-post-thumbnail","6":"product_brand-vikory-fr","7":"product_cat-bolsa","8":"product_cat-5b-es","9":"product_cat-8-pulgadas-20-cm","10":"product_cat-accesorios-de-bateria","11":"product_cat-alebrije-es","12":"product_cat-ananda-es","13":"product_cat-fire-es","14":"product_cat-hexadyn-es","15":"product_cat-kukulkan-es","16":"product_cat-medida","17":"product_cat-negro","18":"product_cat-packs_es","19":"product_cat-pad-de-practica","20":"product_cat-palillos-de-tambor-es","21":"product_cat-paquete-premium-pad-5-pares-de-baquetas","22":"pa_size-7a-es-2","24":"first","25":"instock","26":"sale","27":"taxable","28":"shipping-taxable","29":"purchasable","30":"product-type-simple"},"acf":[],"aioseo_notices":[],"_links":{"self":[{"href":"https:\/\/vikory.com\/es\/wp-json\/wp\/v2\/product\/10397","targetHints":{"allow":["GET"]}}],"collection":[{"href":"https:\/\/vikory.com\/es\/wp-json\/wp\/v2\/product"}],"about":[{"href":"https:\/\/vikory.com\/es\/wp-json\/wp\/v2\/types\/product"}],"replies":[{"embeddable":true,"href":"https:\/\/vikory.com\/es\/wp-json\/wp\/v2\/comments?post=10397"}],"wp:featuredmedia":[{"embeddable":true,"href":"https:\/\/vikory.com\/es\/wp-json\/wp\/v2\/media\/10406"}],"wp:attachment":[{"href":"https:\/\/vikory.com\/es\/wp-json\/wp\/v2\/media?parent=10397"}],"wp:term":[{"taxonomy":"product_brand","embeddable":true,"href":"https:\/\/vikory.com\/es\/wp-json\/wp\/v2\/product_brand?post=10397"},{"taxonomy":"product_cat","embeddable":true,"href":"https:\/\/vikory.com\/es\/wp-json\/wp\/v2\/product_cat?post=10397"},{"taxonomy":"product_tag","embeddable":true,"href":"https:\/\/vikory.com\/es\/wp-json\/wp\/v2\/product_tag?post=10397"}],"curies":[{"name":"wp","href":"https:\/\/api.w.org\/{rel}","templated":true}]}}