{"id":10427,"date":"2025-11-10T20:21:26","date_gmt":"2025-11-10T19:21:26","guid":{"rendered":"https:\/\/vikory.com\/?post_type=product&#038;p=10427"},"modified":"2025-12-01T15:32:54","modified_gmt":"2025-12-01T14:32:54","slug":"par-de-baquetas-hexadyn-5a-copie-copie-copie-copie-copie-copie-copie-copie-copie-copie-copie-copie-copie-copie-copie","status":"publish","type":"product","link":"https:\/\/vikory.com\/es\/producto\/par-de-baquetas-hexadyn-5a-copie-copie-copie-copie-copie-copie-copie-copie-copie-copie-copie-copie-copie-copie-copie\/","title":{"rendered":"Pack Premium 7A VIKORY 10 pares de mazas 7A: bolsa de transporte + 3 pares de mazas negras 7A + 2 pares de mazas de madera 7A + 5 pares de mazas Styl\u00e9es 7A"},"content":{"rendered":"<p>[et_pb_section fb_built=\u00bb1&#8243; _builder_version=\u00bb4.27.4&#8243; custom_padding=\u00bb30px||||false|false\u00bb global_colors_info=\u00bb{}\u00bb][et_pb_row _builder_version=\u00bb4.16&#8243; background_size=\u00bbinitial\u00bb background_position=\u00bbtop_left\u00bb background_repeat=\u00bbrepeat\u00bb width=\u00bb100%\u00bb custom_padding=\u00bb0px||0px||false|false\u00bb global_colors_info=\u00bb{}\u00bb][et_pb_column type=\u00bb4_4&#8243; _builder_version=\u00bb4.16&#8243; custom_padding=\u00bb|||\u00bb global_colors_info=\u00bb{}\u00bb custom_padding__hover=\u00bb|||\u00bb][et_pb_wc_breadcrumb _builder_version=\u00bb4.16&#8243; global_colors_info=\u00bb{}\u00bb][\/et_pb_wc_breadcrumb][et_pb_wc_cart_notice _builder_version=\u00bb4.27.4&#8243; global_colors_info=\u00bb{}\u00bb][\/et_pb_wc_cart_notice][\/et_pb_column][\/et_pb_row][et_pb_row column_structure=\u00bb1_2,1_2&#8243; custom_padding_last_edited=\u00bbon|phone\u00bb _builder_version=\u00bb4.27.4&#8243; background_size=\u00bbinitial\u00bb background_position=\u00bbtop_left\u00bb background_repeat=\u00bbrepeat\u00bb width=\u00bb100%\u00bb custom_padding=\u00bb0px|15px||15px|false|true\u00bb custom_padding_tablet=\u00bb0px|15px||15px|false|true\u00bb custom_padding_phone=\u00bb0px|0px||0px|false|true\u00bb global_colors_info=\u00bb{}\u00bb][et_pb_column type=\u00bb1_2&#8243; _builder_version=\u00bb4.16&#8243; custom_padding=\u00bb|||\u00bb global_colors_info=\u00bb{}\u00bb custom_padding__hover=\u00bb|||\u00bb][et_pb_wc_images _builder_version=\u00bb4.16&#8243; global_colors_info=\u00bb{}\u00bb][\/et_pb_wc_images][\/et_pb_column][et_pb_column type=\u00bb1_2&#8243; _builder_version=\u00bb4.16&#8243; custom_padding=\u00bb|||\u00bb global_colors_info=\u00bb{}\u00bb custom_padding__hover=\u00bb|||\u00bb][et_pb_wc_title _builder_version=\u00bb4.27.4&#8243; custom_margin=\u00bb||15px|||\u00bb global_colors_info=\u00bb{}\u00bb][\/et_pb_wc_title][et_pb_wc_price _builder_version=\u00bb4.16&#8243; custom_margin=\u00bb||17px|||\u00bb global_colors_info=\u00bb{}\u00bb][\/et_pb_wc_price][et_pb_wc_description _builder_version=\u00bb4.16&#8243; global_colors_info=\u00bb{}\u00bb][\/et_pb_wc_description][et_pb_wc_add_to_cart _builder_version=\u00bb4.27.4&#8243; global_colors_info=\u00bb{}\u00bb][\/et_pb_wc_add_to_cart][et_pb_wc_meta _builder_version=\u00bb4.16&#8243; global_colors_info=\u00bb{}\u00bb][\/et_pb_wc_meta][\/et_pb_column][\/et_pb_row][\/et_pb_section][et_pb_section fb_built=\u00bb1&#8243; _builder_version=\u00bb4.27.4&#8243; _module_preset=\u00bbdefault\u00bb background_color=\u00bb#e1e1e1&#8243; custom_padding=\u00bb20px||5px|||\u00bb locked=\u00bboff\u00bb global_colors_info=\u00bb{}\u00bb][et_pb_row _builder_version=\u00bb4.27.4&#8243; _module_preset=\u00bbdefault\u00bb custom_padding=\u00bb8px||0px|||\u00bb global_colors_info=\u00bb{}\u00bb][et_pb_column type=\u00bb4_4&#8243; _builder_version=\u00bb4.27.4&#8243; _module_preset=\u00bbdefault\u00bb global_colors_info=\u00bb{}\u00bb][et_pb_text _builder_version=\u00bb4.27.4&#8243; _dynamic_attributes=\u00bbcontent\u00bb _module_preset=\u00bbdefault\u00bb text_font=\u00bbQuicksand|700|||||||\u00bb text_text_color=\u00bb#212529&#8243; text_font_size=\u00bb27px\u00bb text_line_height=\u00bb32px\u00bb header_text_align=\u00bbcenter\u00bb text_orientation=\u00bbcenter\u00bb custom_margin=\u00bb||16px|||\u00bb locked=\u00bboff\u00bb global_colors_info=\u00bb{}\u00bb]@ET-DC@eyJkeW5hbWljIjp0cnVlLCJjb250ZW50IjoiY3VzdG9tX21ldGFfZmlyc3Rfc2VjdGlvbl9tYWluX3RpdGxlX2NlbnRlciIsInNldHRpbmdzIjp7ImJlZm9yZSI6IiIsImFmdGVyIjoiIiwiZW5hYmxlX2h0bWwiOiJvZmYifX0=@[\/et_pb_text][\/et_pb_column][\/et_pb_row][\/et_pb_section][et_pb_section fb_built=\u00bb1&#8243; _builder_version=\u00bb4.27.4&#8243; _module_preset=\u00bbdefault\u00bb custom_margin=\u00bb-12px|||||\u00bb custom_padding=\u00bb4px||8px|||\u00bb locked=\u00bboff\u00bb global_colors_info=\u00bb{}\u00bb][et_pb_row _builder_version=\u00bb4.27.4&#8243; _module_preset=\u00bbdefault\u00bb global_colors_info=\u00bb{}\u00bb][et_pb_column type=\u00bb4_4&#8243; _builder_version=\u00bb4.27.4&#8243; _module_preset=\u00bbdefault\u00bb global_colors_info=\u00bb{}\u00bb][et_pb_text _builder_version=\u00bb4.27.4&#8243; _module_preset=\u00bbdefault\u00bb global_colors_info=\u00bb{}\u00bb]<\/p>\n<p>El <strong>VIKORY 7A Premium Pack - 10 pares de baquetas<\/strong> ha sido dise\u00f1ado para los bateristas que desean combinar <strong>versatilidad, precisi\u00f3n y estilo<\/strong>, disponiendo de un stock completo para cada situaci\u00f3n.<br \/>Este pack incluye una <strong>bolsa de transporte de alta gama<\/strong> y <strong>10 pares de baquetas 7A<\/strong>:<br \/> 3<strong>Negras<\/strong>, <strong>2 Madera Natural<\/strong> y <strong>5 VIKORY Styl\u00e9es<\/strong> (Fires, Hexadyn, Ananda, Alebrije, Kukulkan).<\/p>\n<p>Un conjunto completo y duradero, ideal para ensayos, conciertos, el estudio o la ense\u00f1anza.<\/p>\n<p>[\/et_pb_text][\/et_pb_column][\/et_pb_row][et_pb_row column_structure=\u00bb1_2,1_2&#8243; _builder_version=\u00bb4.27.4&#8243; _module_preset=\u00bbdefault\u00bb global_colors_info=\u00bb{}\u00bb][et_pb_column type=\u00bb1_2&#8243; _builder_version=\u00bb4.27.4&#8243; _module_preset=\u00bbdefault\u00bb global_colors_info=\u00bb{}\u00bb][et_pb_text _builder_version=\u00bb4.27.4&#8243; _module_preset=\u00bbdefault\u00bb global_colors_info=\u00bb{}\u00bb]<\/p>\n<h3><strong>Destacados<\/strong><\/h3>\n<ul>\n<li><strong>Pack Premium completo:<\/strong> 10 pares de mazas 7A + bolsa de transporte.<\/li>\n<li><strong>Variedad de estilos:<\/strong> 5 elegantes, 3 negros, 2 de madera - para todas las situaciones de juego.<\/li>\n<li><strong>Equilibrio y ligereza:<\/strong> la 7A garantiza un confort \u00f3ptimo y un control preciso.<\/li>\n<li><strong>Bolsa de transporte incluida:<\/strong> gran capacidad, acabado robusto y dise\u00f1o VIKORY.<\/li>\n<li><strong>Durabilidad excepcional:<\/strong> madera de nogal de calidad, acabado antideslizante.<\/li>\n<li><strong>Dise\u00f1o \u00fanico:<\/strong> cada elegante par refleja la creatividad y la identidad de VIKORY.<\/li>\n<\/ul>\n<p>[\/et_pb_text][et_pb_wc_add_to_cart _builder_version=\u00bb4.27.4&#8243; global_colors_info=\u00bb{}\u00bb][\/et_pb_wc_add_to_cart][\/et_pb_column][et_pb_column type=\u00bb1_2&#8243; _builder_version=\u00bb4.27.4&#8243; _module_preset=\u00bbdefault\u00bb global_colors_info=\u00bb{}\u00bb][et_pb_image src=\u00bbhttps:\/\/vikory.com\/wp-content\/uploads\/2025\/11\/VIKORY-Pack-10-bpaires-baguettes-002.jpg\u00bb alt=\u00bbVIKORY pack premium 10 pares de palillos chinos\u00bb title_text=\u00bbVIKORY-Pack-10-chopsticks-002&#8243; _builder_version=\u00bb4.27.4&#8243; _module_preset=\u00bbdefault\u00bb custom_margin=\u00bb|-29px||||\u00bb custom_margin_tablet=\u00bb|-29px||||\u00bb custom_margin_phone=\u00bb|0px|||false|false\u00bb custom_margin_last_edited=\u00bbon|phone\u00bb border_radii=\u00bbon|5px|5px|5px|5px\u00bb global_colors_info=\u00bb{}\u00bb][\/et_pb_image][\/et_pb_column][\/et_pb_row][et_pb_row column_structure=\u00bb1_2,1_2&#8243; _builder_version=\u00bb4.27.4&#8243; _module_preset=\u00bbdefault\u00bb global_colors_info=\u00bb{}\u00bb][et_pb_column type=\u00bb1_2&#8243; _builder_version=\u00bb4.27.4&#8243; _module_preset=\u00bbdefault\u00bb global_colors_info=\u00bb{}\u00bb][et_pb_image src=\u00bbhttps:\/\/vikory.com\/wp-content\/uploads\/2025\/11\/VIKORY-Pack-10-bpaires-baguettes-001.jpg\u00bb alt=\u00bbVIKORY pack premium 10 pares de palillos chinos\u00bb title_text=\u00bbVIKORY-Pack-10-chopsticks-001&#8243; _builder_version=\u00bb4.27.4&#8243; _module_preset=\u00bbdefault\u00bb custom_margin=\u00bb|-29px||||\u00bb custom_margin_tablet=\u00bb|-29px||||\u00bb custom_margin_phone=\u00bb|0px|||false|false\u00bb custom_margin_last_edited=\u00bbon|phone\u00bb border_radii=\u00bbon|5px|5px|5px|5px\u00bb global_colors_info=\u00bb{}\u00bb][\/et_pb_image][\/et_pb_column][et_pb_column type=\u00bb1_2&#8243; _builder_version=\u00bb4.27.4&#8243; _module_preset=\u00bbdefault\u00bb global_colors_info=\u00bb{}\u00bb][et_pb_text _builder_version=\u00bb4.27.4&#8243; _module_preset=\u00bbdefault\u00bb global_colors_info=\u00bb{}\u00bb]<\/p>\n<h3><strong>\ud83d\udee0\ufe0f Especificaciones t\u00e9cnicas  <\/strong><\/h3>\n<ul>\n<li><strong>Marca :<\/strong> VIKORY<\/li>\n<li><strong>Tipo de pack:<\/strong> Pack Premium - 10 pares de baquetas 7A + bolsa de transporte<\/li>\n<li><strong>Contenido de los palillos :<\/strong>\n<ul>\n<li><strong>5 \u00d7 Elegante VIKORY 7A (Fuegos, Hexadyn, Ananda, Alebrije, Kukulk\u00e1n)<\/strong><\/li>\n<li><strong>3 \u00d7 Negro 7A<\/strong><\/li>\n<li><strong>2 \u00d7 Madera natural 7A<\/strong><\/li>\n<\/ul>\n<\/li>\n<li><strong>Tipo de varillas:<\/strong> 7A - longitud 406 mm, di\u00e1metro 13,5 mm<\/li>\n<li><strong>Material:<\/strong> Nogal seleccionado, acabado mate antideslizante<\/li>\n<li><strong>Bolsa de transporte:<\/strong> Tejido Oxford de alta resistencia, asas reforzadas, bolsillos internos<\/li>\n<li><strong>Capacidad de la bolsa:<\/strong> hasta 10 pares de palillos o accesorios adicionales<\/li>\n<li><strong>Peso total:<\/strong> aprox. 2,5 kg<\/li>\n<li><strong>Colores:<\/strong> Bolsa negra a cuadros + motivos de colores en modelos elegantes<\/li>\n<li><strong>Uso:<\/strong> Entrenamiento, estudio, gira, ensayo, ense\u00f1anza<\/li>\n<\/ul>\n<p>[\/et_pb_text][et_pb_wc_add_to_cart _builder_version=\u00bb4.27.4&#8243; global_colors_info=\u00bb{}\u00bb][\/et_pb_wc_add_to_cart][\/et_pb_column][\/et_pb_row][et_pb_row _builder_version=\u00bb4.27.4&#8243; _module_preset=\u00bbdefault\u00bb global_colors_info=\u00bb{}\u00bb][et_pb_column type=\u00bb4_4&#8243; _builder_version=\u00bb4.27.4&#8243; _module_preset=\u00bbdefault\u00bb global_colors_info=\u00bb{}\u00bb][et_pb_text _builder_version=\u00bb4.27.4&#8243; _module_preset=\u00bbdefault\u00bb global_colors_info=\u00bb{}\u00bb]<\/p>\n<h2><strong>\u00bfA qui\u00e9n va dirigido?<\/strong><\/h2>\n<ul>\n<li><strong>Bateristas de todos los niveles<\/strong> que buscan un pack duradero y variado.<\/li>\n<li><strong>M\u00fasicos int\u00e9rpretes<\/strong> que buscan varios estilos de baquetas al alcance de la mano.<\/li>\n<li><strong>Profesores y escuelas de m\u00fasica<\/strong> que buscan un conjunto completo y profesional.<\/li>\n<li><strong>Bateristas exigentes<\/strong> que quieren alternar potencia, delicadeza y dise\u00f1o.<\/li>\n<\/ul>\n<h2><strong>Consejo profesional<\/strong><\/h2>\n<p>Las <strong>VIKORY<\/strong> <strong>7A<\/strong> son perfectas para <strong>jazz, funk, rock ligero o gospel<\/strong>, ya que ofrecen un control fino del rebote y una comodidad superior al tocar.<br \/>Los modelos <strong>Stylish<\/strong> a\u00f1aden un toque de originalidad en el escenario, mientras que los modelos <strong>Black<\/strong> y <strong>Wood<\/strong> garantizan <strong>la m\u00e1xima versatilidad<\/strong>.<br \/>La <strong>bolsa VIKORY<\/strong> proporciona un almacenamiento y una protecci\u00f3n eficaces para todo tu equipo.<\/p>\n<h2><strong>\u2757 Ten en cuenta<\/strong><\/h2>\n<p>La <strong>almohadilla y el tr\u00edpode<\/strong> no est\u00e1n incluidos; est\u00e1n disponibles como parte de los packs de pr\u00e1ctica completos.<br \/>Las mazas 7A son m\u00e1s finas que las 5A\/5B, lo que las hace <strong>m\u00e1s r\u00e1pidas, precisas y menos cansadas de tocar<\/strong>.<\/p>\n<h2><strong>Contenido del paquete<\/strong><\/h2>\n<ul>\n<li>1 \u00d7 Bolsa de transporte VIKORY Premium (capacidad hasta 10 pares)<\/li>\n<li>5 \u00d7 Pares de palillos VIKORY 7A Stylish (Fires, Hexadyn, Ananda, Alebrije, Kukulkan)<\/li>\n<li>3 \u00d7 Pares de mazas VIKORY 7A Negras<\/li>\n<li>2 \u00d7 Pares de VIKORY 7A Palillos de madera natural<\/li>\n<\/ul>\n<p>[\/et_pb_text][\/et_pb_column][\/et_pb_row][\/et_pb_section][et_pb_section fb_built=\u00bb1&#8243; _builder_version=\u00bb4.27.4&#8243; _module_preset=\u00bbdefault\u00bb locked=\u00bboff\u00bb global_colors_info=\u00bb{}\u00bb][et_pb_row _builder_version=\u00bb4.27.4&#8243; _module_preset=\u00bbdefault\u00bb global_colors_info=\u00bb{}\u00bb][et_pb_column type=\u00bb4_4&#8243; _builder_version=\u00bb4.27.4&#8243; _module_preset=\u00bbdefault\u00bb global_colors_info=\u00bb{}\u00bb][et_pb_text _builder_version=\u00bb4.27.4&#8243; _module_preset=\u00bbdefault\u00bb global_colors_info=\u00bb{}\u00bb]<br \/>\n[\/et_pb_text][et_pb_wc_reviews _builder_version=\u00bb4.27.4&#8243; _module_preset=\u00bbdefault\u00bb global_colors_info=\u00bb{}\u00bb][\/et_pb_wc_reviews][\/et_pb_column][\/et_pb_row][\/et_pb_section]<\/p>\n","protected":false},"excerpt":{"rendered":"<p>El pack completo para bateristas exigentes<\/p>\n","protected":false},"featured_media":10437,"comment_status":"open","ping_status":"closed","template":"","meta":{"_acf_changed":false,"_et_pb_use_builder":"on","_et_pb_old_content":"","_et_gb_content_width":""},"product_brand":[218],"product_cat":[444,307,404,412,270,271,368,273,274,303,401,423,398,242,427],"product_tag":[],"class_list":{"0":"post-10427","1":"product","2":"type-product","3":"status-publish","4":"has-post-thumbnail","6":"product_brand-vikory-fr","7":"product_cat-bolsa","8":"product_cat-7a-es","9":"product_cat-8-pulgadas-20-cm","10":"product_cat-accesorios-de-bateria","11":"product_cat-alebrije-es","12":"product_cat-ananda-es","13":"product_cat-fire-es","14":"product_cat-hexadyn-es","15":"product_cat-kukulkan-es","16":"product_cat-medida","17":"product_cat-negro","18":"product_cat-packs_es","19":"product_cat-pad-de-practica","20":"product_cat-palillos-de-tambor-es","21":"product_cat-paquete-premium-10-pares-de-baquetas","22":"pa_size-7a-es-2","24":"first","25":"instock","26":"sale","27":"taxable","28":"shipping-taxable","29":"purchasable","30":"product-type-simple"},"acf":[],"aioseo_notices":[],"_links":{"self":[{"href":"https:\/\/vikory.com\/es\/wp-json\/wp\/v2\/product\/10427","targetHints":{"allow":["GET"]}}],"collection":[{"href":"https:\/\/vikory.com\/es\/wp-json\/wp\/v2\/product"}],"about":[{"href":"https:\/\/vikory.com\/es\/wp-json\/wp\/v2\/types\/product"}],"replies":[{"embeddable":true,"href":"https:\/\/vikory.com\/es\/wp-json\/wp\/v2\/comments?post=10427"}],"wp:featuredmedia":[{"embeddable":true,"href":"https:\/\/vikory.com\/es\/wp-json\/wp\/v2\/media\/10437"}],"wp:attachment":[{"href":"https:\/\/vikory.com\/es\/wp-json\/wp\/v2\/media?parent=10427"}],"wp:term":[{"taxonomy":"product_brand","embeddable":true,"href":"https:\/\/vikory.com\/es\/wp-json\/wp\/v2\/product_brand?post=10427"},{"taxonomy":"product_cat","embeddable":true,"href":"https:\/\/vikory.com\/es\/wp-json\/wp\/v2\/product_cat?post=10427"},{"taxonomy":"product_tag","embeddable":true,"href":"https:\/\/vikory.com\/es\/wp-json\/wp\/v2\/product_tag?post=10427"}],"curies":[{"name":"wp","href":"https:\/\/api.w.org\/{rel}","templated":true}]}}