{"id":12281,"date":"2025-11-10T15:51:18","date_gmt":"2025-11-10T14:51:18","guid":{"rendered":"https:\/\/vikory.com\/produit\/funda-acolchada-negra-para-10-pares-de-baquetas-no-incluidas-firmada-vikory\/"},"modified":"2025-12-01T15:46:19","modified_gmt":"2025-12-01T14:46:19","slug":"funda-acolchada-negra-para-10-pares-de-baquetas-no-incluidas-firmada-vikory","status":"publish","type":"product","link":"https:\/\/vikory.com\/es\/producto\/funda-acolchada-negra-para-10-pares-de-baquetas-no-incluidas-firmada-vikory\/","title":{"rendered":"Funda acolchada negra para 10 pares de baquetas (no incluidas) firmada VIKORY"},"content":{"rendered":"<p>[et_pb_section fb_built=\u00bb1&#8243; _builder_version=\u00bb4.27.4&#8243; custom_padding=\u00bb30px||||false|false\u00bb global_colors_info=\u00bb{}\u00bb][et_pb_row _builder_version=\u00bb4.16&#8243; background_size=\u00bbinitial\u00bb background_position=\u00bbtop_left\u00bb background_repeat=\u00bbrepeat\u00bb width=\u00bb100%\u00bb custom_padding=\u00bb0px||0px||false|false\u00bb global_colors_info=\u00bb{}\u00bb][et_pb_column type=\u00bb4_4&#8243; _builder_version=\u00bb4.16&#8243; custom_padding=\u00bb|||\u00bb global_colors_info=\u00bb{}\u00bb custom_padding__hover=\u00bb|||\u00bb][et_pb_wc_breadcrumb _builder_version=\u00bb4.16&#8243; global_colors_info=\u00bb{}\u00bb][\/et_pb_wc_breadcrumb][et_pb_wc_cart_notice _builder_version=\u00bb4.27.4&#8243; global_colors_info=\u00bb{}\u00bb][\/et_pb_wc_cart_notice][\/et_pb_column][\/et_pb_row][et_pb_row column_structure=\u00bb1_2,1_2&#8243; custom_padding_last_edited=\u00bbon|phone\u00bb _builder_version=\u00bb4.27.4&#8243; background_size=\u00bbinitial\u00bb background_position=\u00bbtop_left\u00bb background_repeat=\u00bbrepeat\u00bb width=\u00bb100%\u00bb custom_padding=\u00bb0px|15px||15px|false|true\u00bb custom_padding_tablet=\u00bb0px|15px||15px|false|true\u00bb custom_padding_phone=\u00bb0px|0px||0px|false|true\u00bb global_colors_info=\u00bb{}\u00bb][et_pb_column type=\u00bb1_2&#8243; _builder_version=\u00bb4.16&#8243; custom_padding=\u00bb|||\u00bb global_colors_info=\u00bb{}\u00bb custom_padding__hover=\u00bb|||\u00bb][et_pb_wc_images _builder_version=\u00bb4.16&#8243; global_colors_info=\u00bb{}\u00bb][\/et_pb_wc_images][\/et_pb_column][et_pb_column type=\u00bb1_2&#8243; _builder_version=\u00bb4.16&#8243; custom_padding=\u00bb|||\u00bb global_colors_info=\u00bb{}\u00bb custom_padding__hover=\u00bb|||\u00bb][et_pb_wc_title _builder_version=\u00bb4.27.4&#8243; custom_margin=\u00bb||15px|||\u00bb global_colors_info=\u00bb{}\u00bb][\/et_pb_wc_title][et_pb_wc_price _builder_version=\u00bb4.16&#8243; custom_margin=\u00bb||17px|||\u00bb global_colors_info=\u00bb{}\u00bb][\/et_pb_wc_price][et_pb_wc_description _builder_version=\u00bb4.16&#8243; global_colors_info=\u00bb{}\u00bb][\/et_pb_wc_description][et_pb_wc_add_to_cart _builder_version=\u00bb4.27.4&#8243; global_colors_info=\u00bb{}\u00bb][\/et_pb_wc_add_to_cart][et_pb_wc_meta _builder_version=\u00bb4.16&#8243; global_colors_info=\u00bb{}\u00bb][\/et_pb_wc_meta][\/et_pb_column][\/et_pb_row][\/et_pb_section][et_pb_section fb_built=\u00bb1&#8243; _builder_version=\u00bb4.27.4&#8243; _module_preset=\u00bbdefault\u00bb background_color=\u00bb#e1e1e1&#8243; custom_padding=\u00bb20px||5px|||\u00bb locked=\u00bboff\u00bb global_colors_info=\u00bb{}\u00bb][et_pb_row _builder_version=\u00bb4.27.4&#8243; _module_preset=\u00bbdefault\u00bb custom_padding=\u00bb8px||0px|||\u00bb global_colors_info=\u00bb{}\u00bb][et_pb_column type=\u00bb4_4&#8243; _builder_version=\u00bb4.27.4&#8243; _module_preset=\u00bbdefault\u00bb global_colors_info=\u00bb{}\u00bb][et_pb_text _builder_version=\u00bb4.27.4&#8243; _dynamic_attributes=\u00bbcontent\u00bb _module_preset=\u00bbdefault\u00bb text_font=\u00bbQuicksand|700|||||||\u00bb text_text_color=\u00bb#212529&#8243; text_font_size=\u00bb27px\u00bb text_line_height=\u00bb32px\u00bb header_text_align=\u00bbcenter\u00bb text_orientation=\u00bbcenter\u00bb custom_margin=\u00bb||16px|||\u00bb locked=\u00bboff\u00bb global_colors_info=\u00bb{}\u00bb]@ET-DC@eyJkeW5hbWljIjp0cnVlLCJjb250ZW50IjoiY3VzdG9tX21ldGFfZmlyc3Rfc2VjdGlvbl9tYWluX3RpdGxlX2NlbnRlciIsInNldHRpbmdzIjp7ImJlZm9yZSI6IiIsImFmdGVyIjoiIiwiZW5hYmxlX2h0bWwiOiJvZmYifX0=@[\/et_pb_text][\/et_pb_column][\/et_pb_row][\/et_pb_section][et_pb_section fb_built=\u00bb1&#8243; _builder_version=\u00bb4.27.4&#8243; _module_preset=\u00bbdefault\u00bb custom_margin=\u00bb-12px|||||\u00bb custom_padding=\u00bb4px||8px|||\u00bb locked=\u00bboff\u00bb global_colors_info=\u00bb{}\u00bb][et_pb_row _builder_version=\u00bb4.27.4&#8243; _module_preset=\u00bbdefault\u00bb global_colors_info=\u00bb{}\u00bb][et_pb_column type=\u00bb4_4&#8243; _builder_version=\u00bb4.27.4&#8243; _module_preset=\u00bbdefault\u00bb global_colors_info=\u00bb{}\u00bb][et_pb_text _builder_version=\u00bb4.27.4&#8243; _module_preset=\u00bbdefault\u00bb global_colors_info=\u00bb{}\u00bb]<\/p>\n<p>La <strong>bolsa de transporte Vikory<\/strong> combina <strong>espacio, resistencia y elegancia<\/strong>. Fabricada con <strong>tejido de primera calidad<\/strong>, proporciona una protecci\u00f3n eficaz para hasta <strong>10 pares de baquetas<\/strong>, a la vez que ofrece un pr\u00e1ctico almacenamiento para tus accesorios o tu almohadilla de pr\u00e1ctica.<br \/>Su <strong>correa ajustable para el hombro<\/strong>, <strong>las correas de gancho para el tambor<\/strong> y <strong>el resistente cierre de cremallera<\/strong> la convierten en un <strong>art\u00edculo imprescindible<\/strong> para todos tus ensayos, clases y giras. <\/p>\n<p>[\/et_pb_text][\/et_pb_column][\/et_pb_row][et_pb_row column_structure=\u00bb1_2,1_2&#8243; _builder_version=\u00bb4.27.4&#8243; _module_preset=\u00bbdefault\u00bb global_colors_info=\u00bb{}\u00bb][et_pb_column type=\u00bb1_2&#8243; _builder_version=\u00bb4.27.4&#8243; _module_preset=\u00bbdefault\u00bb global_colors_info=\u00bb{}\u00bb][et_pb_text _builder_version=\u00bb4.27.4&#8243; _module_preset=\u00bbdefault\u00bb global_colors_info=\u00bb{}\u00bb]<\/p>\n<h3><strong>Destacados<\/strong><\/h3>\n<ul>\n<li><strong>Gran capacidad:<\/strong> hasta 10 pares de palillos o 5 pares + 1 almohadilla de entrenamiento.<\/li>\n<li><strong>Perfectamente organizada:<\/strong> 2 bolsillos interiores grandes + 1 bolsillo peque\u00f1o para accesorios.<\/li>\n<li><strong>F\u00e1cil de transportar:<\/strong> asa ergon\u00f3mica + correa para el hombro ajustable y extra\u00edble.<\/li>\n<li><strong>Uso en el escenario:<\/strong> 2 cuerdas para colgar la bolsa directamente de la bater\u00eda.<\/li>\n<li><strong>Protecci\u00f3n reforzada:<\/strong> tejido de alta densidad + cremallera duradera.<\/li>\n<li><strong>Dise\u00f1o elegante y profesional:<\/strong> esfera con fondo negro y acabado meticuloso de Vikory.<\/li>\n<\/ul>\n<p>[\/et_pb_text][et_pb_wc_add_to_cart _builder_version=\u00bb4.27.4&#8243; global_colors_info=\u00bb{}\u00bb][\/et_pb_wc_add_to_cart][\/et_pb_column][et_pb_column type=\u00bb1_2&#8243; _builder_version=\u00bb4.27.4&#8243; _module_preset=\u00bbdefault\u00bb global_colors_info=\u00bb{}\u00bb][et_pb_image src=\u00bbhttps:\/\/vikory.com\/wp-content\/uploads\/2025\/11\/VIKORY-grand-sac-10-baguettes-batterie-004.jpg\u00bb alt=\u00bbVIKORY Bolsa 4 pares de baquetas\u00bb title_text=\u00bbVIKORY-grand-sac-10-baguettes-batterie-004&#8243; _builder_version=\u00bb4.27.4&#8243; _module_preset=\u00bbdefault\u00bb custom_margin=\u00bb|-29px||||\u00bb custom_margin_tablet=\u00bb|-29px||||\u00bb custom_margin_phone=\u00bb|0px|||false|false\u00bb custom_margin_last_edited=\u00bbon|phone\u00bb border_radii=\u00bbon|5px|5px|5px|5px\u00bb global_colors_info=\u00bb{}\u00bb][\/et_pb_image][\/et_pb_column][\/et_pb_row][et_pb_row column_structure=\u00bb1_2,1_2&#8243; _builder_version=\u00bb4.27.4&#8243; _module_preset=\u00bbdefault\u00bb global_colors_info=\u00bb{}\u00bb][et_pb_column type=\u00bb1_2&#8243; _builder_version=\u00bb4.27.4&#8243; _module_preset=\u00bbdefault\u00bb global_colors_info=\u00bb{}\u00bb][et_pb_image src=\u00bbhttps:\/\/vikory.com\/wp-content\/uploads\/2025\/11\/VIKORY-grand-sac-10-baguettes-batterie-002.jpg\u00bb alt=\u00bbVIKORY Bolsa 10 pares de baquetas\u00bb title_text=\u00bbVIKORY-grand-sac-10-baguettes-batterie-002&#8243; _builder_version=\u00bb4.27.4&#8243; _module_preset=\u00bbdefault\u00bb custom_margin=\u00bb|-29px||||\u00bb custom_margin_tablet=\u00bb|-29px||||\u00bb custom_margin_phone=\u00bb|0px|||false|false\u00bb custom_margin_last_edited=\u00bbon|phone\u00bb border_radii=\u00bbon|5px|5px|5px|5px\u00bb global_colors_info=\u00bb{}\u00bb][\/et_pb_image][\/et_pb_column][et_pb_column type=\u00bb1_2&#8243; _builder_version=\u00bb4.27.4&#8243; _module_preset=\u00bbdefault\u00bb global_colors_info=\u00bb{}\u00bb][et_pb_text _builder_version=\u00bb4.27.4&#8243; _module_preset=\u00bbdefault\u00bb global_colors_info=\u00bb{}\u00bb]<\/p>\n<h3><strong>\ud83d\udee0\ufe0f Especificaciones t\u00e9cnicas  <\/strong><\/h3>\n<ul>\n<li><strong>Marca :<\/strong> Vikory<\/li>\n<li><strong>Modelo :<\/strong> Soporte\/tr\u00edpode de almohadilla de entrenamiento<\/li>\n<li><strong>Altura regulable:<\/strong> de 55 cm a 88 cm<\/li>\n<li><strong>Peso:<\/strong> aprox. 900 g<\/li>\n<li><strong>Rosca:<\/strong> M8 (est\u00e1ndar para la almohadilla motriz)<\/li>\n<li><strong>Pies:<\/strong> De goma antideslizante, plegables<\/li>\n<li><strong>Dimensiones plegado:<\/strong> 50 x 8 x 8 cm<\/li>\n<li><strong>Color:<\/strong> negro<\/li>\n<li><strong>Inclinaci\u00f3n:<\/strong> Cabezal ajustable para un ajuste personalizado<\/li>\n<\/ul>\n<p>[\/et_pb_text][et_pb_button button_url=\u00bb@ET-DC@eyJkeW5hbWljIjp0cnVlLCJjb250ZW50IjoiY3VzdG9tX21ldGFfc2Vjb25kX3NlY3Rpb25fYnV0dG9uX2xpbmsiLCJzZXR0aW5ncyI6eyJiZWZvcmUiOiIiLCJhZnRlciI6IiIsImVuYWJsZV9odG1sIjoib2ZmIn19@\u00bb button_text=\u00bbPide tu coj\u00edn de entrenamiento VIKORY\u00bb module_class=\u00bbinline-list\u00bb _builder_version=\u00bb4.27.4&#8243; _dynamic_attributes=\u00bbbutton_url\u00bb _module_preset=\u00bbdefault\u00bb custom_margin=\u00bb1px||||false|false\u00bb locked=\u00bboff\u00bb global_colors_info=\u00bb{}\u00bb][\/et_pb_button][\/et_pb_column][\/et_pb_row][et_pb_row _builder_version=\u00bb4.27.4&#8243; _module_preset=\u00bbdefault\u00bb global_colors_info=\u00bb{}\u00bb][et_pb_column type=\u00bb4_4&#8243; _builder_version=\u00bb4.27.4&#8243; _module_preset=\u00bbdefault\u00bb global_colors_info=\u00bb{}\u00bb][et_pb_text _builder_version=\u00bb4.27.4&#8243; _module_preset=\u00bbdefault\u00bb global_colors_info=\u00bb{}\u00bb]<\/p>\n<h2><strong>\u00bfA qui\u00e9n va dirigido?<\/strong><\/h2>\n<ul>\n<li><strong>Bateristas aficionados y profesionales <\/strong>que quieren transportar f\u00e1cilmente todo su equipo.<\/li>\n<li><strong>M\u00fasicos de gira<\/strong> que buscan una bolsa resistente, pr\u00e1ctica y compacta.<\/li>\n<li><strong>Profesores y alumnos<\/strong> que necesitan guardar bastones, blocs y accesorios en un solo lugar.<\/li>\n<li><strong>Artistas exigentes<\/strong> que valoran la calidad y la durabilidad.<\/li>\n<\/ul>\n<h2><strong>Consejo profesional<\/strong><\/h2>\n<p>La <strong>bolsa de 10 pares Vikory<\/strong> es perfecta para los m\u00fasicos que alternan entre distintos tipos de baquetas o herramientas (escobillas, varillas, mazas).<br \/>Gracias a sus <strong>2 cordones de sujeci\u00f3n<\/strong>, se puede fijar directamente a un tom o una caja para <strong>acceder r\u00e1pidamente a ella en concierto<\/strong>.<br \/>En su <strong>bolsillo interior<\/strong> tambi\u00e9n puedes guardar tus llaves, sordinas o peque\u00f1os accesorios de escenario.<\/p>\n<h2><strong>\u2757 Ten en cuenta<\/strong><\/h2>\n<p>Este modelo es compatible con la mayor\u00eda de las baquetas est\u00e1ndar (de hasta 42 cm).<br \/>Puede alojar <strong>una almohadilla de pr\u00e1ctica de 8&#8243;<\/strong> en uno de los compartimentos.<br \/>Baquetas y accesorios no incluidos.<\/p>\n<h2><strong>Contenido del paquete<\/strong><\/h2>\n<p>1 \u00d7 Bolsa Vikory de tejido de alta resistencia (capacidad: 10 pares)<br \/>2 \u00d7 Correas de bater\u00eda integradas<br \/>1 \u00d7 Correa para el hombro<\/p>\n<p>[\/et_pb_text][\/et_pb_column][\/et_pb_row][\/et_pb_section][et_pb_section fb_built=\u00bb1&#8243; _builder_version=\u00bb4.27.4&#8243; _module_preset=\u00bbdefault\u00bb locked=\u00bboff\u00bb global_colors_info=\u00bb{}\u00bb][et_pb_row _builder_version=\u00bb4.27.4&#8243; _module_preset=\u00bbdefault\u00bb global_colors_info=\u00bb{}\u00bb][et_pb_column type=\u00bb4_4&#8243; _builder_version=\u00bb4.27.4&#8243; _module_preset=\u00bbdefault\u00bb global_colors_info=\u00bb{}\u00bb][et_pb_text _builder_version=\u00bb4.27.4&#8243; _module_preset=\u00bbdefault\u00bb global_colors_info=\u00bb{}\u00bb]<\/p>\n\n<p>[\/et_pb_text][et_pb_wc_reviews _builder_version=\u00bb4.27.4&#8243; _module_preset=\u00bbdefault\u00bb global_colors_info=\u00bb{}\u00bb][\/et_pb_wc_reviews][\/et_pb_column][\/et_pb_row][\/et_pb_section]<\/p>\n","protected":false},"excerpt":{"rendered":"<p>La bolsa de transporte Vikory combina espacio, resistencia y elegancia. Fabricada con tejido de primera calidad, proporciona una protecci\u00f3n eficaz para hasta 10 pares de baquetas, a la vez que ofrece un pr\u00e1ctico almacenamiento para tus accesorios o tu almohadilla de pr\u00e1ctica.Su correa ajustable para el hombro, las correas de gancho para el tambor y [&hellip;]<\/p>\n","protected":false},"featured_media":10384,"comment_status":"open","ping_status":"closed","template":"","meta":{"_acf_changed":false,"_et_pb_use_builder":"on","_et_pb_old_content":"","_et_gb_content_width":""},"product_brand":[218],"product_cat":[297,444,306,307,412],"product_tag":[],"class_list":{"0":"post-12281","1":"product","2":"type-product","3":"status-publish","4":"has-post-thumbnail","6":"product_brand-vikory-fr","7":"product_cat-5a-es","8":"product_cat-bolsa","9":"product_cat-5b-es","10":"product_cat-7a-es","11":"product_cat-accesorios-de-bateria","12":"pa_size-7a-es-2","14":"first","15":"instock","16":"sale","17":"taxable","18":"shipping-taxable","19":"purchasable","20":"product-type-simple"},"acf":[],"aioseo_notices":[],"_links":{"self":[{"href":"https:\/\/vikory.com\/es\/wp-json\/wp\/v2\/product\/12281","targetHints":{"allow":["GET"]}}],"collection":[{"href":"https:\/\/vikory.com\/es\/wp-json\/wp\/v2\/product"}],"about":[{"href":"https:\/\/vikory.com\/es\/wp-json\/wp\/v2\/types\/product"}],"replies":[{"embeddable":true,"href":"https:\/\/vikory.com\/es\/wp-json\/wp\/v2\/comments?post=12281"}],"wp:featuredmedia":[{"embeddable":true,"href":"https:\/\/vikory.com\/es\/wp-json\/wp\/v2\/media\/10384"}],"wp:attachment":[{"href":"https:\/\/vikory.com\/es\/wp-json\/wp\/v2\/media?parent=12281"}],"wp:term":[{"taxonomy":"product_brand","embeddable":true,"href":"https:\/\/vikory.com\/es\/wp-json\/wp\/v2\/product_brand?post=12281"},{"taxonomy":"product_cat","embeddable":true,"href":"https:\/\/vikory.com\/es\/wp-json\/wp\/v2\/product_cat?post=12281"},{"taxonomy":"product_tag","embeddable":true,"href":"https:\/\/vikory.com\/es\/wp-json\/wp\/v2\/product_tag?post=12281"}],"curies":[{"name":"wp","href":"https:\/\/api.w.org\/{rel}","templated":true}]}}