{"id":9516,"date":"2025-10-26T20:05:52","date_gmt":"2025-10-26T19:05:52","guid":{"rendered":"https:\/\/vikory.com\/?post_type=product&#038;p=9516"},"modified":"2025-12-01T15:51:59","modified_gmt":"2025-12-01T14:51:59","slug":"par-de-baquetas-hexadyn-5a-copie-copie-copie-copie-copie","status":"publish","type":"product","link":"https:\/\/vikory.com\/es\/producto\/par-de-baquetas-hexadyn-5a-copie-copie-copie-copie-copie\/","title":{"rendered":"Vikory Training Pad Stand - Tr\u00edpode compacto y ajustable"},"content":{"rendered":"<p>[et_pb_section fb_built=\u00bb1&#8243; _builder_version=\u00bb4.27.4&#8243; custom_padding=\u00bb30px||||false|false\u00bb global_colors_info=\u00bb{}\u00bb][et_pb_row _builder_version=\u00bb4.16&#8243; background_size=\u00bbinitial\u00bb background_position=\u00bbtop_left\u00bb background_repeat=\u00bbrepeat\u00bb width=\u00bb100%\u00bb custom_padding=\u00bb0px||0px||false|false\u00bb global_colors_info=\u00bb{}\u00bb][et_pb_column type=\u00bb4_4&#8243; _builder_version=\u00bb4.16&#8243; custom_padding=\u00bb|||\u00bb global_colors_info=\u00bb{}\u00bb custom_padding__hover=\u00bb|||\u00bb][et_pb_wc_breadcrumb _builder_version=\u00bb4.16&#8243; global_colors_info=\u00bb{}\u00bb][\/et_pb_wc_breadcrumb][et_pb_wc_cart_notice _builder_version=\u00bb4.27.4&#8243; global_colors_info=\u00bb{}\u00bb][\/et_pb_wc_cart_notice][\/et_pb_column][\/et_pb_row][et_pb_row column_structure=\u00bb1_2,1_2&#8243; custom_padding_last_edited=\u00bbon|phone\u00bb _builder_version=\u00bb4.27.4&#8243; background_size=\u00bbinitial\u00bb background_position=\u00bbtop_left\u00bb background_repeat=\u00bbrepeat\u00bb width=\u00bb100%\u00bb custom_padding=\u00bb0px|15px||15px|false|true\u00bb custom_padding_tablet=\u00bb0px|15px||15px|false|true\u00bb custom_padding_phone=\u00bb0px|0px||0px|false|true\u00bb global_colors_info=\u00bb{}\u00bb][et_pb_column type=\u00bb1_2&#8243; _builder_version=\u00bb4.16&#8243; custom_padding=\u00bb|||\u00bb global_colors_info=\u00bb{}\u00bb custom_padding__hover=\u00bb|||\u00bb][et_pb_wc_images _builder_version=\u00bb4.16&#8243; global_colors_info=\u00bb{}\u00bb][\/et_pb_wc_images][\/et_pb_column][et_pb_column type=\u00bb1_2&#8243; _builder_version=\u00bb4.16&#8243; custom_padding=\u00bb|||\u00bb global_colors_info=\u00bb{}\u00bb custom_padding__hover=\u00bb|||\u00bb][et_pb_wc_title _builder_version=\u00bb4.27.4&#8243; custom_margin=\u00bb||15px|||\u00bb global_colors_info=\u00bb{}\u00bb][\/et_pb_wc_title][et_pb_wc_price _builder_version=\u00bb4.16&#8243; custom_margin=\u00bb||17px|||\u00bb global_colors_info=\u00bb{}\u00bb][\/et_pb_wc_price][et_pb_wc_description _builder_version=\u00bb4.16&#8243; global_colors_info=\u00bb{}\u00bb][\/et_pb_wc_description][et_pb_wc_add_to_cart _builder_version=\u00bb4.27.4&#8243; global_colors_info=\u00bb{}\u00bb][\/et_pb_wc_add_to_cart][et_pb_wc_meta _builder_version=\u00bb4.16&#8243; global_colors_info=\u00bb{}\u00bb][\/et_pb_wc_meta][\/et_pb_column][\/et_pb_row][\/et_pb_section][et_pb_section fb_built=\u00bb1&#8243; _builder_version=\u00bb4.27.4&#8243; _module_preset=\u00bbdefault\u00bb background_color=\u00bb#e1e1e1&#8243; custom_padding=\u00bb20px||5px|||\u00bb locked=\u00bboff\u00bb global_colors_info=\u00bb{}\u00bb][et_pb_row _builder_version=\u00bb4.27.4&#8243; _module_preset=\u00bbdefault\u00bb custom_padding=\u00bb8px||0px|||\u00bb global_colors_info=\u00bb{}\u00bb][et_pb_column type=\u00bb4_4&#8243; _builder_version=\u00bb4.27.4&#8243; _module_preset=\u00bbdefault\u00bb global_colors_info=\u00bb{}\u00bb][et_pb_text _builder_version=\u00bb4.27.4&#8243; _dynamic_attributes=\u00bbcontent\u00bb _module_preset=\u00bbdefault\u00bb text_font=\u00bbQuicksand|700|||||||\u00bb text_text_color=\u00bb#212529&#8243; text_font_size=\u00bb27px\u00bb text_line_height=\u00bb32px\u00bb header_text_align=\u00bbcenter\u00bb text_orientation=\u00bbcenter\u00bb custom_margin=\u00bb||16px|||\u00bb locked=\u00bboff\u00bb global_colors_info=\u00bb{}\u00bb]@ET-DC@eyJkeW5hbWljIjp0cnVlLCJjb250ZW50IjoiY3VzdG9tX21ldGFfZmlyc3Rfc2VjdGlvbl9tYWluX3RpdGxlX2NlbnRlciIsInNldHRpbmdzIjp7ImJlZm9yZSI6IiIsImFmdGVyIjoiIiwiZW5hYmxlX2h0bWwiOiJvZmYifX0=@[\/et_pb_text][\/et_pb_column][\/et_pb_row][\/et_pb_section][et_pb_section fb_built=\u00bb1&#8243; _builder_version=\u00bb4.27.4&#8243; _module_preset=\u00bbdefault\u00bb custom_margin=\u00bb-12px|||||\u00bb custom_padding=\u00bb4px||8px|||\u00bb locked=\u00bboff\u00bb global_colors_info=\u00bb{}\u00bb][et_pb_row _builder_version=\u00bb4.27.4&#8243; _module_preset=\u00bbdefault\u00bb global_colors_info=\u00bb{}\u00bb][et_pb_column type=\u00bb4_4&#8243; _builder_version=\u00bb4.27.4&#8243; _module_preset=\u00bbdefault\u00bb global_colors_info=\u00bb{}\u00bb][et_pb_text _builder_version=\u00bb4.27.4&#8243; _module_preset=\u00bbdefault\u00bb global_colors_info=\u00bb{}\u00bb]<\/p>\n<h2><strong>Vikory Training Pad Stand - Tr\u00edpode compacto y ajustable<\/strong><\/h2>\n<p><strong>Lleva tu pad a cualquier parte, permanece estable en todas partes.<\/strong><br \/>El soporte para pads de pr\u00e1ctica Vikory es <strong>ligero, plegable, ultraestable<\/strong> y est\u00e1 dise\u00f1ado para <strong>bateristas exigentes<\/strong>, ni\u00f1os y adultos por igual.<br \/>\u00a1Un <strong>accesorio esencial<\/strong> para practicar c\u00f3modamente en casa, en el estudio o de gira!<\/p>\n<p>[\/et_pb_text][\/et_pb_column][\/et_pb_row][et_pb_row column_structure=\u00bb1_2,1_2&#8243; _builder_version=\u00bb4.27.4&#8243; _module_preset=\u00bbdefault\u00bb global_colors_info=\u00bb{}\u00bb][et_pb_column type=\u00bb1_2&#8243; _builder_version=\u00bb4.27.4&#8243; _module_preset=\u00bbdefault\u00bb global_colors_info=\u00bb{}\u00bb][et_pb_text _builder_version=\u00bb4.27.4&#8243; _module_preset=\u00bbdefault\u00bb global_colors_info=\u00bb{}\u00bb]<\/p>\n<h3><strong>Destacados<\/strong><\/h3>\n<ul>\n<li style=\"list-style-type: none;\">\n<ul>\n<li><strong>Compatible con todas las almohadillas de tornillo M8<\/strong> (rosca M8)<\/li>\n<li><strong>\u00c1ngulo ajustable para<\/strong> adaptarse a tu postura<\/li>\n<li><strong>Altura regulable <\/strong> de 55 a 88 cm para adaptarse a todas las edades<\/li>\n<li><strong>Pies de goma antideslizantes<\/strong> para una estabilidad perfecta<\/li>\n<li><strong>Dise\u00f1o plegable y compacto<\/strong> (50 x 8 x 8 cm plegado)<\/li>\n<li><strong>Ligero <\/strong>, s\u00f3lo 900 g<\/li>\n<\/ul>\n<\/li>\n<\/ul>\n<p>[\/et_pb_text][et_pb_wc_add_to_cart _builder_version=\u00bb4.27.4&#8243; global_colors_info=\u00bb{}\u00bb][\/et_pb_wc_add_to_cart][\/et_pb_column][et_pb_column type=\u00bb1_2&#8243; _builder_version=\u00bb4.27.4&#8243; _module_preset=\u00bbdefault\u00bb global_colors_info=\u00bb{}\u00bb][et_pb_image src=\u00bbhttps:\/\/vikory.com\/wp-content\/uploads\/2025\/10\/VIKORY-Pied-Pad-006.jpg\u00bb alt=\u00bbPie para almohadilla de entrenamiento VIKORY\u00bb title_text=\u00bbVIKORY-Pad-006&#8243; _builder_version=\u00bb4.27.4&#8243; _module_preset=\u00bbdefault\u00bb custom_margin=\u00bb|-29px||||\u00bb custom_margin_tablet=\u00bb|-29px||||\u00bb custom_margin_phone=\u00bb|0px|||false|false\u00bb custom_margin_last_edited=\u00bbon|phone\u00bb border_radii=\u00bbon|5px|5px|5px|5px\u00bb global_colors_info=\u00bb{}\u00bb][\/et_pb_image][\/et_pb_column][\/et_pb_row][et_pb_row column_structure=\u00bb1_2,1_2&#8243; _builder_version=\u00bb4.27.4&#8243; _module_preset=\u00bbdefault\u00bb global_colors_info=\u00bb{}\u00bb][et_pb_column type=\u00bb1_2&#8243; _builder_version=\u00bb4.27.4&#8243; _module_preset=\u00bbdefault\u00bb global_colors_info=\u00bb{}\u00bb][et_pb_image src=\u00bbhttps:\/\/vikory.com\/wp-content\/uploads\/2025\/10\/VIKORY-pad-noir-8-pouces-avec-pied.jpg\u00bb alt=\u00bbVIKORY soporte para pad de pr\u00e1ctica de bater\u00eda\u00bb title_text=\u00bbVIKORY-pad-negro-8-pulgadas-con-pie\u00bb _builder_version=\u00bb4.27.4&#8243; _module_preset=\u00bbdefault\u00bb custom_margin=\u00bb|-29px||||\u00bb custom_margin_tablet=\u00bb|-29px||||\u00bb custom_margin_phone=\u00bb|0px|||false|false\u00bb custom_margin_last_edited=\u00bbon|phone\u00bb border_radii=\u00bbon|5px|5px|5px|5px\u00bb global_colors_info=\u00bb{}\u00bb][\/et_pb_image][\/et_pb_column][et_pb_column type=\u00bb1_2&#8243; _builder_version=\u00bb4.27.4&#8243; _module_preset=\u00bbdefault\u00bb global_colors_info=\u00bb{}\u00bb][et_pb_text _builder_version=\u00bb4.27.4&#8243; _module_preset=\u00bbdefault\u00bb global_colors_info=\u00bb{}\u00bb]<\/p>\n<h3><strong>\ud83d\udee0\ufe0f Especificaciones t\u00e9cnicas  <\/strong><\/h3>\n<ul>\n<li><strong>Marca :<\/strong> Vikory<\/li>\n<li><strong>Modelo :<\/strong> Soporte\/tr\u00edpode de almohadilla de entrenamiento<\/li>\n<li><strong>Altura regulable:<\/strong> de 55 cm a 88 cm<\/li>\n<li><strong>Peso:<\/strong> aprox. 900 g<\/li>\n<li><strong>Rosca:<\/strong> M8 (est\u00e1ndar para la almohadilla motriz)<\/li>\n<li><strong>Pies:<\/strong> De goma antideslizante, plegables<\/li>\n<li><strong>Dimensiones plegado:<\/strong> 50 x 8 x 8 cm<\/li>\n<li><strong>Color:<\/strong> negro<\/li>\n<li><strong>Inclinaci\u00f3n:<\/strong> Cabezal ajustable para un ajuste personalizado<\/li>\n<\/ul>\n<p>[\/et_pb_text][et_pb_button button_url=\u00bb@ET-DC@eyJkeW5hbWljIjp0cnVlLCJjb250ZW50IjoiY3VzdG9tX21ldGFfc2Vjb25kX3NlY3Rpb25fYnV0dG9uX2xpbmsiLCJzZXR0aW5ncyI6eyJiZWZvcmUiOiIiLCJhZnRlciI6IiIsImVuYWJsZV9odG1sIjoib2ZmIn19@\u00bb button_text=\u00bbPide tu coj\u00edn de entrenamiento VIKORY\u00bb module_class=\u00bbinline-list\u00bb _builder_version=\u00bb4.27.4&#8243; _dynamic_attributes=\u00bbbutton_url\u00bb _module_preset=\u00bbdefault\u00bb custom_margin=\u00bb1px||||false|false\u00bb locked=\u00bboff\u00bb global_colors_info=\u00bb{}\u00bb][\/et_pb_button][\/et_pb_column][\/et_pb_row][et_pb_row _builder_version=\u00bb4.27.4&#8243; _module_preset=\u00bbdefault\u00bb global_colors_info=\u00bb{}\u00bb][et_pb_column type=\u00bb4_4&#8243; _builder_version=\u00bb4.27.4&#8243; _module_preset=\u00bbdefault\u00bb global_colors_info=\u00bb{}\u00bb][et_pb_text _builder_version=\u00bb4.27.4&#8243; _module_preset=\u00bbdefault\u00bb global_colors_info=\u00bb{}\u00bb]<\/p>\n<h2><strong>\u00bfA qui\u00e9n va dirigido?<\/strong><\/h2>\n<ul>\n<li><strong>Principiantes<\/strong> que buscan apoyo estable en casa.<\/li>\n<li><strong>M\u00fasicos n\u00f3madas<\/strong> que quieren practicar sobre la marcha.<\/li>\n<li><strong>Bateristas experimentados<\/strong> que quieren perfeccionar su t\u00e9cnica sin molestar a los que les rodean.<\/li>\n<\/ul>\n<h2><strong>Consejo profesional<\/strong><\/h2>\n<p>El soporte Vikory te da la sensaci\u00f3n realista del pad incluso cuando no est\u00e1s usando el kit. El \u00e1ngulo ajustable es perfecto para reproducir la inclinaci\u00f3n de tus toms o caja. <\/p>\n<h2><strong>\u2757 Ten en cuenta<\/strong><\/h2>\n<p>El coj\u00edn de entrenamiento no est\u00e1 incluido. Se vende por separado en nuestra tienda. <\/p>\n<h2><strong>Contenido del paquete<\/strong><\/h2>\n<p>1 x Tr\u00edpode ajustable Vikory para almohadilla de entrenamiento<\/p>\n<p>[\/et_pb_text][\/et_pb_column][\/et_pb_row][\/et_pb_section][et_pb_section fb_built=\u00bb1&#8243; _builder_version=\u00bb4.27.4&#8243; _module_preset=\u00bbdefault\u00bb locked=\u00bboff\u00bb global_colors_info=\u00bb{}\u00bb][et_pb_row _builder_version=\u00bb4.27.4&#8243; _module_preset=\u00bbdefault\u00bb global_colors_info=\u00bb{}\u00bb][et_pb_column type=\u00bb4_4&#8243; _builder_version=\u00bb4.27.4&#8243; _module_preset=\u00bbdefault\u00bb global_colors_info=\u00bb{}\u00bb][et_pb_text _builder_version=\u00bb4.27.4&#8243; _module_preset=\u00bbdefault\u00bb global_colors_info=\u00bb{}\u00bb]<\/p>\n\n<p>[\/et_pb_text][et_pb_wc_reviews _builder_version=\u00bb4.27.4&#8243; _module_preset=\u00bbdefault\u00bb global_colors_info=\u00bb{}\u00bb][\/et_pb_wc_reviews][\/et_pb_column][\/et_pb_row][\/et_pb_section]<\/p>\n","protected":false},"excerpt":{"rendered":"<p><strong>Soporte plegable para el coj\u00edn de entrenamiento Vikory.<\/strong>  Ligero, estable, regulable en altura e inclinaci\u00f3n. Ideal para bateristas principiantes y avanzados. <\/p>\n","protected":false},"featured_media":9496,"comment_status":"open","ping_status":"closed","template":"","meta":{"_acf_changed":false,"_et_pb_use_builder":"on","_et_pb_old_content":"","_et_gb_content_width":""},"product_brand":[218],"product_cat":[398],"product_tag":[],"class_list":{"0":"post-9516","1":"product","2":"type-product","3":"status-publish","4":"has-post-thumbnail","6":"product_brand-vikory-fr","7":"product_cat-pad-de-practica","8":"pa_size-7a-es-2","10":"first","11":"instock","12":"taxable","13":"shipping-taxable","14":"purchasable","15":"product-type-simple"},"acf":[],"aioseo_notices":[],"_links":{"self":[{"href":"https:\/\/vikory.com\/es\/wp-json\/wp\/v2\/product\/9516","targetHints":{"allow":["GET"]}}],"collection":[{"href":"https:\/\/vikory.com\/es\/wp-json\/wp\/v2\/product"}],"about":[{"href":"https:\/\/vikory.com\/es\/wp-json\/wp\/v2\/types\/product"}],"replies":[{"embeddable":true,"href":"https:\/\/vikory.com\/es\/wp-json\/wp\/v2\/comments?post=9516"}],"wp:featuredmedia":[{"embeddable":true,"href":"https:\/\/vikory.com\/es\/wp-json\/wp\/v2\/media\/9496"}],"wp:attachment":[{"href":"https:\/\/vikory.com\/es\/wp-json\/wp\/v2\/media?parent=9516"}],"wp:term":[{"taxonomy":"product_brand","embeddable":true,"href":"https:\/\/vikory.com\/es\/wp-json\/wp\/v2\/product_brand?post=9516"},{"taxonomy":"product_cat","embeddable":true,"href":"https:\/\/vikory.com\/es\/wp-json\/wp\/v2\/product_cat?post=9516"},{"taxonomy":"product_tag","embeddable":true,"href":"https:\/\/vikory.com\/es\/wp-json\/wp\/v2\/product_tag?post=9516"}],"curies":[{"name":"wp","href":"https:\/\/api.w.org\/{rel}","templated":true}]}}